{"id":112971,"date":"2026-02-24T00:00:00","date_gmt":"2026-02-23T23:00:00","guid":{"rendered":"http:\/\/gpl-love.com\/fr\/produit\/ithemes-security-pro-wordpress-security-plugin\/"},"modified":"2026-03-20T23:20:35","modified_gmt":"2026-03-20T22:20:35","slug":"ithemes-security-pro-wordpress-security-plugin","status":"publish","type":"product","link":"https:\/\/gpl-love.com\/fr\/produit\/ithemes-security-pro-wordpress-security-plugin\/","title":{"rendered":"Solid Security Pro 8.7.0"},"content":{"rendered":"<h3>Solid Security Pro Traits<\/h3>\n<p>Ithemes Security Pro, un plugin de s\u00e9curit\u00e9 WordPress tr\u00e8s efficace, a \u00e9t\u00e9 sp\u00e9cifiquement d\u00e9velopp\u00e9 pour prot\u00e9ger votre site Web contre les menaces potentielles, les pirates et diverses formes d&rsquo;attaques malveillantes. Ce plugin exceptionnel dispose d&rsquo;une large gamme de fonctionnalit\u00e9s de pointe m\u00e9ticuleusement con\u00e7ues pour garantir la plus grande s\u00e9curit\u00e9 et la s\u00e9curit\u00e9 de votre site WordPress. Certaines de ces fonctionnalit\u00e9s exceptionnelles incluent l&rsquo;authentification \u00e0 deux facteurs, la num\u00e9risation et l&rsquo;\u00e9radication des logiciels malveillants proactifs, la d\u00e9tection de changement de fichier sans couture, la protection in\u00e9branlable de la force brute et un \u00e9ventail d&rsquo;autres fonctionnalit\u00e9s remarquables. En utilisant son tableau de bord intuitivement con\u00e7u, m\u00eame les individus d\u00e9pourvus d&rsquo;expertise technique peuvent \u00e9tablir et g\u00e9rer sans effort leurs param\u00e8tres de s\u00e9curit\u00e9. Sans aucun doute, Ithemes Security Pro appara\u00eet comme la solution ultime et fiable pour fortifier votre site WordPress, offrant ainsi une tranquillit\u00e9 d&rsquo;esprit in\u00e9gal\u00e9e \u00e0 vous et \u00e0 vos inestimables utilisateurs.<\/p>\n<ul>\n<li>Fournit des mesures de s\u00e9curit\u00e9 avanc\u00e9es pour les sites Web WordPress<\/li>\n<li>Bloque l&rsquo;activit\u00e9 suspecte et les menaces potentielles<\/li>\n<li>Comprend une m\u00e9thode d&rsquo;authentification \u00e0 deux facteurs pour une couche de s\u00e9curit\u00e9 suppl\u00e9mentaire<\/li>\n<li>Scans pour les vuln\u00e9rabilit\u00e9s et sugg\u00e8re des correctifs<\/li>\n<li>Permet la gestion des r\u00f4les des utilisateurs et les politiques de mot de passe<\/li>\n<li>Journaux et suit toute activit\u00e9 sur le site Web pour une surveillance facile<\/li>\n<li>Active SSL sur votre site pour une communication s\u00e9curis\u00e9e<\/li>\n<li>Peut s&rsquo;int\u00e9grer \u00e0 d&rsquo;autres mesures de s\u00e9curit\u00e9, telles que Google Recaptcha et les services de balayage de logiciels malveillants<\/li>\n<li>Offre un support premium et des mises \u00e0 jour automatiques pour plus de tranquillit\u00e9 d&rsquo;esprit<\/li>\n<li>Compatible avec les r\u00e9seaux multisites WordPress<\/li>\n<\/ul>\n","protected":false},"excerpt":{"rendered":"<p>Exp\u00e9rience des niveaux de s\u00e9curit\u00e9 sans pr\u00e9c\u00e9dent pour votre site Web WordPress avec l&rsquo;installation du plugin tr\u00e8s efficace Ithemes Security Pro, qui poss\u00e8de une collection de fonctionnalit\u00e9s remarquables qui servent \u00e0 fortifier la d\u00e9fense de votre site Web contre divers risques potentiels. Parmi ces fonctionnalit\u00e9s exceptionnelles figurent l&rsquo;authentification \u00e0 deux facteurs, un syst\u00e8me robuste qui assure une couche suppl\u00e9mentaire de v\u00e9rification pour les utilisateurs autoris\u00e9s, une protection contre la force brute, un formidable bouclier contre les tentatives implacables et malveillantes pour obtenir un acc\u00e8s non autoris\u00e9 et une analyse des logiciels malveillants complets, une pointe de pointe, \u00e0 la pointe d&rsquo;une pointe, \u00e0 la coupe Technologie d\u00e9di\u00e9e \u00e0 la d\u00e9tection et \u00e0 l&rsquo;\u00e9limination de tout logiciel malveillant qui peut constituer une menace pour l&rsquo;int\u00e9grit\u00e9 de votre site Web. En utilisant Ithemes Security Pro, vous pouvez prot\u00e9ger votre pr\u00e9cieux site Web \u00e0 partir de dangers potentiels, en vous r\u00e9concidant qu&rsquo;il est fermement prot\u00e9g\u00e9 par cet outil de s\u00e9curit\u00e9 exceptionnel.<\/p>\n","protected":false},"featured_media":144249,"comment_status":"open","ping_status":"open","template":"","meta":[],"product_brand":[2466],"product_cat":[1187,1181,1186],"product_tag":[2368],"class_list":{"0":"post-112971","1":"product","2":"type-product","3":"status-publish","4":"has-post-thumbnail","6":"product_brand-solidwp","7":"product_cat-administration-wordpress-plugins","8":"product_cat-plugins","9":"product_cat-wordpress-plugins","10":"product_tag-solidwp","11":"member-discount","12":"discount-restricted","14":"first","15":"instock","16":"sale","17":"downloadable","18":"virtual","19":"sold-individually","20":"purchasable","21":"product-type-simple"},"_links":{"self":[{"href":"https:\/\/gpl-love.com\/fr\/wp-json\/wp\/v2\/product\/112971","targetHints":{"allow":["GET"]}}],"collection":[{"href":"https:\/\/gpl-love.com\/fr\/wp-json\/wp\/v2\/product"}],"about":[{"href":"https:\/\/gpl-love.com\/fr\/wp-json\/wp\/v2\/types\/product"}],"replies":[{"embeddable":true,"href":"https:\/\/gpl-love.com\/fr\/wp-json\/wp\/v2\/comments?post=112971"}],"wp:featuredmedia":[{"embeddable":true,"href":"https:\/\/gpl-love.com\/fr\/wp-json\/wp\/v2\/media\/144249"}],"wp:attachment":[{"href":"https:\/\/gpl-love.com\/fr\/wp-json\/wp\/v2\/media?parent=112971"}],"wp:term":[{"taxonomy":"product_brand","embeddable":true,"href":"https:\/\/gpl-love.com\/fr\/wp-json\/wp\/v2\/product_brand?post=112971"},{"taxonomy":"product_cat","embeddable":true,"href":"https:\/\/gpl-love.com\/fr\/wp-json\/wp\/v2\/product_cat?post=112971"},{"taxonomy":"product_tag","embeddable":true,"href":"https:\/\/gpl-love.com\/fr\/wp-json\/wp\/v2\/product_tag?post=112971"}],"curies":[{"name":"wp","href":"https:\/\/api.w.org\/{rel}","templated":true}]}}