{"id":112969,"date":"2025-03-03T00:00:00","date_gmt":"2025-03-02T23:00:00","guid":{"rendered":"http:\/\/gpl-love.com\/fr\/produit\/golo-city-guide-wordpress-theme\/"},"modified":"2026-03-20T23:17:14","modified_gmt":"2026-03-20T22:17:14","slug":"golo-city-guide-wordpress-theme","status":"publish","type":"product","link":"https:\/\/gpl-love.com\/fr\/produit\/golo-city-guide-wordpress-theme\/","title":{"rendered":"Golo City Guide WordPress Theme 1.6.12"},"content":{"rendered":"<h3>Golo City Guide WordPress Theme Traits<\/h3>\n<p>Le th\u00e8me WordPress du Golo City Guide est un th\u00e8me incroyablement robuste et intuitivement con\u00e7u qui s&rsquo;adresse sp\u00e9cifiquement aux blogueurs de voyage, aux guides de la ville et aux agences de voyage. B\u00e9n\u00e9ficiant d&rsquo;un design immacul\u00e9 et contemporain, ce th\u00e8me fournit une plate-forme exceptionnelle pour montrer visuellement votre destination souhait\u00e9e d&rsquo;une mani\u00e8re captivante et visuellement frappante. Avec ses options de personnalisation remarquablement conviviales, le th\u00e8me WordPress du guide de Golo City vous permet de forger sans effort un site Web distinctif qui refl\u00e8te authentiquement l&rsquo;individualit\u00e9 et le caract\u00e8re de votre propre marque unique. De plus, ce th\u00e8me propose un \u00e9ventail de fonctionnalit\u00e9s avanc\u00e9es, y compris l&rsquo;int\u00e9gration transparente avec Google Maps, l&rsquo;inclusion de formulaires de r\u00e9servation et la possibilit\u00e9 pour les utilisateurs de laisser des critiques perspicaces. Par cons\u00e9quent, ce th\u00e8me facilite de mani\u00e8re transparente le processus de vos visiteurs \u00e0 trouver pr\u00e9cis\u00e9ment ce qu&rsquo;ils recherchent. En r\u00e9sum\u00e9, le th\u00e8me WordPress du guide de Golo City pr\u00e9sente un choix exceptionnel pour ceux qui aspirent \u00e0 cr\u00e9er un site Web de voyage vraiment extraordinaire qui se distingue sans effort de la vaste mer de contenu en ligne banal.<\/p>\n<ul>\n<li>Un th\u00e8me WordPress moderne et r\u00e9actif con\u00e7u pour les guides de la ville et les blogueurs de voyage.<\/li>\n<li>Comprend des mod\u00e8les pr\u00e9-con\u00e7us pour les villes, les monuments, les restaurants et les activit\u00e9s pour faciliter la cr\u00e9ation de contenu.<\/li>\n<li>Les cartes personnalisables et les fonctionnalit\u00e9s de g\u00e9olocalisation permettent aux utilisateurs de planifier facilement leur itin\u00e9raire et de cartographier leur voyage.<\/li>\n<li>Les fonctionnalit\u00e9s de recherche avanc\u00e9es permettent aux utilisateurs de trouver facilement exactement ce qu&rsquo;ils recherchent dans une ville.<\/li>\n<li>L&rsquo;int\u00e9gration int\u00e9gr\u00e9e des m\u00e9dias sociaux permet aux utilisateurs de partager facilement leurs exp\u00e9riences de voyage et leurs recommandations sur les plateformes de m\u00e9dias sociaux populaires.<\/li>\n<li>Le r\u00e9f\u00e9rencement optimis\u00e9 pour assurer une grande visibilit\u00e9 dans les moteurs de recherche et attirer le trafic organique.<\/li>\n<li>L&rsquo;int\u00e9gration WooCommerce permet aux utilisateurs de mon\u00e9tiser leur site Web avec des liens d&rsquo;affiliation vers des h\u00f4tels, des restaurants et des soci\u00e9t\u00e9s de voyages.<\/li>\n<li>Compatible avec plusieurs langues pour r\u00e9pondre \u00e0 un public mondial.<\/li>\n<li>Mises \u00e0 jour r\u00e9guli\u00e8res et support client pour s&rsquo;assurer que le th\u00e8me est toujours \u00e0 jour et fonctionne bien.<\/li>\n<\/ul>\n","protected":false},"excerpt":{"rendered":"<p>Le th\u00e8me WordPress du guide de Golo City s&rsquo;av\u00e8re \u00eatre une solution exemplaire pour ceux qui cherchent \u00e0 fa\u00e7onner un site Web de Guide de la ville immersif et \u00e9clairant. Arm\u00e9 de ses outils d&rsquo;\u00e9dition conviviaux et de ses fonctionnalit\u00e9s adaptables, ce th\u00e8me permet aux utilisateurs de forger rapidement un site Web professionnel et visuellement frappant. Parmi ses attributs notables figurent un moteur de r\u00e9servation, des cartes interactives, des options de recherche personnalisables et l&rsquo;inclusion des avis des clients. De plus, le th\u00e8me WordPress du guide de Golo City poss\u00e8de une r\u00e9activit\u00e9 compl\u00e8te, garantissant ainsi un attrait esth\u00e9tique optimal et des fonctionnalit\u00e9s transparentes sur tous les appareils. Que l&rsquo;on se lance dans le voyage de cr\u00e9ation d&rsquo;un nouveau site Web de Guide de la ville ou s&rsquo;efforce de r\u00e9viser un nouveau th\u00e8me WordPress de Golo City Guide est un choix formidable pour tout d\u00e9veloppeur ou entrepreneur entreprenant.<\/p>\n","protected":false},"featured_media":144032,"comment_status":"open","ping_status":"open","template":"","meta":[],"product_brand":[2433],"product_cat":[1516,1212,1213],"product_tag":[1366],"class_list":{"0":"post-112969","1":"product","2":"type-product","3":"status-publish","4":"has-post-thumbnail","6":"product_brand-themeforest","7":"product_cat-entreprise","8":"product_cat-themes","9":"product_cat-wordpress-themes","10":"product_tag-themeforest","11":"member-discount","12":"discount-restricted","14":"first","15":"instock","16":"sale","17":"downloadable","18":"virtual","19":"sold-individually","20":"purchasable","21":"product-type-simple"},"_links":{"self":[{"href":"https:\/\/gpl-love.com\/fr\/wp-json\/wp\/v2\/product\/112969","targetHints":{"allow":["GET"]}}],"collection":[{"href":"https:\/\/gpl-love.com\/fr\/wp-json\/wp\/v2\/product"}],"about":[{"href":"https:\/\/gpl-love.com\/fr\/wp-json\/wp\/v2\/types\/product"}],"replies":[{"embeddable":true,"href":"https:\/\/gpl-love.com\/fr\/wp-json\/wp\/v2\/comments?post=112969"}],"wp:featuredmedia":[{"embeddable":true,"href":"https:\/\/gpl-love.com\/fr\/wp-json\/wp\/v2\/media\/144032"}],"wp:attachment":[{"href":"https:\/\/gpl-love.com\/fr\/wp-json\/wp\/v2\/media?parent=112969"}],"wp:term":[{"taxonomy":"product_brand","embeddable":true,"href":"https:\/\/gpl-love.com\/fr\/wp-json\/wp\/v2\/product_brand?post=112969"},{"taxonomy":"product_cat","embeddable":true,"href":"https:\/\/gpl-love.com\/fr\/wp-json\/wp\/v2\/product_cat?post=112969"},{"taxonomy":"product_tag","embeddable":true,"href":"https:\/\/gpl-love.com\/fr\/wp-json\/wp\/v2\/product_tag?post=112969"}],"curies":[{"name":"wp","href":"https:\/\/api.w.org\/{rel}","templated":true}]}}