{"id":112965,"date":"2021-09-18T00:00:00","date_gmt":"2021-09-17T22:00:00","guid":{"rendered":"http:\/\/gpl-love.com\/fr\/produit\/bifrost-simple-elementor-wordpress-theme\/"},"modified":"2026-03-20T22:56:15","modified_gmt":"2026-03-20T21:56:15","slug":"bifrost-simple-elementor-wordpress-theme","status":"publish","type":"product","link":"https:\/\/gpl-love.com\/fr\/produit\/bifrost-simple-elementor-wordpress-theme\/","title":{"rendered":"Bifrost Simple Elementor WordPress Theme 2.2.2"},"content":{"rendered":"<h3>Bifrost Simple Elementor WordPress Theme Traits<\/h3>\n<p>Le th\u00e8me WordPress Elementor Bifrost Simple Elementor est un exemple exemplaire d&rsquo;un th\u00e8me convivial et moderne qui offre sans effort une exp\u00e9rience de cr\u00e9ation de site Web in\u00e9gal\u00e9e. En vertu de son constructeur de page d&rsquo;\u00e9l\u00e9ment de glisser-d\u00e9poser et extr\u00eamement intuitif et extr\u00eamement intuitif, le processus de cr\u00e9ation d&rsquo;un site Web visuellement captivant et esth\u00e9tique est extr\u00eamement simplifi\u00e9 et rationalis\u00e9. Il convient de mentionner que le th\u00e8me Simple Bifrost propose \u00e9galement un large \u00e9ventail de mod\u00e8les et de blocs m\u00e9ticuleusement pr\u00e9-con\u00e7us, facilitant ainsi un niveau sans pr\u00e9c\u00e9dent de personnalisation et de flexibilit\u00e9 de conception, le tout sans n\u00e9cessiter de connaissances ou d&rsquo;expertise de codage pr\u00e9alables. De plus, ce th\u00e8me se vante d&rsquo;\u00eatre pleinement r\u00e9actif, garantissant ainsi que votre site Web se pr\u00e9sentera syst\u00e9matiquement de mani\u00e8re optimale sur tous les appareils et tailles d&rsquo;\u00e9cran. En outre, il est imp\u00e9ratif de souligner que le th\u00e8me WordPress Elementor Bifrost Simple Elementor a \u00e9t\u00e9 m\u00e9ticuleusement optimis\u00e9 pour l&rsquo;optimisation des moteurs de recherche (SEO), garantissant ainsi que votre site Web est en mesure d&rsquo;atteindre un classement louable sur divers moteurs de recherche. Compte tenu de ces caract\u00e9ristiques et attributs remarquables, il devient clairement clair que le th\u00e8me WordPress Elementor Bifrost Simple Elementor est la solution id\u00e9ale pour les blogueurs, les pigistes et les petites entreprises qui aspirent \u00e0 une pr\u00e9sence en ligne \u00e0 la fois professionnelle et \u00e9l\u00e9gante.<\/p>\n<ul>\n<li>Design propre et moderne avec une esth\u00e9tique minimaliste<\/li>\n<li>Enti\u00e8rement personnalisable avec Elementor Page Builder<\/li>\n<li>Compatible avec l&rsquo;\u00e9diteur de Gutenberg<\/li>\n<li>Mobile r\u00e9actif et optimis\u00e9 pour les temps de chargement de page rapides<\/li>\n<li>Comprend une vari\u00e9t\u00e9 de mod\u00e8les et de pages pr\u00e9-con\u00e7us pour une configuration facile<\/li>\n<li>S\u00e9o avec un balisage de sch\u00e9ma et un code optimis\u00e9<\/li>\n<li>Options int\u00e9gr\u00e9es pour la personnalisation des polices, des couleurs et de la disposition<\/li>\n<li>Importation de d\u00e9monstration en un clic pour une configuration rapide<\/li>\n<li>Comprend des plugins premium tels que Slider Revolution et Essential Grid<\/li>\n<li>Mises \u00e0 jour r\u00e9guli\u00e8res et soutien de d\u00e9veloppeurs exp\u00e9riment\u00e9s.<\/li>\n<\/ul>\n","protected":false},"excerpt":{"rendered":"<p>Entrez dans le monde de la conception de sites Web sans couture avec Bifrost, un th\u00e8me WordPress Elementor simple. Avec Bifrost, vous pouvez cr\u00e9er, personnaliser et lancer votre site Web parfait en un rien de temps, gr\u00e2ce \u00e0 son interface conviviale. C&rsquo;est parfait pour les d\u00e9butants et les professionnels.<\/p>\n<p>Les fonctionnalit\u00e9s avanc\u00e9es de Bifrost le font ressortir des autres th\u00e8mes Elementor WordPress. Il est con\u00e7u pour rationaliser votre flux de travail, vous permettant de cr\u00e9er des conceptions uniques et r\u00e9actives sans aucune connaissance de codage. De plus, il est enti\u00e8rement compatible avec les derni\u00e8res versions de WordPress et Elementor. Cela signifie que vous pouvez cr\u00e9er votre site Web en toute confiance, sachant que cela fonctionnera en douceur sur n&rsquo;importe quel appareil ou navigateur.<\/p>\n<p>L&rsquo;un des principaux avantages de Bifrost est sa multitude d&rsquo;options de personnalisation. Vous pouvez adapter tous les aspects de votre site Web, de la mise en page et du jeu de couleurs aux polices et aux widgets. Cela garantit que votre site Web refl\u00e8te vraiment votre marque et votre personnalit\u00e9.<\/p>\n<p>Mais ce n&rsquo;est pas tout. Bifrost offre \u00e9galement des performances et une vitesse sup\u00e9rieures. Il est construit avec Clean<\/p>\n","protected":false},"featured_media":143238,"comment_status":"open","ping_status":"open","template":"","meta":[],"product_brand":[2433],"product_cat":[1242,1212,1213],"product_tag":[1366],"class_list":{"0":"post-112965","1":"product","2":"type-product","3":"status-publish","4":"has-post-thumbnail","6":"product_brand-themeforest","7":"product_cat-creatif","8":"product_cat-themes","9":"product_cat-wordpress-themes","10":"product_tag-themeforest","11":"member-discount","12":"discount-restricted","14":"first","15":"instock","16":"sale","17":"downloadable","18":"virtual","19":"sold-individually","20":"purchasable","21":"product-type-simple"},"_links":{"self":[{"href":"https:\/\/gpl-love.com\/fr\/wp-json\/wp\/v2\/product\/112965","targetHints":{"allow":["GET"]}}],"collection":[{"href":"https:\/\/gpl-love.com\/fr\/wp-json\/wp\/v2\/product"}],"about":[{"href":"https:\/\/gpl-love.com\/fr\/wp-json\/wp\/v2\/types\/product"}],"replies":[{"embeddable":true,"href":"https:\/\/gpl-love.com\/fr\/wp-json\/wp\/v2\/comments?post=112965"}],"wp:featuredmedia":[{"embeddable":true,"href":"https:\/\/gpl-love.com\/fr\/wp-json\/wp\/v2\/media\/143238"}],"wp:attachment":[{"href":"https:\/\/gpl-love.com\/fr\/wp-json\/wp\/v2\/media?parent=112965"}],"wp:term":[{"taxonomy":"product_brand","embeddable":true,"href":"https:\/\/gpl-love.com\/fr\/wp-json\/wp\/v2\/product_brand?post=112965"},{"taxonomy":"product_cat","embeddable":true,"href":"https:\/\/gpl-love.com\/fr\/wp-json\/wp\/v2\/product_cat?post=112965"},{"taxonomy":"product_tag","embeddable":true,"href":"https:\/\/gpl-love.com\/fr\/wp-json\/wp\/v2\/product_tag?post=112965"}],"curies":[{"name":"wp","href":"https:\/\/api.w.org\/{rel}","templated":true}]}}