{"id":112963,"date":"2022-01-21T00:00:00","date_gmt":"2022-01-20T23:00:00","guid":{"rendered":"http:\/\/gpl-love.com\/fr\/produit\/saaspot-saas-marketing-automation-wordpress-theme\/"},"modified":"2026-04-10T18:38:30","modified_gmt":"2026-04-10T16:38:30","slug":"saaspot-saas-marketing-automation-wordpress-theme","status":"publish","type":"product","link":"https:\/\/gpl-love.com\/fr\/produit\/saaspot-saas-marketing-automation-wordpress-theme\/","title":{"rendered":"SaaSpot SaaS Marketing Automation WordPress Theme 1.8.8"},"content":{"rendered":"<h3>SaaSpot SaaS Marketing Automation WordPress Theme Traits<\/h3>\n<p>Le th\u00e8me WordPress de SAASPOT SAASS Marketing Automation appara\u00eet comme un instrument formidable, s&rsquo;adressant aux entreprises qui abritent des intentions de rationalisation de leurs efforts de marketing. Ce th\u00e8me pr\u00e9sente aux entreprises la possibilit\u00e9 de m\u00e9caniser leurs proc\u00e9dures de marketing, facilitant ainsi la gestion et l&rsquo;expansion de leurs m\u00e9thodologies d&rsquo;acquisition et de r\u00e9tention de clients. Adopt\u00e9 pr\u00e9cis\u00e9ment pour les soci\u00e9t\u00e9s SaaS, ce th\u00e8me englobe un \u00e9ventail de fonctionnalit\u00e9s pour aider les entreprises \u00e0 promouvoir efficacement leurs produits et services. En raison de sa fondation sur WordPress, l&rsquo;installation et la personnalisation de ce th\u00e8me sont rendues sans effort possibles. Avec Saaspot \u00e0 leur disposition, les entreprises peuvent cr\u00e9er des pages de destination, concevoir des campagnes par e-mail et bien plus encore, le tout avec une facilit\u00e9 in\u00e9gal\u00e9e, rationalisant ainsi leurs initiatives marketing et garantissant l&rsquo;engagement efficace de leur public pr\u00e9vu. Pour r\u00e9sumer, Saaspot assume un r\u00f4le indispensable pour toute entit\u00e9 SaaS, aspirant \u00e0 affiner ses strat\u00e9gies de marketing et \u00e0 provoquer une croissance substantielle.<\/p>\n<ul>\n<li>Con\u00e7u pour l&rsquo;automatisation du marketing<\/li>\n<li>Construit sp\u00e9cifiquement pour WordPress<\/li>\n<li>Comprend un g\u00e9n\u00e9rateur de tra\u00een\u00e9e et de d\u00e9p\u00f4t facile \u00e0 utiliser<\/li>\n<li>Propose plusieurs mod\u00e8les pr\u00e9-con\u00e7us<\/li>\n<li>S&rsquo;int\u00e8gre aux plateformes de marketing par e-mail populaires<\/li>\n<li>Comprend les fonctionnalit\u00e9s d&rsquo;optimisation du r\u00e9f\u00e9rencement<\/li>\n<li>Conception sensible au mobile<\/li>\n<li>Prend en charge plusieurs langues<\/li>\n<li>Offre une fonctionnalit\u00e9 de test A \/ B int\u00e9gr\u00e9e<\/li>\n<li>Comprend l&rsquo;int\u00e9gration des m\u00e9dias sociaux.<\/li>\n<\/ul>\n","protected":false},"excerpt":{"rendered":"<p>Le th\u00e8me WordPress de l&rsquo;automatisation du marketing Saaspot SaaS poss\u00e8de une myriade d&rsquo;attributs hautement personnalisables et r\u00e9actifs. Il a \u00e9t\u00e9 sp\u00e9cifiquement con\u00e7u pour r\u00e9pondre aux besoins des soci\u00e9t\u00e9s de logiciels d&rsquo;automatisation du marketing qui aspirent \u00e0 \u00e9tablir une pr\u00e9sence en ligne professionnelle. B\u00e9n\u00e9ficiant d&rsquo;un design \u00e9l\u00e9gant et d&rsquo;une interface intuitive, Saaspot vous permet de montrer votre produit d&rsquo;une mani\u00e8re qui captive et convertit finalement les visiteurs. Ce th\u00e8me va au-del\u00e0 en offrant une vaste gamme de fonctionnalit\u00e9s, en englobant des formes de g\u00e9n\u00e9ration de leads, des mod\u00e8les de page de destination pr\u00e9-con\u00e7us, des tables de tarification compl\u00e8tes et une pl\u00e9thore d&rsquo;autres caract\u00e9ristiques impressionnantes. Par cons\u00e9quent, il appara\u00eet comme le choix par excellence pour toute entreprise SaaS cherchant \u00e0 \u00e9tendre ses horizons op\u00e9rationnels.<\/p>\n","protected":false},"featured_media":145151,"comment_status":"open","ping_status":"open","template":"","meta":[],"product_brand":[2433],"product_cat":[1516,1212,1213],"product_tag":[1366],"class_list":{"0":"post-112963","1":"product","2":"type-product","3":"status-publish","4":"has-post-thumbnail","6":"product_brand-themeforest","7":"product_cat-entreprise","8":"product_cat-themes","9":"product_cat-wordpress-themes","10":"product_tag-themeforest","11":"member-discount","12":"discount-restricted","14":"first","15":"instock","16":"sale","17":"downloadable","18":"virtual","19":"sold-individually","20":"purchasable","21":"product-type-simple"},"_links":{"self":[{"href":"https:\/\/gpl-love.com\/fr\/wp-json\/wp\/v2\/product\/112963","targetHints":{"allow":["GET"]}}],"collection":[{"href":"https:\/\/gpl-love.com\/fr\/wp-json\/wp\/v2\/product"}],"about":[{"href":"https:\/\/gpl-love.com\/fr\/wp-json\/wp\/v2\/types\/product"}],"replies":[{"embeddable":true,"href":"https:\/\/gpl-love.com\/fr\/wp-json\/wp\/v2\/comments?post=112963"}],"wp:featuredmedia":[{"embeddable":true,"href":"https:\/\/gpl-love.com\/fr\/wp-json\/wp\/v2\/media\/145151"}],"wp:attachment":[{"href":"https:\/\/gpl-love.com\/fr\/wp-json\/wp\/v2\/media?parent=112963"}],"wp:term":[{"taxonomy":"product_brand","embeddable":true,"href":"https:\/\/gpl-love.com\/fr\/wp-json\/wp\/v2\/product_brand?post=112963"},{"taxonomy":"product_cat","embeddable":true,"href":"https:\/\/gpl-love.com\/fr\/wp-json\/wp\/v2\/product_cat?post=112963"},{"taxonomy":"product_tag","embeddable":true,"href":"https:\/\/gpl-love.com\/fr\/wp-json\/wp\/v2\/product_tag?post=112963"}],"curies":[{"name":"wp","href":"https:\/\/api.w.org\/{rel}","templated":true}]}}