{"id":112961,"date":"2025-09-17T00:00:00","date_gmt":"2025-09-16T22:00:00","guid":{"rendered":"http:\/\/gpl-love.com\/fr\/produit\/gridbuilder-with-full-addons-advanced-filterable-and-faceted-grids-wordpress\/"},"modified":"2026-03-20T23:19:04","modified_gmt":"2026-03-20T22:19:04","slug":"gridbuilder-with-full-addons-advanced-filterable-and-faceted-grids-wordpress","status":"publish","type":"product","link":"https:\/\/gpl-love.com\/fr\/produit\/gridbuilder-with-full-addons-advanced-filterable-and-faceted-grids-wordpress\/","title":{"rendered":"WP Grid Builder 2.3.0"},"content":{"rendered":"<h3>WP Grid Builder Traits<\/h3>\n<p>Gridbuilder avec des compl\u00e9ments complets complets avanc\u00e9es filtrables et \u00e0 facettes WordPress est un outil exceptionnel qui poss\u00e8de une impressionnante gamme de capacit\u00e9s, tous visant \u00e0 vous aider \u00e0 construire le syst\u00e8me de grille id\u00e9al pour votre site Web. En utilisant ses grilles filtrables et \u00e0 facettes avanc\u00e9es, vous pouvez organiser et pr\u00e9senter sans effort votre contenu d&rsquo;une mani\u00e8re non seulement conviviale mais aussi tr\u00e8s engageante. De plus, ce produit remarquable est \u00e9quip\u00e9 d&rsquo;une multitude de modules compl\u00e9mentaires qui am\u00e9liorent consid\u00e9rablement sa polyvalence, vous permettant d&rsquo;incorporer des fonctionnalit\u00e9s souhaitables comme la pagination, le tri et la fonctionnalit\u00e9 de recherche. Que vous ayez l&rsquo;intention de pr\u00e9senter des images, du texte ou toute autre forme de contenu, GridBuilder vous offre une solution globale. Par cons\u00e9quent, si vous aspirez \u00e0 \u00e9lever votre site Web \u00e0 des hauteurs sans pr\u00e9c\u00e9dent, je vous implore de saisir l&rsquo;opportunit\u00e9 et d&rsquo;explorer les capacit\u00e9s remarquables de Gridbuilder avec des r\u00e9dacteurs complets et des grilles \u00e0 facettes avanc\u00e9es compl\u00e8tes WordPress sans plus tarder!<\/p>\n<ul>\n<li>Gridbuilder permet la cr\u00e9ation personnalis\u00e9e de dispositions de grille dans WordPress<\/li>\n<li>La fonctionnalit\u00e9 filtrable avanc\u00e9e permet aux utilisateurs de trier et de rechercher facilement les donn\u00e9es dans la grille<\/li>\n<li>Les grilles \u00e0 facettes fournissent un syst\u00e8me de filtrage encore plus cibl\u00e9 et sp\u00e9cifique<\/li>\n<li>Les modules compl\u00e9mentaires complets donnent aux utilisateurs la possibilit\u00e9 d&rsquo;ajouter des fonctionnalit\u00e9s et des fonctionnalit\u00e9s suppl\u00e9mentaires au gridbuilder<\/li>\n<li>Les grilles peuvent \u00eatre enti\u00e8rement personnalis\u00e9es pour correspondre \u00e0 l&rsquo;apparence du site Web en utilisant le style CSS<\/li>\n<li>Parfait pour afficher des produits, des portefeuilles ou toute autre donn\u00e9e structur\u00e9e sur un site Web<\/li>\n<li>L&rsquo;interface intuitive de glisser-d\u00e9poser rend la cr\u00e9ation de grilles<\/li>\n<li>Compatible avec tous les navigateurs modernes et enti\u00e8rement r\u00e9actif pour les appareils mobiles<\/li>\n<li>Les mises \u00e0 jour constantes et le soutien de l&rsquo;\u00e9quipe de d\u00e9veloppement garantissent que le produit est toujours \u00e0 jour et fonctionne en douceur.<\/li>\n<\/ul>\n","protected":false},"excerpt":{"rendered":"<p>Le Gridbuilder avec un plugin WordPress complexe complet est un outil incroyablement polyvalent et tr\u00e8s efficace qui est sp\u00e9cialement con\u00e7u pour faciliter la cr\u00e9ation de grilles avanc\u00e9es, filtrables et \u00e0 facettes pour votre site Web. Ce plugin exceptionnel vous permet de g\u00e9n\u00e9rer et de personnaliser sans effort des grilles dans le but de pr\u00e9senter diverses formes de contenu, de tout englober \u00e0 partir d&rsquo;images captivantes et de vid\u00e9os engageantes pour des listes de produits compl\u00e8tes, et bien plus encore. En outre, le plugin est \u00e9quip\u00e9 d&rsquo;une gamme d&rsquo;options de filtrage avanc\u00e9es, en vous garantissant que vous avez la possibilit\u00e9 de trier et de filtrer facilement votre contenu en fonction des crit\u00e8res sp\u00e9cifiques que vous jugez appropri\u00e9s. De plus, sa compatibilit\u00e9 transparente avec la plate-forme WordPress largement utilis\u00e9e am\u00e9liore encore l&rsquo;attrait du plugin, car il vous permet de l&rsquo;int\u00e9grer de mani\u00e8re transparente dans votre site Web et de lancer rapidement le processus de conception de grilles visuellement frappantes. Que vous soyez en train de construire un site de commerce \u00e9lectronique ou de rechercher votre portefeuille soigneusement organis\u00e9, le gridbuilder avec un plugin complet repr\u00e9sente sans aucun doute un atout inestimable qui est indispensable \u00e0 tout individu qui poss\u00e8de et exploite un site Web.<\/p>\n","protected":false},"featured_media":144150,"comment_status":"open","ping_status":"open","template":"","meta":[],"product_brand":[2569],"product_cat":[1189,1181,1186],"product_tag":[1892],"class_list":{"0":"post-112961","1":"product","2":"type-product","3":"status-publish","4":"has-post-thumbnail","6":"product_brand-gridbuilder","7":"product_cat-personnalisation","8":"product_cat-plugins","9":"product_cat-wordpress-plugins","10":"product_tag-gridbuilder","11":"member-discount","12":"discount-restricted","14":"first","15":"instock","16":"sale","17":"downloadable","18":"virtual","19":"sold-individually","20":"purchasable","21":"product-type-simple"},"_links":{"self":[{"href":"https:\/\/gpl-love.com\/fr\/wp-json\/wp\/v2\/product\/112961","targetHints":{"allow":["GET"]}}],"collection":[{"href":"https:\/\/gpl-love.com\/fr\/wp-json\/wp\/v2\/product"}],"about":[{"href":"https:\/\/gpl-love.com\/fr\/wp-json\/wp\/v2\/types\/product"}],"replies":[{"embeddable":true,"href":"https:\/\/gpl-love.com\/fr\/wp-json\/wp\/v2\/comments?post=112961"}],"wp:featuredmedia":[{"embeddable":true,"href":"https:\/\/gpl-love.com\/fr\/wp-json\/wp\/v2\/media\/144150"}],"wp:attachment":[{"href":"https:\/\/gpl-love.com\/fr\/wp-json\/wp\/v2\/media?parent=112961"}],"wp:term":[{"taxonomy":"product_brand","embeddable":true,"href":"https:\/\/gpl-love.com\/fr\/wp-json\/wp\/v2\/product_brand?post=112961"},{"taxonomy":"product_cat","embeddable":true,"href":"https:\/\/gpl-love.com\/fr\/wp-json\/wp\/v2\/product_cat?post=112961"},{"taxonomy":"product_tag","embeddable":true,"href":"https:\/\/gpl-love.com\/fr\/wp-json\/wp\/v2\/product_tag?post=112961"}],"curies":[{"name":"wp","href":"https:\/\/api.w.org\/{rel}","templated":true}]}}