{"id":112960,"date":"2025-10-16T00:00:00","date_gmt":"2025-10-15T22:00:00","guid":{"rendered":"http:\/\/gpl-love.com\/fr\/produit\/aelia-tax-display-by-country-for-woocommerce\/"},"modified":"2026-03-20T22:53:43","modified_gmt":"2026-03-20T21:53:43","slug":"aelia-tax-display-by-country-for-woocommerce","status":"publish","type":"product","link":"https:\/\/gpl-love.com\/fr\/produit\/aelia-tax-display-by-country-for-woocommerce\/","title":{"rendered":"Aelia Tax Display par Country pour WooCommerce 1.21.8.250918"},"content":{"rendered":"<h3>Aelia Tax Display par Country pour WooCommerce Traits<\/h3>\n<p>L&rsquo;affichage fiscal Aelia par pays pour WooCommerce, un outil tr\u00e8s robuste, sert de solution efficace aux demandes fiscales complexes auxquelles sont confront\u00e9s les entreprises en ligne. En utilisant ce plugin remarquable, les entreprises peuvent pr\u00e9senter sans effort des imp\u00f4ts sur leur plate-forme de commerce \u00e9lectronique, en tenant compte de l&#8217;emplacement pr\u00e9cis de leur client\u00e8le. Ce plugin simplifie la t\u00e2che de configurer les taux d&rsquo;imposition pour divers pays, \u00c9tats et r\u00e9gions, garantissant une conformit\u00e9 absolue aux r\u00e9glementations fiscales. De plus, il accorde la capacit\u00e9 remarquable de personnaliser l&rsquo;affichage fiscal, offrant ainsi une exp\u00e9rience d&rsquo;achat sans couture et gratifiante aux clients. \u00c0 la lumi\u00e8re de ses caract\u00e9ristiques exceptionnelles, l&rsquo;affichage fiscal Aelia par Country for WooCommerce appara\u00eet comme un instrument indispensable pour les entreprises en ligne cherchant \u00e0 rationaliser leurs processus fiscaux tout en am\u00e9liorant simultan\u00e9ment leur exp\u00e9rience client.<\/p>\n<ul>\n<li>Fournit des options d&rsquo;affichage fiscal personnalisables pour les magasins WooCommerce<\/li>\n<li>Permet une affichage fiscal par pays, \u00e9tat ou r\u00e9gion<\/li>\n<li>Affiche les taxes inclusives ou exclusives du prix du produit<\/li>\n<li>Prend en charge l&rsquo;affichage fiscal sur les pages de produits, les pages de paniers et les pages de paiement<\/li>\n<li>S&rsquo;int\u00e8gre facilement aux param\u00e8tres de WooCommerce existants et aux r\u00e8gles fiscales<\/li>\n<li>R\u00e9duit la confusion pour les clients en affichant les taxes clairement et avec pr\u00e9cision<\/li>\n<li>Aide les propri\u00e9taires de magasins \u00e0 respecter les lois et r\u00e9glementations fiscales<\/li>\n<li>\u00c9conomise du temps et des efforts en automatisant les param\u00e8tres de l&rsquo;affichage fiscal<\/li>\n<li>Permet une gestion fiscale transparente pour les ventes internationales<\/li>\n<li>Offre des calculs d&rsquo;imp\u00f4t fiables et pr\u00e9cis pour les clients du monde entier.<\/li>\n<\/ul>\n","protected":false},"excerpt":{"rendered":"<p>Le plugin fiscal WooCommerce, Aelia Tax Display by Country for WooCommerce, est un syst\u00e8me d&rsquo;affichage fiscal convivial offrant une gestion fiscale efficace pour votre entreprise en ligne. Cet outil d&rsquo;imposition de la boutique en ligne est un actif inestimable pour g\u00e9rer l&rsquo;imposition des entreprises en ligne, fournissant des taux d&rsquo;imposition sur mesure pour les magasins en ligne en fonction du pays du client.<\/p>\n<p>Le plugin Aelia pour WooCommerce offre une affichage fiscal sp\u00e9cifique au pays, all\u00e9geant le processus d&rsquo;adh\u00e9sion \u00e0 divers r\u00e9glementations fiscales dans diff\u00e9rentes nations. Il am\u00e9liore les solutions de taxe commerciale WooCommerce en permettant la personnalisation de l&rsquo;affichage fiscal et rationaliser les proc\u00e9dures fiscales de la boutique en ligne.<\/p>\n<p>Le plugin offre \u00e9galement la flexibilit\u00e9 de la d\u00e9finition des taux d&rsquo;imposition personnalis\u00e9s pour WooCommerce, ce qui en fait un plugin de gestion des r\u00e9glementations fiscales. Si n\u00e9cessaire, vous pouvez m\u00eame cacher des imp\u00f4ts pour des pays sp\u00e9cifiques, am\u00e9liorant encore son efficacit\u00e9.<\/p>\n<p>Avec la fonction d&rsquo;\u00e9cran fiscale bas\u00e9e sur le pays, l&rsquo;affichage fiscal Aelia par pays pour WooCommerce est un outil important pour la gestion fiscale. En tirant parti de ce plugin, vous pouvez vous concentrer davantage sur le fonctionnement r\u00e9ussi de votre entreprise en ligne, sans rel\u00e2che par les subtilit\u00e9s<\/p>\n","protected":false},"featured_media":143070,"comment_status":"open","ping_status":"open","template":"","meta":[],"product_brand":[2451],"product_cat":[1182,1223,1181],"product_tag":[1199],"class_list":{"0":"post-112960","1":"product","2":"type-product","3":"status-publish","4":"has-post-thumbnail","6":"product_brand-aelia","7":"product_cat-commerce-electronique-plugins","8":"product_cat-personnalisation-commerce-electronique-plugins","9":"product_cat-plugins","10":"product_tag-aelia","11":"member-discount","12":"discount-restricted","14":"first","15":"instock","16":"sale","17":"downloadable","18":"virtual","19":"sold-individually","20":"purchasable","21":"product-type-simple"},"_links":{"self":[{"href":"https:\/\/gpl-love.com\/fr\/wp-json\/wp\/v2\/product\/112960","targetHints":{"allow":["GET"]}}],"collection":[{"href":"https:\/\/gpl-love.com\/fr\/wp-json\/wp\/v2\/product"}],"about":[{"href":"https:\/\/gpl-love.com\/fr\/wp-json\/wp\/v2\/types\/product"}],"replies":[{"embeddable":true,"href":"https:\/\/gpl-love.com\/fr\/wp-json\/wp\/v2\/comments?post=112960"}],"wp:featuredmedia":[{"embeddable":true,"href":"https:\/\/gpl-love.com\/fr\/wp-json\/wp\/v2\/media\/143070"}],"wp:attachment":[{"href":"https:\/\/gpl-love.com\/fr\/wp-json\/wp\/v2\/media?parent=112960"}],"wp:term":[{"taxonomy":"product_brand","embeddable":true,"href":"https:\/\/gpl-love.com\/fr\/wp-json\/wp\/v2\/product_brand?post=112960"},{"taxonomy":"product_cat","embeddable":true,"href":"https:\/\/gpl-love.com\/fr\/wp-json\/wp\/v2\/product_cat?post=112960"},{"taxonomy":"product_tag","embeddable":true,"href":"https:\/\/gpl-love.com\/fr\/wp-json\/wp\/v2\/product_tag?post=112960"}],"curies":[{"name":"wp","href":"https:\/\/api.w.org\/{rel}","templated":true}]}}