{"id":112942,"date":"2026-05-01T00:00:00","date_gmt":"2026-04-30T22:00:00","guid":{"rendered":"http:\/\/gpl-love.com\/fr\/produit\/geodirectory-wp-all-import\/"},"modified":"2026-05-01T12:30:35","modified_gmt":"2026-05-01T10:30:35","slug":"geodirectory-wp-all-import","status":"publish","type":"product","link":"https:\/\/gpl-love.com\/fr\/produit\/geodirectory-wp-all-import\/","title":{"rendered":"GeoDirectory WP All Import 2.3.10"},"content":{"rendered":"<h3>GeoDirectory WP All Import Traits<\/h3>\n<p>GeoDirectory WP All Import, un plugin remarquablement robuste, permet aux utilisateurs d&rsquo;importer sans effort un large \u00e9ventail de donn\u00e9es, quelle que soit sa nature, dans leur site WordPress aliment\u00e9 par g\u00e9odirectory. Il offre une avenue pratique pour importer de grandes quantit\u00e9s de donn\u00e9es telles que les listes d&rsquo;entreprises, les \u00e9v\u00e9nements et les avis, r\u00e9pondant efficacement aux besoins des personnes qui n\u00e9cessitent l&rsquo;importation de donn\u00e9es provenant de plusieurs sources. La beaut\u00e9 de ce plugin r\u00e9side dans sa personnalisation et sa flexibilit\u00e9 in\u00e9gal\u00e9es, ce qui en fait une solution optimale. En utilisant GeoDirectory WP toutes les importations, les utilisateurs peuvent aligner sans effort leurs donn\u00e9es import\u00e9es avec les champs g\u00e9odirectoraux correspondants, garantissant ainsi un site impeccablement organis\u00e9 et navigable sans effort. Essentiellement, l&rsquo;utilisation de GeoDirectory WP, toutes les importations, rationalisent rapidement rapidement le processus d&rsquo;importation, mais s&rsquo;int\u00e8gre \u00e9galement de mani\u00e8re transparente au g\u00e9odirectory, ce qui permet finalement aux utilisateurs un laps de temps et d&rsquo;\u00e9nergie inestimables.<\/p>\n<ul>\n<li>Importez facilement des donn\u00e9es dans GeoDirectory en utilisant ce plugin WordPress<\/li>\n<li>Synchroniser des donn\u00e9es externes telles que les listes d&rsquo;entreprises, les \u00e9v\u00e9nements ou les annonces classifi\u00e9es \u00e0 votre r\u00e9pertoire<\/li>\n<li>Choisissez d&rsquo;ex\u00e9cuter les importations manuellement ou automatiquement selon un calendrier<\/li>\n<li>Cartez vos donn\u00e9es import\u00e9es dans des champs et cat\u00e9gories g\u00e9odirectaires sp\u00e9cifiques<\/li>\n<li>Fusionner des doublons ou mettre \u00e0 jour les listes existantes avec de nouvelles informations<\/li>\n<li>Filtrez et exclure les donn\u00e9es \u00e0 l&rsquo;aide de r\u00e8gles personnalis\u00e9es pour garantir que les donn\u00e9es que vous souhaitez obtenir sont import\u00e9es<\/li>\n<li>Compatible avec tous les modules compl\u00e9mentaires et th\u00e8mes pour le g\u00e9odirectoral<\/li>\n<li>Comprend un guide d&rsquo;importation \u00e9tape par \u00e9tape et une \u00e9quipe de support d\u00e9di\u00e9e<\/li>\n<li>\u00c9conomisez du temps et des efforts en automatisant le processus d&rsquo;importation de donn\u00e9es<\/li>\n<li>Gardez votre r\u00e9pertoire \u00e0 jour avec les derni\u00e8res informations provenant de sources externes<\/li>\n<\/ul>\n","protected":false},"excerpt":{"rendered":"<p>Le plugin GeoDirectory WP All Import est un outil incroyablement robuste et convivial qui offre une pl\u00e9thore de fonctionnalit\u00e9s pour l&rsquo;importation sans effort de donn\u00e9es dans votre site GeoDirectory. Que vous ayez des donn\u00e9es dans CSV, XML ou tout autre format de fichier, ce plugin vous permet de cartographier et de l&rsquo;int\u00e9grer de mani\u00e8re transparente dans vos champs personnalis\u00e9s g\u00e9odirectoraux. Non seulement il fournit des capacit\u00e9s d&rsquo;importation de base, mais il poss\u00e8de \u00e9galement des fonctionnalit\u00e9s avanc\u00e9es telles que la planification, la cartographie automatique et le cartographie au niveau du champ, ce qui am\u00e9liore encore la douceur et l&rsquo;efficacit\u00e9 du processus d&rsquo;importation. Pour optimiser et acc\u00e9l\u00e9rer votre processus d&rsquo;importation de donn\u00e9es g\u00e9odirectoraux, il est fortement recommand\u00e9 d&rsquo;acqu\u00e9rir le plugin GeoDirectory WP tous sans d\u00e9lai.<\/p>\n","protected":false},"featured_media":143982,"comment_status":"open","ping_status":"open","template":"","meta":[],"product_brand":[2560],"product_cat":[1189,1181,1186],"product_tag":[1828],"class_list":{"0":"post-112942","1":"product","2":"type-product","3":"status-publish","4":"has-post-thumbnail","6":"product_brand-ayecode","7":"product_cat-personnalisation","8":"product_cat-plugins","9":"product_cat-wordpress-plugins","10":"product_tag-ayecode","11":"member-discount","12":"discount-restricted","14":"first","15":"instock","16":"sale","17":"downloadable","18":"virtual","19":"sold-individually","20":"purchasable","21":"product-type-simple"},"_links":{"self":[{"href":"https:\/\/gpl-love.com\/fr\/wp-json\/wp\/v2\/product\/112942","targetHints":{"allow":["GET"]}}],"collection":[{"href":"https:\/\/gpl-love.com\/fr\/wp-json\/wp\/v2\/product"}],"about":[{"href":"https:\/\/gpl-love.com\/fr\/wp-json\/wp\/v2\/types\/product"}],"replies":[{"embeddable":true,"href":"https:\/\/gpl-love.com\/fr\/wp-json\/wp\/v2\/comments?post=112942"}],"wp:featuredmedia":[{"embeddable":true,"href":"https:\/\/gpl-love.com\/fr\/wp-json\/wp\/v2\/media\/143982"}],"wp:attachment":[{"href":"https:\/\/gpl-love.com\/fr\/wp-json\/wp\/v2\/media?parent=112942"}],"wp:term":[{"taxonomy":"product_brand","embeddable":true,"href":"https:\/\/gpl-love.com\/fr\/wp-json\/wp\/v2\/product_brand?post=112942"},{"taxonomy":"product_cat","embeddable":true,"href":"https:\/\/gpl-love.com\/fr\/wp-json\/wp\/v2\/product_cat?post=112942"},{"taxonomy":"product_tag","embeddable":true,"href":"https:\/\/gpl-love.com\/fr\/wp-json\/wp\/v2\/product_tag?post=112942"}],"curies":[{"name":"wp","href":"https:\/\/api.w.org\/{rel}","templated":true}]}}