{"id":112940,"date":"2025-03-23T00:00:00","date_gmt":"2025-03-22T23:00:00","guid":{"rendered":"http:\/\/gpl-love.com\/fr\/produit\/geodirectory-social-importer\/"},"modified":"2026-03-20T23:16:26","modified_gmt":"2026-03-20T22:16:26","slug":"geodirectory-social-importer","status":"publish","type":"product","link":"https:\/\/gpl-love.com\/fr\/produit\/geodirectory-social-importer\/","title":{"rendered":"GeoDirectory Social Importer 2.3.7"},"content":{"rendered":"<h3>GeoDirectory Social Importer Traits<\/h3>\n<p>L&rsquo;importateur social g\u00e9odirectoire, \u00e9tant un outil incroyablement robuste et dynamique, permet aux entreprises d&rsquo;incorporer sans effort le contenu social dans leur site Web g\u00e9odirectoral, entra\u00eenant une int\u00e9gration transparente de divers \u00e9l\u00e9ments de m\u00e9dias sociaux. En utilisant cet outil indispensable, les propri\u00e9taires de sites Web peuvent importer sans effort un large \u00e9ventail de m\u00e9dias, y compris des photographies captivantes, des vid\u00e9os convaincantes et d&rsquo;autres contenus engageants \u00e0 partir de plateformes tr\u00e8s populaires telles que Instagram, Twitter et Facebook. Cette fonctionnalit\u00e9 inestimable est vraiment exceptionnelle, car elle permet aux entreprises de montrer une impressionnante collection de contenus g\u00e9n\u00e9r\u00e9s par les utilisateurs tout en veillant \u00e0 ce que leur site Web reste actuel et synchronis\u00e9 avec les derni\u00e8res tendances sociales. De plus, l&rsquo;importateur social GeoDirectory poss\u00e8de une interface incroyablement conviviale qui peut \u00eatre adapt\u00e9e sans effort pour s&rsquo;aligner sur les exigences distinctives de votre entreprise. De plus, cet outil remarquable fournit une pl\u00e9thore de fonctionnalit\u00e9s puissantes, y compris le filtrage automatique, la planification et la mod\u00e9ration du contenu, qui fonctionnent tous harmonieusement pour garantir que seul le contenu de qualit\u00e9 la plus pertinente et la plus sup\u00e9rieure grace votre site Web. Que votre objectif soit d&rsquo;enrichir votre site Web avec un contenu social captivant ou de favoriser une communaut\u00e9 robuste et florissante centr\u00e9e sur votre marque, l&rsquo;importateur social g\u00e9odirectoire sert de solution id\u00e9ale pour cette t\u00e2che.<\/p>\n<ul>\n<li>Connecte votre site Web \u00e0 des plateformes de m\u00e9dias sociaux populaires pour importer des donn\u00e9es et du contenu des utilisateurs<\/li>\n<li>Vous permet d&rsquo;importer facilement des profils, des commentaires, des critiques et des notes d&rsquo;utilisateurs \u00e0 partir de comptes de m\u00e9dias sociaux<\/li>\n<li>Peut importer des donn\u00e9es \u00e0 partir de plusieurs comptes de m\u00e9dias sociaux simultan\u00e9ment<\/li>\n<li>Met automatiquement \u00e0 jour les donn\u00e9es import\u00e9es pour le garder \u00e0 jour et pertinent<\/li>\n<li>Fournit des options de filtrage et de tri avanc\u00e9es pour aider \u00e0 organiser et \u00e0 pr\u00e9senter efficacement les donn\u00e9es import\u00e9es<\/li>\n<li>Les param\u00e8tres personnalisables vous permettent de contr\u00f4ler les donn\u00e9es import\u00e9es et comment elles sont affich\u00e9es sur votre site Web<\/li>\n<li>S&rsquo;int\u00e8gre parfaitement \u00e0 GeoDirectory, un plugin de r\u00e9pertoire populaire pour les sites Web WordPress<\/li>\n<li>Compatible avec toutes les principales plateformes de m\u00e9dias sociaux, y compris Facebook, Twitter, Instagram et Yelp<\/li>\n<li>Boose la fonctionnalit\u00e9 de votre site Web et l&rsquo;engagement des utilisateurs en tirant parti de la puissance des donn\u00e9es sur les r\u00e9seaux sociaux<\/li>\n<\/ul>\n","protected":false},"excerpt":{"rendered":"<p>L&rsquo;importateur social g\u00e9odirectoire est un outil tr\u00e8s robuste et remarquablement pratique qui a \u00e9t\u00e9 m\u00e9ticuleusement con\u00e7u pour aider les entreprises et les particuliers \u00e0 importer parfaitement le contenu des m\u00e9dias sociaux dans leurs sites Web g\u00e9odirectoraux respectifs. Ce plugin exquis poss\u00e8de une interface incroyablement conviviale et poss\u00e8de une int\u00e9gration transparente avec des plateformes de m\u00e9dias sociaux renomm\u00e9es, notamment Facebook, Twitter et Instagram. En utilisant ce plugin ph\u00e9nom\u00e9nal, vous pouvez importer sans effort un large \u00e9ventail de contenus tels que des images, des vid\u00e9os, des publications et divers autres formats multim\u00e9dias, vous permettant par la suite de partager sans effort ce contenu captivant avec vos visiteurs de site Web estim\u00e9s. Que votre objectif soit centr\u00e9 sur la cr\u00e9ation de r\u00e9pertoires de m\u00e9dias sociaux captivants ou d&rsquo;\u00e9tablir une pr\u00e9sence en ligne compl\u00e8te pour votre marque ch\u00e9ri, l&rsquo;important social g\u00e9odirectoire impressionnant vous \u00e9quipe ind\u00e9niablement de toutes les fonctionnalit\u00e9s n\u00e9cessaires n\u00e9cessaires pour propulser votre site Web \u00e0 l&rsquo;Echelon suivant du succ\u00e8s .<\/p>\n","protected":false},"featured_media":143981,"comment_status":"open","ping_status":"open","template":"","meta":[],"product_brand":[2560],"product_cat":[1189,1181,1186],"product_tag":[1828],"class_list":{"0":"post-112940","1":"product","2":"type-product","3":"status-publish","4":"has-post-thumbnail","6":"product_brand-ayecode","7":"product_cat-personnalisation","8":"product_cat-plugins","9":"product_cat-wordpress-plugins","10":"product_tag-ayecode","11":"member-discount","12":"discount-restricted","14":"first","15":"instock","16":"sale","17":"downloadable","18":"virtual","19":"sold-individually","20":"purchasable","21":"product-type-simple"},"_links":{"self":[{"href":"https:\/\/gpl-love.com\/fr\/wp-json\/wp\/v2\/product\/112940","targetHints":{"allow":["GET"]}}],"collection":[{"href":"https:\/\/gpl-love.com\/fr\/wp-json\/wp\/v2\/product"}],"about":[{"href":"https:\/\/gpl-love.com\/fr\/wp-json\/wp\/v2\/types\/product"}],"replies":[{"embeddable":true,"href":"https:\/\/gpl-love.com\/fr\/wp-json\/wp\/v2\/comments?post=112940"}],"wp:featuredmedia":[{"embeddable":true,"href":"https:\/\/gpl-love.com\/fr\/wp-json\/wp\/v2\/media\/143981"}],"wp:attachment":[{"href":"https:\/\/gpl-love.com\/fr\/wp-json\/wp\/v2\/media?parent=112940"}],"wp:term":[{"taxonomy":"product_brand","embeddable":true,"href":"https:\/\/gpl-love.com\/fr\/wp-json\/wp\/v2\/product_brand?post=112940"},{"taxonomy":"product_cat","embeddable":true,"href":"https:\/\/gpl-love.com\/fr\/wp-json\/wp\/v2\/product_cat?post=112940"},{"taxonomy":"product_tag","embeddable":true,"href":"https:\/\/gpl-love.com\/fr\/wp-json\/wp\/v2\/product_tag?post=112940"}],"curies":[{"name":"wp","href":"https:\/\/api.w.org\/{rel}","templated":true}]}}