{"id":112938,"date":"2026-01-04T00:00:00","date_gmt":"2026-01-03T23:00:00","guid":{"rendered":"http:\/\/gpl-love.com\/fr\/produit\/geodirectory-review-rating-manager\/"},"modified":"2026-03-20T23:16:25","modified_gmt":"2026-03-20T22:16:25","slug":"geodirectory-review-rating-manager","status":"publish","type":"product","link":"https:\/\/gpl-love.com\/fr\/produit\/geodirectory-review-rating-manager\/","title":{"rendered":"GeoDirectory Review Rating Manager 2.3.12"},"content":{"rendered":"<h3>GeoDirectory Review Rating Manager Traits<\/h3>\n<p>Le GeoDirectory Review Rating Manager poss\u00e8de une immense capacit\u00e9 en termes de gestion et de pr\u00e9sentation des avis des clients sur votre site Web. Gr\u00e2ce \u00e0 l&rsquo;utilisation de ce plugin, vous pouvez rassembler et pr\u00e9senter sans effort les avis de votre client\u00e8le estim\u00e9e, en aidant ainsi \u00e0 \u00e9tablir la confiance et la cr\u00e9dibilit\u00e9 aupr\u00e8s des clients potentiels. Ce plugin fournit une gamme de fonctionnalit\u00e9s qui aident \u00e0 la gestion et \u00e0 l&rsquo;affichage des avis, englobant la possibilit\u00e9 d&rsquo;exercer une mod\u00e9ration sur les avis, d&rsquo;\u00e9tablir des notifications par e-mail automatiques et de personnaliser les options pour afficher les avis. En outre, ce plugin s&rsquo;int\u00e8gre de mani\u00e8re transparente au plugin g\u00e9odirectoral, facilitant ainsi la pr\u00e9sentation sans effort des avis et notations pour les entreprises et les emplacements r\u00e9pertori\u00e9s dans votre r\u00e9pertoire. Que vous soyez responsable de la gestion d&rsquo;un site Web solitaire ou d&rsquo;un vaste r\u00e9pertoire, le gestionnaire de notation GeoDirectory Review est un outil indispensable pour la gestion des avis des clients et la culture de la confiance parmi les clients potentiels.<\/p>\n<ul>\n<li>Le GeoDirectory Review Rating Manager permet aux entreprises de mieux g\u00e9rer leurs avis et notes en ligne<\/li>\n<li>Avec cet outil, les entreprises peuvent facilement surveiller les avis sur plusieurs plateformes, notamment Google, Yelp et Facebook<\/li>\n<li>La plate-forme permet \u00e9galement aux entreprises de r\u00e9pondre aux avis rapidement et efficacement, les aidant \u00e0 constituer une solide r\u00e9putation en ligne et \u00e0 s&rsquo;engager avec les clients<\/li>\n<li>L&rsquo;outil est \u00e9quip\u00e9 d&rsquo;analyses intuitives qui permettent aux entreprises de mieux comprendre les commentaires de leurs clients et les tendances globales de leurs avis et notes<\/li>\n<li>Les entreprises peuvent utiliser cette plate-forme pour identifier les domaines qui ont besoin d&rsquo;am\u00e9lioration et d&rsquo;agir pour am\u00e9liorer leurs produits, services et exp\u00e9riences clients<\/li>\n<li>Le GeoDirectory Review Rating Manager est convivial, facile \u00e0 configurer et fournit aux entreprises une plate-forme centralis\u00e9e pour g\u00e9rer leurs critiques et notes en ligne.<\/li>\n<\/ul>\n","protected":false},"excerpt":{"rendered":"<p>Le GeoDirectory Review Rating Manager est un outil exceptionnellement robuste et extr\u00eamement puissant qui vous offre la commodit\u00e9 transparente de g\u00e9rer et d&rsquo;afficher sans effort toutes vos avis de clients inestimables directement sur votre site Web. Ce plugin remarquablement efficace vous accorde la capacit\u00e9 inestimable de rassembler et de pr\u00e9senter des notes et des avis compl\u00e8tes pour une vaste gamme d&rsquo;entreprises, de produits et de services. De plus, avec cet outil exceptionnel \u00e0 votre disposition, vous poss\u00e9dez la capacit\u00e9 remarquable de filtrer, trier et mod\u00e9rer judicieusement toutes les critiques entrantes pour garantir que seuls les commentaires de la plus haute qualit\u00e9 et les plus pertinents sont pr\u00e9sent\u00e9s \u00e0 vos visiteurs estim\u00e9s. De plus, ce plugin ph\u00e9nom\u00e9nal vous pr\u00e9sente \u00e9galement l&rsquo;opportunit\u00e9 extraordinaire de personnaliser et d&rsquo;adapter la pr\u00e9sentation de ces critiques inestimables gr\u00e2ce \u00e0 l&rsquo;utilisation d&rsquo;un large \u00e9ventail de widgets et de badges personnalisables. En vous profitant du GeoDirectory Review Rating Manager, vous vous habilitez essentiellement \u00e0 cultiver un sentiment de confiance in\u00e9branlable et de cr\u00e9dibilit\u00e9 irr\u00e9futable parmi votre client\u00e8le estim\u00e9e, car vous montrez fi\u00e8rement une pl\u00e9thore de commentaires authentiques et vraiment authentiques directement sur votre site Web estim\u00e9.<\/p>\n","protected":false},"featured_media":143980,"comment_status":"open","ping_status":"open","template":"","meta":[],"product_brand":[2560],"product_cat":[1189,1181,1186],"product_tag":[1828],"class_list":{"0":"post-112938","1":"product","2":"type-product","3":"status-publish","4":"has-post-thumbnail","6":"product_brand-ayecode","7":"product_cat-personnalisation","8":"product_cat-plugins","9":"product_cat-wordpress-plugins","10":"product_tag-ayecode","11":"member-discount","12":"discount-restricted","14":"first","15":"instock","16":"sale","17":"downloadable","18":"virtual","19":"sold-individually","20":"purchasable","21":"product-type-simple"},"_links":{"self":[{"href":"https:\/\/gpl-love.com\/fr\/wp-json\/wp\/v2\/product\/112938","targetHints":{"allow":["GET"]}}],"collection":[{"href":"https:\/\/gpl-love.com\/fr\/wp-json\/wp\/v2\/product"}],"about":[{"href":"https:\/\/gpl-love.com\/fr\/wp-json\/wp\/v2\/types\/product"}],"replies":[{"embeddable":true,"href":"https:\/\/gpl-love.com\/fr\/wp-json\/wp\/v2\/comments?post=112938"}],"wp:featuredmedia":[{"embeddable":true,"href":"https:\/\/gpl-love.com\/fr\/wp-json\/wp\/v2\/media\/143980"}],"wp:attachment":[{"href":"https:\/\/gpl-love.com\/fr\/wp-json\/wp\/v2\/media?parent=112938"}],"wp:term":[{"taxonomy":"product_brand","embeddable":true,"href":"https:\/\/gpl-love.com\/fr\/wp-json\/wp\/v2\/product_brand?post=112938"},{"taxonomy":"product_cat","embeddable":true,"href":"https:\/\/gpl-love.com\/fr\/wp-json\/wp\/v2\/product_cat?post=112938"},{"taxonomy":"product_tag","embeddable":true,"href":"https:\/\/gpl-love.com\/fr\/wp-json\/wp\/v2\/product_tag?post=112938"}],"curies":[{"name":"wp","href":"https:\/\/api.w.org\/{rel}","templated":true}]}}