{"id":112936,"date":"2024-11-17T00:00:00","date_gmt":"2024-11-16T23:00:00","guid":{"rendered":"http:\/\/gpl-love.com\/fr\/produit\/geodirectory-recaptcha\/"},"modified":"2026-03-20T23:16:24","modified_gmt":"2026-03-20T22:16:24","slug":"geodirectory-recaptcha","status":"publish","type":"product","link":"https:\/\/gpl-love.com\/fr\/produit\/geodirectory-recaptcha\/","title":{"rendered":"GeoDirectory ReCaptcha 2.3.5"},"content":{"rendered":"<h3>GeoDirectory ReCaptcha Traits<\/h3>\n<p>L&rsquo;outil GeoDirectory RecaptCha est une solution tr\u00e8s robuste et efficace qui joue un r\u00f4le essentiel dans le maintien de l&rsquo;int\u00e9grit\u00e9 et de la pr\u00e9cision des processus d&rsquo;enregistrement et de connexion sur votre site Web estim\u00e9. En obligeant les utilisateurs \u00e0 authentifier leur identit\u00e9 gr\u00e2ce \u00e0 l&rsquo;utilisation d&rsquo;un syst\u00e8me RECACTCHA rationalis\u00e9 mais remarquablement efficace, cet outil offre un niveau exceptionnel de sauvegarde contre le spam et un acc\u00e8s injustifi\u00e9. L&rsquo;int\u00e9gration de cet outil de mani\u00e8re transparente dans votre site Web est une entreprise sans tracas, et en outre, elle peut \u00eatre faite sur mesure pour r\u00e9pondre aux exigences distinctives de votre base d&rsquo;utilisateurs sp\u00e9cifiques. Peu importe que vous soyez le propri\u00e9taire d&rsquo;un blog diminutif ou d&rsquo;un Emporium en ligne tentaculaire, l&rsquo;outil GeoDirectory RecaptCha est une n\u00e9cessit\u00e9 absolue pour tout site Web qui se targue de hi\u00e9rarchiser les aspects primordiaux de la s\u00e9curit\u00e9 et de la confidentialit\u00e9 des utilisateurs.<\/p>\n<ul>\n<li>Solution de s\u00e9curit\u00e9 facile \u00e0 impl\u00e9menter pour votre site Web ou votre application<\/li>\n<li>Prot\u00e8ge contre le spam automatis\u00e9 et les robots abusifs sans emp\u00eacher les utilisateurs l\u00e9gitimes<\/li>\n<li>Utilise la technologie RecaptCha avanc\u00e9e de Google pour la d\u00e9fense la plus efficace contre le spam et les robots<\/li>\n<li>Personnalisable pour s&rsquo;adapter \u00e0 la conception et \u00e0 l&rsquo;apparence de votre site Web ou de votre application<\/li>\n<li>Compatible avec toutes les principales plateformes et langages de programmation<\/li>\n<li>Fournit des analyses et des rapports d\u00e9taill\u00e9s sur le trafic de bot et les tentatives de spam pour une gestion et une protection proactives<\/li>\n<\/ul>\n","protected":false},"excerpt":{"rendered":"<p>GeoDirectory RecaptCha est une solution logicielle tr\u00e8s efficace et efficace qui sert \u00e0 prot\u00e9ger votre site Web contre les dangers de spam ind\u00e9sirables et d&rsquo;attaques malveillantes. Cet outil de pointe est \u00e9quip\u00e9 d&rsquo;algorithmes de pointe et aliment\u00e9s par AI qui discernent et obstruent avec diligence les robots et les robots automatis\u00e9s, garantissant ainsi efficacement que vos donn\u00e9es pr\u00e9cieuses restent imperm\u00e9ables pour nuire et se prot\u00e9ger r\u00e9guli\u00e8rement. L&rsquo;int\u00e9gration transparente et le processus d&rsquo;installation convivial offert par GeoDirectory Recaptcha le rendent la solution ultime et in\u00e9gal\u00e9e pour fortifier et pr\u00e9server la s\u00e9curit\u00e9 de votre pr\u00e9sence en ligne. Par cons\u00e9quent, si vous \u00eates \u00e0 la recherche d&rsquo;un outil exceptionnellement puissant et fiable pour prot\u00e9ger votre site Web, vous n&rsquo;avez pas besoin de chercher plus loin que les capacit\u00e9s remarquables de GeoDirectory Recaptcha!<\/p>\n","protected":false},"featured_media":143979,"comment_status":"open","ping_status":"open","template":"","meta":[],"product_brand":[2560],"product_cat":[1189,1181,1186],"product_tag":[1828],"class_list":{"0":"post-112936","1":"product","2":"type-product","3":"status-publish","4":"has-post-thumbnail","6":"product_brand-ayecode","7":"product_cat-personnalisation","8":"product_cat-plugins","9":"product_cat-wordpress-plugins","10":"product_tag-ayecode","11":"member-discount","12":"discount-restricted","14":"first","15":"instock","16":"sale","17":"downloadable","18":"virtual","19":"sold-individually","20":"purchasable","21":"product-type-simple"},"_links":{"self":[{"href":"https:\/\/gpl-love.com\/fr\/wp-json\/wp\/v2\/product\/112936","targetHints":{"allow":["GET"]}}],"collection":[{"href":"https:\/\/gpl-love.com\/fr\/wp-json\/wp\/v2\/product"}],"about":[{"href":"https:\/\/gpl-love.com\/fr\/wp-json\/wp\/v2\/types\/product"}],"replies":[{"embeddable":true,"href":"https:\/\/gpl-love.com\/fr\/wp-json\/wp\/v2\/comments?post=112936"}],"wp:featuredmedia":[{"embeddable":true,"href":"https:\/\/gpl-love.com\/fr\/wp-json\/wp\/v2\/media\/143979"}],"wp:attachment":[{"href":"https:\/\/gpl-love.com\/fr\/wp-json\/wp\/v2\/media?parent=112936"}],"wp:term":[{"taxonomy":"product_brand","embeddable":true,"href":"https:\/\/gpl-love.com\/fr\/wp-json\/wp\/v2\/product_brand?post=112936"},{"taxonomy":"product_cat","embeddable":true,"href":"https:\/\/gpl-love.com\/fr\/wp-json\/wp\/v2\/product_cat?post=112936"},{"taxonomy":"product_tag","embeddable":true,"href":"https:\/\/gpl-love.com\/fr\/wp-json\/wp\/v2\/product_tag?post=112936"}],"curies":[{"name":"wp","href":"https:\/\/api.w.org\/{rel}","templated":true}]}}