{"id":112934,"date":"2026-04-18T00:00:00","date_gmt":"2026-04-17T22:00:00","guid":{"rendered":"http:\/\/gpl-love.com\/fr\/produit\/geodirectory-pricing-payment-manager\/"},"modified":"2026-04-19T00:30:35","modified_gmt":"2026-04-18T22:30:35","slug":"geodirectory-pricing-payment-manager","status":"publish","type":"product","link":"https:\/\/gpl-love.com\/fr\/produit\/geodirectory-pricing-payment-manager\/","title":{"rendered":"GeoDirectory Pricing Payment Manager 2.7.25"},"content":{"rendered":"<h3>GeoDirectory Pricing Payment Manager Traits<\/h3>\n<p>Le GeoDirectory Pricing Payment Manager sert d&rsquo;outil tr\u00e8s robuste et efficace, permettant aux entreprises de g\u00e9rer efficacement et de mani\u00e8re transparente leurs proc\u00e9dures de prix et de paiement. En utilisant ce logiciel exceptionnel, les utilisateurs ont la possibilit\u00e9 de g\u00e9n\u00e9rer et de superviser sans effort une myriade de plans de prix, de remises et de coupons pour leur large gamme de produits et services. En outre, les entreprises peuvent \u00e9tablir de nombreuses passerelles de paiement, telles que PayPal, Stripe et des options suppl\u00e9mentaires, accordant ainsi \u00e0 leur client\u00e8le la libert\u00e9 de s\u00e9lectionner leur mode de paiement pr\u00e9f\u00e9r\u00e9. Par cons\u00e9quent, cet outil in\u00e9gal\u00e9 confonde les entreprises avec la plus grande flexibilit\u00e9 et la commande requises pour g\u00e9rer avec comp\u00e9tence leurs flux de revenus. Avec son interface conviviale et un tableau de fonctions simples, le gestionnaire de paiement des prix GeoDirectory rationalise consid\u00e9rablement les processus de facturation et de paiement, en le rendant la solution par excellence pour les entreprises couvrant toutes les \u00e9chelles.<\/p>\n<ul>\n<li>Rationalise les processus de tarification et de paiement pour les sites Web d&rsquo;annuaire<\/li>\n<li>\u00c9limine le besoin de calcul et de gestion manuels des prix<\/li>\n<li>Offre des options de tarification flexibles pour les listes, les cat\u00e9gories et les r\u00e9gions<\/li>\n<li>Permet l&rsquo;int\u00e9gration de plusieurs passerelles de paiement<\/li>\n<li>G\u00e9n\u00e8re automatiquement des factures et des re\u00e7us pour les acheteurs et les vendeurs<\/li>\n<li>Fournit un historique de transaction d\u00e9taill\u00e9 et des rapports<\/li>\n<li>Active les options de marque et de conception personnalis\u00e9es pour les tables et pages de tarification<\/li>\n<li>Prend en charge les paiements r\u00e9currents pour les listes bas\u00e9es sur l&rsquo;abonnement<\/li>\n<li>Assure des transactions s\u00e9curis\u00e9es et conformes \u00e0 PCI<\/li>\n<li>Offre le support client et les mises \u00e0 jour pour la dur\u00e9e de vie du produit.<\/li>\n<\/ul>\n","protected":false},"excerpt":{"rendered":"<p>Le GeoDirectory Pricing Payment Manager est un outil incroyablement robuste qui s&rsquo;adresse \u00e0 la gestion compl\u00e8te des prix et des paiements associ\u00e9s aux annonces de r\u00e9pertoires. Cet outil vous permet d&rsquo;\u00e9tablir un assortiment de forfaits de tarification tout en supervisant sans effort les paiements, les remboursements et les annulations. De plus, il s&rsquo;int\u00e8gre parfaitement \u00e0 votre site d&rsquo;annuaire aliment\u00e9 par g\u00e9odirectory, vous offrant ainsi une autorit\u00e9 compl\u00e8te sur les proc\u00e9dures de prix et de paiement. Quelle que soit l&rsquo;\u00e9chelle de votre site d&rsquo;annuaire, que ce soit petit ou grand, le gestionnaire de paiement de tarification g\u00e9odirectoire suppose incontestablement l&rsquo;\u00e9tat d&rsquo;un outil indispensable, vous permettant d&rsquo;optimiser la g\u00e9n\u00e9ration de revenus et de rationaliser l&rsquo;efficacit\u00e9 op\u00e9rationnelle.<\/p>\n","protected":false},"featured_media":143978,"comment_status":"open","ping_status":"open","template":"","meta":[],"product_brand":[2560],"product_cat":[1189,1181,1186],"product_tag":[1828],"class_list":{"0":"post-112934","1":"product","2":"type-product","3":"status-publish","4":"has-post-thumbnail","6":"product_brand-ayecode","7":"product_cat-personnalisation","8":"product_cat-plugins","9":"product_cat-wordpress-plugins","10":"product_tag-ayecode","11":"member-discount","12":"discount-restricted","14":"first","15":"instock","16":"sale","17":"downloadable","18":"virtual","19":"sold-individually","20":"purchasable","21":"product-type-simple"},"_links":{"self":[{"href":"https:\/\/gpl-love.com\/fr\/wp-json\/wp\/v2\/product\/112934","targetHints":{"allow":["GET"]}}],"collection":[{"href":"https:\/\/gpl-love.com\/fr\/wp-json\/wp\/v2\/product"}],"about":[{"href":"https:\/\/gpl-love.com\/fr\/wp-json\/wp\/v2\/types\/product"}],"replies":[{"embeddable":true,"href":"https:\/\/gpl-love.com\/fr\/wp-json\/wp\/v2\/comments?post=112934"}],"wp:featuredmedia":[{"embeddable":true,"href":"https:\/\/gpl-love.com\/fr\/wp-json\/wp\/v2\/media\/143978"}],"wp:attachment":[{"href":"https:\/\/gpl-love.com\/fr\/wp-json\/wp\/v2\/media?parent=112934"}],"wp:term":[{"taxonomy":"product_brand","embeddable":true,"href":"https:\/\/gpl-love.com\/fr\/wp-json\/wp\/v2\/product_brand?post=112934"},{"taxonomy":"product_cat","embeddable":true,"href":"https:\/\/gpl-love.com\/fr\/wp-json\/wp\/v2\/product_cat?post=112934"},{"taxonomy":"product_tag","embeddable":true,"href":"https:\/\/gpl-love.com\/fr\/wp-json\/wp\/v2\/product_tag?post=112934"}],"curies":[{"name":"wp","href":"https:\/\/api.w.org\/{rel}","templated":true}]}}