{"id":112932,"date":"2026-03-27T00:00:00","date_gmt":"2026-03-26T23:00:00","guid":{"rendered":"http:\/\/gpl-love.com\/fr\/produit\/geodirectory-marker-cluster\/"},"modified":"2026-03-27T17:30:28","modified_gmt":"2026-03-27T16:30:28","slug":"geodirectory-marker-cluster","status":"publish","type":"product","link":"https:\/\/gpl-love.com\/fr\/produit\/geodirectory-marker-cluster\/","title":{"rendered":"GeoDirectory Marker Cluster 2.3.4"},"content":{"rendered":"<h3>GeoDirectory Marker Cluster Traits<\/h3>\n<p>Le groupe de marqueurs g\u00e9odirectoraux poss\u00e8de des capacit\u00e9s impressionnantes en termes d&rsquo;organisation et de pr\u00e9sentation de vastes collections de donn\u00e9es de localisation. En utilisant cet outil, vous avez la possibilit\u00e9 d&rsquo;amalgamer de mani\u00e8re transparente les marqueurs adjacents en grappes, facilitant ainsi la navigation et l&rsquo;exploration des utilisateurs de votre carte. Le cluster de marqueur propose des options de personnalisation approfondies, vous permettant de modifier l&rsquo;esth\u00e9tique visuelle et les fonctionnalit\u00e9s interactives de vos clusters conform\u00e9ment \u00e0 vos exigences sp\u00e9cifiques. Que vous construisiez un r\u00e9pertoire commercial complet, une carte immobili\u00e8re ou toute autre application centr\u00e9e sur la localisation, le cluster de marqueur g\u00e9odirectoral sert de ressource inestimable dans la pr\u00e9sentation efficace et captivante de vos donn\u00e9es.<\/p>\n<ul>\n<li>Aide \u00e0 g\u00e9rer un grand nombre de marqueurs sur votre carte<\/li>\n<li>Marqueurs de clusters bas\u00e9s sur la proximit\u00e9 pour am\u00e9liorer la lisibilit\u00e9 de la carte<\/li>\n<li>Met \u00e0 jour dynamiquement les clusters lorsque vous zoomez et sortez de la carte<\/li>\n<li>Ic\u00f4nes et fen\u00eatres de grappe personnalisables<\/li>\n<li>Compatible avec les cartes g\u00e9odirectorales et WordPress<\/li>\n<li>Capacit\u00e9 \u00e0 filtrer les marqueurs par cat\u00e9gorie, \u00e9tiquette ou emplacement<\/li>\n<li>Inclure une fonction de recherche pour trouver facilement des marqueurs sur la carte<\/li>\n<li>La conception r\u00e9active fonctionne bien sur les appareils de bureau et mobiles<\/li>\n<li>Facile \u00e0 installer et \u00e0 utiliser<\/li>\n<li>Interface intuitive pour g\u00e9rer les marqueurs et les clusters sur la carte.<\/li>\n<\/ul>\n","protected":false},"excerpt":{"rendered":"<p>Le plugin GeoDirectory Marker Cluster est un outil exceptionnellement robuste sp\u00e9cialement con\u00e7u pour faciliter la gestion et l&rsquo;organisation efficaces de vos listes de r\u00e9pertoires. Gr\u00e2ce \u00e0 l&rsquo;utilisation de son interface tr\u00e8s conviviale, vous \u00eates autoris\u00e9 \u00e0 regrouper sans effort les marqueurs de carte, en les pr\u00e9sentant par la suite en tant que clusters compact\u00e9s facilement sur votre carte de r\u00e9pertoire. Cette fonctionnalit\u00e9 inh\u00e9rente am\u00e9liore consid\u00e9rablement la capacit\u00e9 de vos visiteurs \u00e0 naviguer sans effort et \u00e0 explorer minutieusement votre r\u00e9pertoire, optimisant simultan\u00e9ment les performances globales de votre site Web en r\u00e9duisant consid\u00e9rablement les donn\u00e9es volumineuses qui n\u00e9cessitent un chargement simultan\u00e9. Quelle que soit la nature sp\u00e9cifique de votre site d&rsquo;annuaire, qu&rsquo;il s&rsquo;agisse d&rsquo;un r\u00e9pertoire commercial m\u00e9ticuleusement organis\u00e9, d&rsquo;un portail immobilier complet ou de toute variante alternative, l&rsquo;utilit\u00e9 in\u00e9branlable du plugin GeoDirectory Marker Cluster It une ressource indispensable dans le but de soulager l&rsquo;exp\u00e9rience utilisateur et augmenter les niveaux d&rsquo;engagement globaux sur votre plate-forme estim\u00e9e.<\/p>\n","protected":false},"featured_media":143977,"comment_status":"open","ping_status":"open","template":"","meta":[],"product_brand":[2560],"product_cat":[1189,1181,1186],"product_tag":[1828],"class_list":{"0":"post-112932","1":"product","2":"type-product","3":"status-publish","4":"has-post-thumbnail","6":"product_brand-ayecode","7":"product_cat-personnalisation","8":"product_cat-plugins","9":"product_cat-wordpress-plugins","10":"product_tag-ayecode","11":"member-discount","12":"discount-restricted","14":"first","15":"instock","16":"sale","17":"downloadable","18":"virtual","19":"sold-individually","20":"purchasable","21":"product-type-simple"},"_links":{"self":[{"href":"https:\/\/gpl-love.com\/fr\/wp-json\/wp\/v2\/product\/112932","targetHints":{"allow":["GET"]}}],"collection":[{"href":"https:\/\/gpl-love.com\/fr\/wp-json\/wp\/v2\/product"}],"about":[{"href":"https:\/\/gpl-love.com\/fr\/wp-json\/wp\/v2\/types\/product"}],"replies":[{"embeddable":true,"href":"https:\/\/gpl-love.com\/fr\/wp-json\/wp\/v2\/comments?post=112932"}],"wp:featuredmedia":[{"embeddable":true,"href":"https:\/\/gpl-love.com\/fr\/wp-json\/wp\/v2\/media\/143977"}],"wp:attachment":[{"href":"https:\/\/gpl-love.com\/fr\/wp-json\/wp\/v2\/media?parent=112932"}],"wp:term":[{"taxonomy":"product_brand","embeddable":true,"href":"https:\/\/gpl-love.com\/fr\/wp-json\/wp\/v2\/product_brand?post=112932"},{"taxonomy":"product_cat","embeddable":true,"href":"https:\/\/gpl-love.com\/fr\/wp-json\/wp\/v2\/product_cat?post=112932"},{"taxonomy":"product_tag","embeddable":true,"href":"https:\/\/gpl-love.com\/fr\/wp-json\/wp\/v2\/product_tag?post=112932"}],"curies":[{"name":"wp","href":"https:\/\/api.w.org\/{rel}","templated":true}]}}