{"id":112930,"date":"2026-01-23T00:00:00","date_gmt":"2026-01-22T23:00:00","guid":{"rendered":"http:\/\/gpl-love.com\/fr\/produit\/geodirectory-location-manager\/"},"modified":"2026-04-03T18:30:29","modified_gmt":"2026-04-03T16:30:29","slug":"geodirectory-location-manager","status":"publish","type":"product","link":"https:\/\/gpl-love.com\/fr\/produit\/geodirectory-location-manager\/","title":{"rendered":"GeoDirectory Location Manager 2.3.36"},"content":{"rendered":"<h3>GeoDirectory Location Manager Traits<\/h3>\n<p>Le GeoDirectory Location Manager est un outil tr\u00e8s robuste et puissamment con\u00e7u qui a \u00e9t\u00e9 sp\u00e9cifiquement con\u00e7u pour aider efficacement les entreprises \u00e0 g\u00e9rer efficacement leurs donn\u00e9es de localisation. En utilisant ce logiciel exceptionnel, les entreprises sont autoris\u00e9es \u00e0 saisir, \u00e0 stocker en toute s\u00e9curit\u00e9 et \u00e0 g\u00e9rer en toute s\u00e9curit\u00e9 toutes leurs donn\u00e9es de localisation cruciales, \u00e0 englober les d\u00e9tails vitaux tels que les adresses, les num\u00e9ros de t\u00e9l\u00e9phone et divers autres informations cl\u00e9s. Un attribut exceptionnel de ce logiciel r\u00e9side dans son niveau de personnalisation remarquable, qui permet aux entreprises d&rsquo;adapter impeccablement leurs informations de localisation conform\u00e9ment \u00e0 leurs exigences individualis\u00e9es et sp\u00e9cifiques. De plus, le GeoDirectory Location Manager poss\u00e8de une gamme de capacit\u00e9s de rapports tr\u00e8s avanc\u00e9es et compl\u00e8tes, permettant ainsi aux entreprises de suivre m\u00e9ticuleusement, d&rsquo;analyser rigoureusement et d&rsquo;\u00e9valuer astucieusement leurs donn\u00e9es de localisation sur des p\u00e9riodes prolong\u00e9es. Ainsi, il devient \u00e9vident que ce logiciel est une n\u00e9cessit\u00e9 absolue pour toute entreprise qui aspire \u00e0 am\u00e9liorer ses capacit\u00e9s de gestion de localisation et \u00e0 rationaliser efficacement leurs op\u00e9rations.<\/p>\n<ul>\n<li>Permet aux utilisateurs de g\u00e9rer et d&rsquo;afficher les donn\u00e9es de localisation sur leur site Web<\/li>\n<li>Peut importer des donn\u00e9es de localisation provenant de diverses sources, telles que des feuilles de calcul ou des appareils GPS<\/li>\n<li>Offre une vari\u00e9t\u00e9 d&rsquo;options de personnalisation pour la fa\u00e7on dont les donn\u00e9es de localisation sont affich\u00e9es, y compris les cartes et les fonctions de recherche<\/li>\n<li>Fournit aux utilisateurs des outils pour g\u00e9rer plusieurs emplacements et les cat\u00e9goriser par type ou r\u00e9gion<\/li>\n<li>Comprend une compatibilit\u00e9 int\u00e9gr\u00e9e avec les th\u00e8mes et plugins WordPress populaires<\/li>\n<li>Offre des fonctionnalit\u00e9s avanc\u00e9es pour les d\u00e9veloppeurs, tels que l&rsquo;acc\u00e8s \u00e0 l&rsquo;API et la cr\u00e9ation de champ personnalis\u00e9e<\/li>\n<li>Fournit une documentation compl\u00e8te et des ressources de support pour les utilisateurs de tous les niveaux de comp\u00e9tence<\/li>\n<li>Offre des plans de prix abordables pour les entreprises de toutes tailles, avec des options flexibles pour la mise \u00e0 l&rsquo;\u00e9chelle de l&rsquo;utilisation au besoin.<\/li>\n<\/ul>\n","protected":false},"excerpt":{"rendered":"<p>Le GeoDirectory Location Manager est un outil incroyablement robuste et efficace qui donne aux entreprises la possibilit\u00e9 d&rsquo;am\u00e9liorer et d&rsquo;optimiser leur pr\u00e9sence en ligne en pr\u00e9sentant avec pr\u00e9cision leurs diff\u00e9rents emplacements sur diverses plateformes de cartographie et moteurs de recherche. En utilisant ces logiciels conviviaux et accessibles, les entreprises ont la possibilit\u00e9 d&rsquo;incorporer sans effort de nombreux emplacements, de g\u00e9rer avec diligence leurs adresses respectives et d&rsquo;adapter leurs cartes pour s&rsquo;aligner parfaitement avec leur identit\u00e9 de marque distinctive. De plus, le gestionnaire de localisation poss\u00e8de une multitude de fonctionnalit\u00e9s avantageuses telles que le g\u00e9ocodage, le calcul de la distance et les capacit\u00e9s de recherche bas\u00e9es sur la localisation, qui collaborent toutes harmonieusement pour accro\u00eetre la visibilit\u00e9 des entreprises et augmenter consid\u00e9rablement leur client\u00e8le. Avec le responsable de l&#8217;emplacement GeoDirectory \u00e0 sa disposition, les entreprises peuvent garantir avec confiance que leur pr\u00e9cieux client\u00e8le peut les localiser sans effort et rapidement, quelle que soit leur sort g\u00e9ographique actuel.<\/p>\n","protected":false},"featured_media":143976,"comment_status":"open","ping_status":"open","template":"","meta":[],"product_brand":[2560],"product_cat":[1189,1181,1186],"product_tag":[1828],"class_list":{"0":"post-112930","1":"product","2":"type-product","3":"status-publish","4":"has-post-thumbnail","6":"product_brand-ayecode","7":"product_cat-personnalisation","8":"product_cat-plugins","9":"product_cat-wordpress-plugins","10":"product_tag-ayecode","11":"member-discount","12":"discount-restricted","14":"first","15":"instock","16":"sale","17":"downloadable","18":"virtual","19":"sold-individually","20":"purchasable","21":"product-type-simple"},"_links":{"self":[{"href":"https:\/\/gpl-love.com\/fr\/wp-json\/wp\/v2\/product\/112930","targetHints":{"allow":["GET"]}}],"collection":[{"href":"https:\/\/gpl-love.com\/fr\/wp-json\/wp\/v2\/product"}],"about":[{"href":"https:\/\/gpl-love.com\/fr\/wp-json\/wp\/v2\/types\/product"}],"replies":[{"embeddable":true,"href":"https:\/\/gpl-love.com\/fr\/wp-json\/wp\/v2\/comments?post=112930"}],"wp:featuredmedia":[{"embeddable":true,"href":"https:\/\/gpl-love.com\/fr\/wp-json\/wp\/v2\/media\/143976"}],"wp:attachment":[{"href":"https:\/\/gpl-love.com\/fr\/wp-json\/wp\/v2\/media?parent=112930"}],"wp:term":[{"taxonomy":"product_brand","embeddable":true,"href":"https:\/\/gpl-love.com\/fr\/wp-json\/wp\/v2\/product_brand?post=112930"},{"taxonomy":"product_cat","embeddable":true,"href":"https:\/\/gpl-love.com\/fr\/wp-json\/wp\/v2\/product_cat?post=112930"},{"taxonomy":"product_tag","embeddable":true,"href":"https:\/\/gpl-love.com\/fr\/wp-json\/wp\/v2\/product_tag?post=112930"}],"curies":[{"name":"wp","href":"https:\/\/api.w.org\/{rel}","templated":true}]}}