{"id":112928,"date":"2025-07-28T00:00:00","date_gmt":"2025-07-27T22:00:00","guid":{"rendered":"http:\/\/gpl-love.com\/fr\/produit\/geodirectory-list-manager\/"},"modified":"2026-03-20T23:16:21","modified_gmt":"2026-03-20T22:16:21","slug":"geodirectory-list-manager","status":"publish","type":"product","link":"https:\/\/gpl-love.com\/fr\/produit\/geodirectory-list-manager\/","title":{"rendered":"GeoDirectory List Manager 2.3.9"},"content":{"rendered":"<h3>GeoDirectory List Manager Traits<\/h3>\n<p>Le GeoDirectory List Manager est un outil tr\u00e8s robuste et efficace qui donne aux utilisateurs la possibilit\u00e9 de g\u00e9rer et d&rsquo;organiser sans effort leurs r\u00e9pertoires. Ce logiciel ph\u00e9nom\u00e9nal pr\u00e9sente une interface non seulement conviviale mais poss\u00e8de \u00e9galement des fonctionnalit\u00e9s avanc\u00e9es. Par cons\u00e9quent, les organisations peuvent sans effort ins\u00e9rer et g\u00e9rer efficacement leurs listes \u00e0 partir d&rsquo;un emplacement centralis\u00e9. Le logiciel a \u00e9t\u00e9 habilement con\u00e7u pour offrir des donn\u00e9es de localisation pr\u00e9cises tout en accordant simultan\u00e9ment aux utilisateurs la possibilit\u00e9 d&rsquo;enrichir leurs listes avec des informations suppl\u00e9mentaires telles que des photographies captivantes, des descriptions d\u00e9taill\u00e9es et des critiques pr\u00e9cieuses. En capitalisant sur le gestionnaire de liste g\u00e9odirectorale, les entreprises peuvent rationaliser avec succ\u00e8s leur processus de gestion des r\u00e9pertoires, renforcer nettement leur visibilit\u00e9 en ligne et am\u00e9liorer consid\u00e9rablement leur classement de moteur de recherche. Essentiellement, ce logiciel est un outil indispensable que les entreprises doivent exploiter s&rsquo;ils sont vraiment d\u00e9termin\u00e9s \u00e0 cultiver une pr\u00e9sence en ligne plus forte et \u00e0 s\u00e9duire avec succ\u00e8s un plus grand nombre de clients.<\/p>\n<ul>\n<li>Rationalisez la gestion de votre g\u00e9o-r\u00e9pertoire avec facilit\u00e9<\/li>\n<li>Organisez et cat\u00e9gorisez votre r\u00e9pertoire par emplacement, cat\u00e9gorie et plus<\/li>\n<li>Rechercher et filtrer efficacement via des milliers de listes rapidement<\/li>\n<li>Simplifiez le processus d&rsquo;ajout \/ modification \/ supprimer des listes<\/li>\n<li>Conception personnalisable pour correspondre \u00e0 la marque et au th\u00e8me de votre site Web<\/li>\n<li>Possibilit\u00e9 d&rsquo;importer \/ exporter des donn\u00e9es vers votre g\u00e9o-r\u00e9pertoire \u00e0 partir d&rsquo;autres sources<\/li>\n<li>Automatiser le processus d&rsquo;approbation des nouvelles annonces<\/li>\n<li>Rapports avanc\u00e9s du trafic et de l&rsquo;utilisation de votre r\u00e9pertoire<\/li>\n<li>Int\u00e9gration avec les principales plateformes CMS comme WordPress, Joomla et Drupal<\/li>\n<li>Prise en charge 24\/7 et mises \u00e0 jour pour assurer les meilleures performances et fonctionnalit\u00e9s<\/li>\n<\/ul>\n","protected":false},"excerpt":{"rendered":"<p>GeoDirectory List Manager est un outil tr\u00e8s robuste et efficace, offrant aux utilisateurs la possibilit\u00e9 de cr\u00e9er et de g\u00e9rer efficacement leurs propres r\u00e9pertoires g\u00e9ographiques uniques. Ce logiciel exceptionnel permet aux utilisateurs la capacit\u00e9 transparente d&rsquo;ajouter, d&rsquo;\u00e9diter et d&rsquo;\u00e9liminer sans effort les listes, tout en leur offrant \u00e9galement l&rsquo;occasion inestimable de classer et d&rsquo;organiser sans effort ces listes en fonction de l&#8217;emplacement ou de la cat\u00e9gorie. De plus, ce logiciel remarquable se vante \u00e9galement de ses options de filtrage hautement sophistiqu\u00e9es, qui permettent aux utilisateurs de rechercher sans effort et rapidement des entreprises ou des services sp\u00e9cifiques au sein de leur r\u00e9pertoire. Avec son interface incroyablement intuitive et conviviale, associ\u00e9e \u00e0 ses fonctionnalit\u00e9s hautement personnalisables, GeoDirectory List Manager sert de solution par excellence pour les entreprises et les organisations, cherchant \u00e0 \u00e9tablir et \u00e0 maintenir un r\u00e9pertoire global et complet de ressources locales pertinentes.<\/p>\n","protected":false},"featured_media":143975,"comment_status":"open","ping_status":"open","template":"","meta":[],"product_brand":[2560],"product_cat":[1189,1181,1186],"product_tag":[1828],"class_list":{"0":"post-112928","1":"product","2":"type-product","3":"status-publish","4":"has-post-thumbnail","6":"product_brand-ayecode","7":"product_cat-personnalisation","8":"product_cat-plugins","9":"product_cat-wordpress-plugins","10":"product_tag-ayecode","11":"member-discount","12":"discount-restricted","14":"first","15":"instock","16":"sale","17":"downloadable","18":"virtual","19":"sold-individually","20":"purchasable","21":"product-type-simple"},"_links":{"self":[{"href":"https:\/\/gpl-love.com\/fr\/wp-json\/wp\/v2\/product\/112928","targetHints":{"allow":["GET"]}}],"collection":[{"href":"https:\/\/gpl-love.com\/fr\/wp-json\/wp\/v2\/product"}],"about":[{"href":"https:\/\/gpl-love.com\/fr\/wp-json\/wp\/v2\/types\/product"}],"replies":[{"embeddable":true,"href":"https:\/\/gpl-love.com\/fr\/wp-json\/wp\/v2\/comments?post=112928"}],"wp:featuredmedia":[{"embeddable":true,"href":"https:\/\/gpl-love.com\/fr\/wp-json\/wp\/v2\/media\/143975"}],"wp:attachment":[{"href":"https:\/\/gpl-love.com\/fr\/wp-json\/wp\/v2\/media?parent=112928"}],"wp:term":[{"taxonomy":"product_brand","embeddable":true,"href":"https:\/\/gpl-love.com\/fr\/wp-json\/wp\/v2\/product_brand?post=112928"},{"taxonomy":"product_cat","embeddable":true,"href":"https:\/\/gpl-love.com\/fr\/wp-json\/wp\/v2\/product_cat?post=112928"},{"taxonomy":"product_tag","embeddable":true,"href":"https:\/\/gpl-love.com\/fr\/wp-json\/wp\/v2\/product_tag?post=112928"}],"curies":[{"name":"wp","href":"https:\/\/api.w.org\/{rel}","templated":true}]}}