{"id":112926,"date":"2025-04-14T00:00:00","date_gmt":"2025-04-13T22:00:00","guid":{"rendered":"http:\/\/gpl-love.com\/fr\/produit\/geodirectory-franchise-manager\/"},"modified":"2026-03-20T23:16:19","modified_gmt":"2026-03-20T22:16:19","slug":"geodirectory-franchise-manager","status":"publish","type":"product","link":"https:\/\/gpl-love.com\/fr\/produit\/geodirectory-franchise-manager\/","title":{"rendered":"GeoDirectory Franchise Manager 2.3.8"},"content":{"rendered":"<h3>GeoDirectory Franchise Manager Traits<\/h3>\n<p>Le GeoDirectory Franchise Manager est une solution tr\u00e8s robuste et incroyablement compl\u00e8te qui aide grandement les entreprises \u00e0 g\u00e9rer et \u00e0 rationaliser efficacement leurs op\u00e9rations de franchise. Ce logiciel de premier ordre offre une large gamme de fonctionnalit\u00e9s avanc\u00e9es et de pointe qui incluent la gestion centralis\u00e9e des emplacements de franchise, les capacit\u00e9s de rapport en temps r\u00e9el, les tableaux de bord hautement personnalisables et une impressionnante gamme d&rsquo;outils de marketing con\u00e7us sp\u00e9cifiquement pour optimiser et am\u00e9liorer l&rsquo;engagement du franchis\u00e9. De plus, ce progiciel exceptionnel propose une interface incroyablement conviviale qui permet aux propri\u00e9taires de franchises de superviser sans effort tous les aspects de leurs op\u00e9rations, de suivre avec pr\u00e9cision les mesures de performances et de prendre des d\u00e9cisions \u00e9clair\u00e9es et ax\u00e9es sur les donn\u00e9es qui stimuleront finalement le succ\u00e8s et la rentabilit\u00e9. En outre, le gestionnaire de franchise GeoDirectory garantit sans effort le plus grand nombre de s\u00e9curit\u00e9 et de protection des informations sensibles et confidentielles, ainsi que la garantie de la conformit\u00e9 \u00e0 toutes les normes et r\u00e9glementations pertinents de l&rsquo;industrie. En fin de compte, le gestionnaire de franchise GeoDirectory est une solution compl\u00e8te et globale qui simplifie et rationalise toutes les facettes de la gestion de la franchise, permettant ainsi aux entreprises de cro\u00eetre sans effort et d&rsquo;\u00e9tendre leur port\u00e9e avec une facilit\u00e9 et une efficacit\u00e9 in\u00e9gal\u00e9es.<\/p>\n<ul>\n<li>Plate-forme compl\u00e8te pour g\u00e9rer les op\u00e9rations de franchise<\/li>\n<li>Centralise la gestion de plusieurs emplacements<\/li>\n<li>Outils int\u00e9gr\u00e9s pour le support et la communication du franchis\u00e9<\/li>\n<li>Tableau de bord personnalisable pour suivre les indicateurs de performances cl\u00e9s (KPI)<\/li>\n<li>Des fonctionnalit\u00e9s de rapport robustes pour un aper\u00e7u en temps r\u00e9el des performances op\u00e9rationnelles<\/li>\n<li>Simplifie les processus de gestion et de commande des stocks<\/li>\n<li>Interface conviviale pour un acc\u00e8s et une entr\u00e9e sur le pouce<\/li>\n<li>Int\u00e9gration avec des syst\u00e8mes et services tiers pour l&rsquo;\u00e9volutivit\u00e9 et la flexibilit\u00e9.<\/li>\n<\/ul>\n","protected":false},"excerpt":{"rendered":"<p>Le GeoDirectory Franchise Manager est une solution logicielle incroyablement avanc\u00e9e et tr\u00e8s sophistiqu\u00e9e qui a \u00e9t\u00e9 sp\u00e9cifiquement cr\u00e9\u00e9e pour les propri\u00e9taires d&rsquo;entreprises de franchise qui cherchent \u00e0 g\u00e9rer et \u00e0 g\u00e9rer efficacement et \u00e0 rationaliser efficacement leurs op\u00e9rations de franchise. Ce logiciel remarquable est \u00e9quip\u00e9 d&rsquo;une gamme d&rsquo;outils extr\u00eamement puissants qui vous permettent de g\u00e9rer et de superviser sans effort tous les aspects de vos franchises. De plus, il vous permet de lancer sans effort des campagnes de marketing et de publicit\u00e9 tr\u00e8s efficaces, ainsi que de surveiller m\u00e9ticuleusement les performances des ventes de chacun de vos emplacements, tous \u00e0 partir d&rsquo;un tableau de bord centralis\u00e9 et pratique. Ce qui distingue vraiment le gestionnaire de franchise GeoDirectory \u00e0 part d&rsquo;autres options logicielles similaires, c&rsquo;est sa flexibilit\u00e9 exceptionnelle en termes de prix et d&rsquo;\u00e9volutivit\u00e9, ce qui en fait une solution exceptionnellement intelligente qui a la capacit\u00e9 de contribuer de mani\u00e8re significative \u00e0 la croissance et \u00e0 l&rsquo;expansion rapides de votre entreprise. De plus, ce logiciel ph\u00e9nom\u00e9nal poss\u00e8de une gamme de fonctionnalit\u00e9s avanc\u00e9es qui incluent la possibilit\u00e9 d&rsquo;acc\u00e9der aux donn\u00e9es en temps r\u00e9el, en vous assurant que vous disposez toujours des informations les plus \u00e0 jour \u00e0 port\u00e9e de main. De plus, il fournit un stockage de donn\u00e9es s\u00e9curis\u00e9, garantissant que toutes vos donn\u00e9es de gestion de franchise importantes et sensibles sont maintenues compl\u00e8tement en s\u00e9curit\u00e9 et prot\u00e9g\u00e9es. Enfin et surtout, le GeoDirectory Franchise Manager propose une interface conviviale, garantissant que m\u00eame ceux qui ne sont pas particuli\u00e8rement avertis peuvent facilement naviguer et utiliser toutes les fonctionnalit\u00e9s et fonctions incroyables que ce logiciel a \u00e0 offrir. Avec le gestionnaire de franchise GeoDirectory, la gestion des franchises n&rsquo;a jamais \u00e9t\u00e9 aussi facile ou plus accessible!<\/p>\n","protected":false},"featured_media":143973,"comment_status":"open","ping_status":"open","template":"","meta":[],"product_brand":[2560],"product_cat":[1189,1181,1186],"product_tag":[1828],"class_list":{"0":"post-112926","1":"product","2":"type-product","3":"status-publish","4":"has-post-thumbnail","6":"product_brand-ayecode","7":"product_cat-personnalisation","8":"product_cat-plugins","9":"product_cat-wordpress-plugins","10":"product_tag-ayecode","11":"member-discount","12":"discount-restricted","14":"first","15":"instock","16":"sale","17":"downloadable","18":"virtual","19":"sold-individually","20":"purchasable","21":"product-type-simple"},"_links":{"self":[{"href":"https:\/\/gpl-love.com\/fr\/wp-json\/wp\/v2\/product\/112926","targetHints":{"allow":["GET"]}}],"collection":[{"href":"https:\/\/gpl-love.com\/fr\/wp-json\/wp\/v2\/product"}],"about":[{"href":"https:\/\/gpl-love.com\/fr\/wp-json\/wp\/v2\/types\/product"}],"replies":[{"embeddable":true,"href":"https:\/\/gpl-love.com\/fr\/wp-json\/wp\/v2\/comments?post=112926"}],"wp:featuredmedia":[{"embeddable":true,"href":"https:\/\/gpl-love.com\/fr\/wp-json\/wp\/v2\/media\/143973"}],"wp:attachment":[{"href":"https:\/\/gpl-love.com\/fr\/wp-json\/wp\/v2\/media?parent=112926"}],"wp:term":[{"taxonomy":"product_brand","embeddable":true,"href":"https:\/\/gpl-love.com\/fr\/wp-json\/wp\/v2\/product_brand?post=112926"},{"taxonomy":"product_cat","embeddable":true,"href":"https:\/\/gpl-love.com\/fr\/wp-json\/wp\/v2\/product_cat?post=112926"},{"taxonomy":"product_tag","embeddable":true,"href":"https:\/\/gpl-love.com\/fr\/wp-json\/wp\/v2\/product_tag?post=112926"}],"curies":[{"name":"wp","href":"https:\/\/api.w.org\/{rel}","templated":true}]}}