{"id":112924,"date":"2021-02-09T00:00:00","date_gmt":"2021-02-08T23:00:00","guid":{"rendered":"http:\/\/gpl-love.com\/fr\/produit\/geodirectory-framework-wordpress-theme\/"},"modified":"2026-03-20T23:16:18","modified_gmt":"2026-03-20T22:16:18","slug":"geodirectory-framework-wordpress-theme","status":"publish","type":"product","link":"https:\/\/gpl-love.com\/fr\/produit\/geodirectory-framework-wordpress-theme\/","title":{"rendered":"GeoDirectory Framework Wordpress Theme 2.0.0.6"},"content":{"rendered":"<h3>GeoDirectory Framework Wordpress Theme Traits<\/h3>\n<p>Le th\u00e8me WordPress du cadre g\u00e9odirectoral est un th\u00e8me exceptionnellement puissant qui a \u00e9t\u00e9 m\u00e9ticuleusement con\u00e7u pour aider les utilisateurs \u00e0 construire sans effort un site Web de r\u00e9pertoire complet. Ce th\u00e8me est abondamment \u00e9quip\u00e9 d&rsquo;une vaste gamme de fonctionnalit\u00e9s et de fonctionnalit\u00e9s, facilitant ainsi la cr\u00e9ation de sites Web visuellement captivants, r\u00e9actifs et conviviaux. En utilisant le cadre g\u00e9odirectoire, les individus peuvent g\u00e9n\u00e9rer rapidement et sans effort sans effort, administrer efficacement les utilisateurs et m\u00eame profiter de leur site Web gr\u00e2ce \u00e0 l&rsquo;utilisation d&rsquo;options de paiement avanc\u00e9es. En outre, ce th\u00e8me englobe un assortiment de widgets personnalis\u00e9s, de codes short et d&rsquo;une vaste s\u00e9lection d&rsquo;autres alternatives de personnalisation, qui contribuent toutes \u00e0 l&rsquo;am\u00e9lioration et \u00e0 la distinction de votre site Web. Que vous ayez l&rsquo;intention de fabriquer un r\u00e9pertoire cibl\u00e9 pour votre communaut\u00e9 locale ou un vaste r\u00e9pertoire mondial, le th\u00e8me WordPress du cadre g\u00e9odirectoral sert de solution par excellence pour atteindre vos objectifs avec succ\u00e8s.<\/p>\n<ul>\n<li>Un th\u00e8me WordPress puissant et personnalisable con\u00e7u sp\u00e9cifiquement pour cr\u00e9er des sites Web d&rsquo;annuaire<\/li>\n<li>S&rsquo;int\u00e8gre au plugin GeoDirectory pour ajouter des fonctionnalit\u00e9s de r\u00e9pertoire, y compris les formulaires de soumission frontale et les options de recherche avanc\u00e9es<\/li>\n<li>Builder de page de glisser-d\u00e9poser facile \u00e0 utiliser pour cr\u00e9er des pages et des dispositions personnalis\u00e9es<\/li>\n<li>Conception enti\u00e8rement r\u00e9active pour vous assurer que votre r\u00e9pertoire a fi\u00e8re allure sur tous les appareils<\/li>\n<li>Options de mon\u00e9tisation int\u00e9gr\u00e9es, y compris les listes payantes et les banni\u00e8res publicitaires<\/li>\n<li>Fonctionnalit\u00e9s de cartographie avanc\u00e9es, y compris l&rsquo;int\u00e9gration Google Maps et la prise en charge de la Mapbox<\/li>\n<li>Excellent soutien et documentation pour vous assurer de tirer le meilleur parti de votre site Web d&rsquo;annuaire<\/li>\n<li>Mises \u00e0 jour r\u00e9guli\u00e8res et am\u00e9liorations pour rester en avance sur la concurrence et offrir la meilleure exp\u00e9rience utilisateur possible<\/li>\n<\/ul>\n","protected":false},"excerpt":{"rendered":"<p>Le th\u00e8me WordPress du framework g\u00e9odirectoral est un syst\u00e8me incroyablement robuste et convivial qui vous accorde la possibilit\u00e9 de g\u00e9n\u00e9rer sans effort des r\u00e9pertoires et des listes de n&rsquo;importe quelle nature. Ce th\u00e8me remarquable poss\u00e8de des fonctionnalit\u00e9s avanc\u00e9es coupl\u00e9es \u00e0 une interface intuitive, vous permettant de fa\u00e7onner rapidement et facilement un site Web impressionnant qui met parfaitement pr\u00e9sent\u00e9 vos listes de mani\u00e8re la plus optimale imaginable. Il importe que votre objectif soit d&rsquo;\u00e9tablir un r\u00e9pertoire de restaurants, d&rsquo;h\u00f4tels, d&rsquo;entreprises ou de tout autre type de liste, car ce th\u00e8me sert de solution par excellence. De plus, il englobe un large \u00e9ventail d&rsquo;options de personnalisation, y compris un assortiment de dispositions et de styles, garantissant ainsi que vous poss\u00e9dez la capacit\u00e9 de construire un site Web impr\u00e9gn\u00e9 d&rsquo;une apparence et d&rsquo;une ambiance distinctes. En utilisant le cadre GeoDirectory, vous pouvez \u00e9lever le statut de votre site Web d&rsquo;annuaire \u00e0 des hauteurs sans pr\u00e9c\u00e9dent, offrant \u00e0 vos visiteurs estim\u00e9s une exp\u00e9rience utilisateur in\u00e9gal\u00e9e qui favorise de mani\u00e8re transparente l&rsquo;engagement et la conversion.<\/p>\n","protected":false},"featured_media":143972,"comment_status":"open","ping_status":"open","template":"","meta":[],"product_brand":[2560],"product_cat":[1242,1212,1213],"product_tag":[1828],"class_list":{"0":"post-112924","1":"product","2":"type-product","3":"status-publish","4":"has-post-thumbnail","6":"product_brand-ayecode","7":"product_cat-creatif","8":"product_cat-themes","9":"product_cat-wordpress-themes","10":"product_tag-ayecode","11":"member-discount","12":"discount-restricted","14":"first","15":"instock","16":"sale","17":"downloadable","18":"virtual","19":"sold-individually","20":"purchasable","21":"product-type-simple"},"_links":{"self":[{"href":"https:\/\/gpl-love.com\/fr\/wp-json\/wp\/v2\/product\/112924","targetHints":{"allow":["GET"]}}],"collection":[{"href":"https:\/\/gpl-love.com\/fr\/wp-json\/wp\/v2\/product"}],"about":[{"href":"https:\/\/gpl-love.com\/fr\/wp-json\/wp\/v2\/types\/product"}],"replies":[{"embeddable":true,"href":"https:\/\/gpl-love.com\/fr\/wp-json\/wp\/v2\/comments?post=112924"}],"wp:featuredmedia":[{"embeddable":true,"href":"https:\/\/gpl-love.com\/fr\/wp-json\/wp\/v2\/media\/143972"}],"wp:attachment":[{"href":"https:\/\/gpl-love.com\/fr\/wp-json\/wp\/v2\/media?parent=112924"}],"wp:term":[{"taxonomy":"product_brand","embeddable":true,"href":"https:\/\/gpl-love.com\/fr\/wp-json\/wp\/v2\/product_brand?post=112924"},{"taxonomy":"product_cat","embeddable":true,"href":"https:\/\/gpl-love.com\/fr\/wp-json\/wp\/v2\/product_cat?post=112924"},{"taxonomy":"product_tag","embeddable":true,"href":"https:\/\/gpl-love.com\/fr\/wp-json\/wp\/v2\/product_tag?post=112924"}],"curies":[{"name":"wp","href":"https:\/\/api.w.org\/{rel}","templated":true}]}}