{"id":112922,"date":"2026-04-10T00:00:00","date_gmt":"2026-04-09T22:00:00","guid":{"rendered":"http:\/\/gpl-love.com\/fr\/produit\/geodirectory-events\/"},"modified":"2026-04-10T18:30:45","modified_gmt":"2026-04-10T16:30:45","slug":"geodirectory-events","status":"publish","type":"product","link":"https:\/\/gpl-love.com\/fr\/produit\/geodirectory-events\/","title":{"rendered":"GeoDirectory Events 2.3.27"},"content":{"rendered":"<h3>GeoDirectory Events Traits<\/h3>\n<p>GeoDirectory Events offre une solution logicielle robuste et formidable qui offre la possibilit\u00e9 de g\u00e9rer et de promouvoir sans effort les \u00e9v\u00e9nements dans votre voisinage local. Avec son interface utilisateur intuitive et sa vaste gamme de fonctionnalit\u00e9s avanc\u00e9es, vous pouvez g\u00e9n\u00e9rer et publier sans effort les listes d&rsquo;\u00e9v\u00e9nements, g\u00e9rer efficacement la vente de billets, les RSVP et les inscriptions, et m\u00eame surveiller m\u00e9ticuleusement les mesures de fr\u00e9quentation et d&rsquo;engagement. Si vous orchestrez une r\u00e9union communautaire \u00e0 petite \u00e9chelle ou une conf\u00e9rence grandiose, les \u00e9v\u00e9nements g\u00e9odirectoraux poss\u00e8dent tous les outils et ressources n\u00e9cessaires n\u00e9cessaires pour assurer le triomphe de votre \u00e9v\u00e9nement. Par cons\u00e9quent, pourquoi retarder davantage? Commencez votre utilisation des \u00e9v\u00e9nements g\u00e9odirectoraux aujourd&rsquo;hui et \u00e9levez vos efforts de gestion d&rsquo;\u00e9v\u00e9nements \u00e0 des hauteurs sans pr\u00e9c\u00e9dent!<\/p>\n<ul>\n<li>Affiche les \u00e9v\u00e9nements \u00e0 venir dans un emplacement sp\u00e9cifique<\/li>\n<li>Recherche par cat\u00e9gorie, date et mot-cl\u00e9<\/li>\n<li>Affiche les d\u00e9tails de l&rsquo;\u00e9v\u00e9nement tels que le temps, l&#8217;emplacement et la description<\/li>\n<li>Les utilisateurs peuvent RSVP et partager des \u00e9v\u00e9nements sur les r\u00e9seaux sociaux<\/li>\n<li>S&rsquo;int\u00e8gre \u00e0 Google Maps pour une navigation facile<\/li>\n<li>Option pour afficher les \u00e9v\u00e9nements sur une vue de calendrier<\/li>\n<li>Prise en charge multi-langues pour les utilisateurs mondiaux<\/li>\n<li>Conception personnalisable pour correspondre \u00e0 l&rsquo;esth\u00e9tique du site Web<\/li>\n<li>Facile \u00e0 installer et \u00e0 g\u00e9rer avec l&rsquo;int\u00e9gration de la plate-forme WordPress<\/li>\n<li>Option pour les \u00e9v\u00e9nements payants avec int\u00e9gration de traitement des paiements.<\/li>\n<\/ul>\n","protected":false},"excerpt":{"rendered":"<p>GeoDirectory Events est un plugin incroyablement robuste et avanc\u00e9 qui vous offre la capacit\u00e9 incroyable de cr\u00e9er et de g\u00e9rer efficacement les \u00e9v\u00e9nements efficacement pour votre site Web. En utilisant le puissant plugin d&rsquo;\u00e9v\u00e9nements GeoDirectory, vous pouvez int\u00e9grer de mani\u00e8re transparente des \u00e9v\u00e9nements nouveaux et passionnants, superviser efficacement les participants et suivre m\u00e9ticuleusement les RSVP. Le plugin poss\u00e8de une interface incroyablement intuitive et conviviale, garantissant qu&rsquo;il est accessible et facilement navigable pour les particuliers de tous les niveaux d&rsquo;expertise, des novices aux professionnels chevronn\u00e9s. Que vous cherchiez \u00e0 \u00e9tablir un calendrier communautaire complet ou \u00e0 orchestrer un \u00e9v\u00e9nement \u00e9labor\u00e9 et \u00e0 grande \u00e9chelle, les \u00e9v\u00e9nements g\u00e9odirectoraux vous ont incontestablement couvert. Ce plugin exceptionnel est fier de sa polyvalence in\u00e9gal\u00e9e et de sa capacit\u00e9 \u00e0 \u00eatre enti\u00e8rement personnalis\u00e9e pour r\u00e9pondre \u00e0 vos exigences de gestion d&rsquo;\u00e9v\u00e9nements uniques et sp\u00e9cifiques. Par cons\u00e9quent, sans l&rsquo;ombre d&rsquo;un doute, les \u00e9v\u00e9nements g\u00e9odirectoraux se distinguent comme le choix par excellence pour toutes vos n\u00e9cessit\u00e9s de gestion d&rsquo;\u00e9v\u00e9nements.<\/p>\n","protected":false},"featured_media":143971,"comment_status":"open","ping_status":"open","template":"","meta":[],"product_brand":[2560],"product_cat":[1189,1181,1186],"product_tag":[1828],"class_list":{"0":"post-112922","1":"product","2":"type-product","3":"status-publish","4":"has-post-thumbnail","6":"product_brand-ayecode","7":"product_cat-personnalisation","8":"product_cat-plugins","9":"product_cat-wordpress-plugins","10":"product_tag-ayecode","11":"member-discount","12":"discount-restricted","14":"first","15":"instock","16":"sale","17":"downloadable","18":"virtual","19":"sold-individually","20":"purchasable","21":"product-type-simple"},"_links":{"self":[{"href":"https:\/\/gpl-love.com\/fr\/wp-json\/wp\/v2\/product\/112922","targetHints":{"allow":["GET"]}}],"collection":[{"href":"https:\/\/gpl-love.com\/fr\/wp-json\/wp\/v2\/product"}],"about":[{"href":"https:\/\/gpl-love.com\/fr\/wp-json\/wp\/v2\/types\/product"}],"replies":[{"embeddable":true,"href":"https:\/\/gpl-love.com\/fr\/wp-json\/wp\/v2\/comments?post=112922"}],"wp:featuredmedia":[{"embeddable":true,"href":"https:\/\/gpl-love.com\/fr\/wp-json\/wp\/v2\/media\/143971"}],"wp:attachment":[{"href":"https:\/\/gpl-love.com\/fr\/wp-json\/wp\/v2\/media?parent=112922"}],"wp:term":[{"taxonomy":"product_brand","embeddable":true,"href":"https:\/\/gpl-love.com\/fr\/wp-json\/wp\/v2\/product_brand?post=112922"},{"taxonomy":"product_cat","embeddable":true,"href":"https:\/\/gpl-love.com\/fr\/wp-json\/wp\/v2\/product_cat?post=112922"},{"taxonomy":"product_tag","embeddable":true,"href":"https:\/\/gpl-love.com\/fr\/wp-json\/wp\/v2\/product_tag?post=112922"}],"curies":[{"name":"wp","href":"https:\/\/api.w.org\/{rel}","templated":true}]}}