{"id":112920,"date":"2025-01-31T00:00:00","date_gmt":"2025-01-30T23:00:00","guid":{"rendered":"http:\/\/gpl-love.com\/fr\/produit\/geodirectory-embeddable-ratings-badge\/"},"modified":"2026-03-20T23:16:16","modified_gmt":"2026-03-20T22:16:16","slug":"geodirectory-embeddable-ratings-badge","status":"publish","type":"product","link":"https:\/\/gpl-love.com\/fr\/produit\/geodirectory-embeddable-ratings-badge\/","title":{"rendered":"GeoDirectory Embeddable Ratings Badge 2.3.4"},"content":{"rendered":"<h3>GeoDirectory Embeddable Ratings Badge Traits<\/h3>\n<p>L&rsquo;insigne de cotes GeoDirectory EmbeddDable est un instrument extr\u00eamement puissant qui vous accorde la possibilit\u00e9 de montrer les notes et les revues de votre entreprise directement sur votre site Web, lui accordant ainsi un air de cr\u00e9dibilit\u00e9 et d&rsquo;authenticit\u00e9. Ce badge polyvalent peut \u00eatre int\u00e9gr\u00e9 sans effort \u00e0 n&rsquo;importe quelle page, accordant ainsi aux visiteurs un acc\u00e8s imm\u00e9diat et sans restriction \u00e0 la ressource inestimable qui est la r\u00e9putation de votre entreprise et les commentaires des clients. De plus, cet outil est exceptionnellement riche en fonctionnalit\u00e9s, vous offrant la possibilit\u00e9 d&rsquo;exercer un contr\u00f4le complet sur l&rsquo;apparence et la fonctionnalit\u00e9 du badge, ce qui lui permet de s&rsquo;assimiler de mani\u00e8re transparente avec la marque et la conception globales de votre site Web. En vertu de l&rsquo;insigne GeoDirectory Embeddddddddable, vous \u00eates en mesure de favoriser la confiance parmi les clients potentiels, d&rsquo;amplifier les niveaux d&rsquo;engagement et d&rsquo;am\u00e9liorer votre r\u00e9putation en ligne, tout en simplifiant la t\u00e2che ardue de g\u00e9rer votre pr\u00e9sence en ligne.<\/p>\n<ul>\n<li>Un badge visuellement attrayant qui affiche les notes et les critiques d&rsquo;une entreprise ou d&rsquo;un emplacement.<\/li>\n<li>Peut \u00eatre facilement int\u00e9gr\u00e9 sur n&rsquo;importe quel site Web ou plate-forme num\u00e9rique.<\/li>\n<li>Aide les entreprises \u00e0 \u00e9tablir la confiance avec les clients potentiels en pr\u00e9sentant des avis et des commentaires en temps r\u00e9el.<\/li>\n<li>Comprend des param\u00e8tres personnalisables pour correspondre au style et \u00e0 la marque de tout site Web.<\/li>\n<li>Offre une vari\u00e9t\u00e9 d&rsquo;options d&rsquo;affichage, y compris l&rsquo;orientation horizontale ou verticale et les diff\u00e9rentes options de taille.<\/li>\n<li>Peut \u00eatre utilis\u00e9 pour tout type d&rsquo;entreprise ou de lieu, y compris les restaurants, les h\u00f4tels, les mus\u00e9es, etc.<\/li>\n<li>Fournit des informations pr\u00e9cieuses sur la satisfaction des clients et aide les entreprises \u00e0 am\u00e9liorer leur r\u00e9putation en ligne.<\/li>\n<li>Offre une int\u00e9gration transparente avec le plugin GeoDirectory pour WordPress.<\/li>\n<\/ul>\n","protected":false},"excerpt":{"rendered":"<p>L&rsquo;insigne de cotes GeoDirectory Embeddddable, un outil incroyablement puissant et influent, vous donne la possibilit\u00e9 de pr\u00e9senter des notes en constante \u00e9volution sur votre site Web ou votre application. Ce badge remarquablement avanc\u00e9, incorpor\u00e9 sans effort dans votre plateforme, peut \u00eatre modifi\u00e9 pour s&rsquo;aligner de mani\u00e8re transparente sur l&rsquo;esth\u00e9tique de votre marque. Par cons\u00e9quent, il sert de moyen id\u00e9al pour pr\u00e9senter et mettre en \u00e9vidence la note et la position de vos entreprises, captivant votre public \u00e0 travers une mani\u00e8re s\u00e9duisante et enchanteresse visuellement. Sans aucun doute, le badge g\u00e9odirectorable int\u00e9gr\u00e9 \u00e0 des notes accorde une v\u00e9rification sociale inestimable, favorisant un sentiment de confiance et de fid\u00e9lit\u00e9 amplifi\u00e9 de votre client\u00e8le estim\u00e9e.<\/p>\n","protected":false},"featured_media":143970,"comment_status":"open","ping_status":"open","template":"","meta":[],"product_brand":[2560],"product_cat":[1189,1181,1186],"product_tag":[1828],"class_list":{"0":"post-112920","1":"product","2":"type-product","3":"status-publish","4":"has-post-thumbnail","6":"product_brand-ayecode","7":"product_cat-personnalisation","8":"product_cat-plugins","9":"product_cat-wordpress-plugins","10":"product_tag-ayecode","11":"member-discount","12":"discount-restricted","14":"first","15":"instock","16":"sale","17":"downloadable","18":"virtual","19":"sold-individually","20":"purchasable","21":"product-type-simple"},"_links":{"self":[{"href":"https:\/\/gpl-love.com\/fr\/wp-json\/wp\/v2\/product\/112920","targetHints":{"allow":["GET"]}}],"collection":[{"href":"https:\/\/gpl-love.com\/fr\/wp-json\/wp\/v2\/product"}],"about":[{"href":"https:\/\/gpl-love.com\/fr\/wp-json\/wp\/v2\/types\/product"}],"replies":[{"embeddable":true,"href":"https:\/\/gpl-love.com\/fr\/wp-json\/wp\/v2\/comments?post=112920"}],"wp:featuredmedia":[{"embeddable":true,"href":"https:\/\/gpl-love.com\/fr\/wp-json\/wp\/v2\/media\/143970"}],"wp:attachment":[{"href":"https:\/\/gpl-love.com\/fr\/wp-json\/wp\/v2\/media?parent=112920"}],"wp:term":[{"taxonomy":"product_brand","embeddable":true,"href":"https:\/\/gpl-love.com\/fr\/wp-json\/wp\/v2\/product_brand?post=112920"},{"taxonomy":"product_cat","embeddable":true,"href":"https:\/\/gpl-love.com\/fr\/wp-json\/wp\/v2\/product_cat?post=112920"},{"taxonomy":"product_tag","embeddable":true,"href":"https:\/\/gpl-love.com\/fr\/wp-json\/wp\/v2\/product_tag?post=112920"}],"curies":[{"name":"wp","href":"https:\/\/api.w.org\/{rel}","templated":true}]}}