{"id":112918,"date":"2026-04-10T00:00:00","date_gmt":"2026-04-09T22:00:00","guid":{"rendered":"http:\/\/gpl-love.com\/fr\/produit\/geodirectory-custom-post-types\/"},"modified":"2026-04-10T12:30:29","modified_gmt":"2026-04-10T10:30:29","slug":"geodirectory-custom-post-types","status":"publish","type":"product","link":"https:\/\/gpl-love.com\/fr\/produit\/geodirectory-custom-post-types\/","title":{"rendered":"GeoDirectory Custom Post Types 2.3.15"},"content":{"rendered":"<h3>GeoDirectory Custom Post Types Traits<\/h3>\n<p>Le plugin GeoDirectory Custom Post Types se pr\u00e9sente comme un formidable outil qui permet aux utilisateurs de g\u00e9n\u00e9rer et de superviser les types de publication sur mesure pour leur site Web de r\u00e9pertoire g\u00e9odirectoral estim\u00e9. Ce plugin exceptionnel accorde aux propri\u00e9taires du site Web la possibilit\u00e9 d&rsquo;introduire de mani\u00e8re transparente de nouveaux types de publiques, tels que les entreprises, les \u00e9v\u00e9nements et les classifi\u00e9s, chacun orn\u00e9 de leurs propres champs et taxonomies personnalis\u00e9s uniques. De plus, les utilisateurs poss\u00e8dent la discr\u00e9tion pour adapter l&rsquo;esth\u00e9tique de ces types de publication, dans laquelle ils peuvent exercer un contr\u00f4le sur la disposition, le style et la fonctionnalit\u00e9. En vertu de ce plugin, les propri\u00e9taires de sites Web ont la possibilit\u00e9 de forger un r\u00e9pertoire qui est, en substance, une incarnation de leurs sp\u00e9cifications et requis idiosyncratiques. Par cons\u00e9quent, l&rsquo;utilisation des types de publiques personnalis\u00e9es g\u00e9odirectorales augmente le site Web de l&rsquo;annuaire \u00e0 un point tel qu&rsquo;il le propulse vers l&rsquo;\u00e9chelon suivant, entra\u00eenant ainsi une convivialit\u00e9 et une fonctionnalit\u00e9 accrues qui ne sert \u00e0 une pure satisfaction des visiteurs.<\/p>\n<ul>\n<li>Les types de publication personnalis\u00e9s g\u00e9odirectory offrent un moyen hautement personnalisable de structurer le contenu de votre site Web<\/li>\n<li>Cr\u00e9ez des types de publication personnalis\u00e9s pour tout type de contenu, des listes aux \u00e9v\u00e9nements aux classifi\u00e9s et plus<\/li>\n<li>Ajoutez facilement des champs et des taxonomies personnalis\u00e9s \u00e0 vos types de messages personnalis\u00e9s pour des options d&rsquo;organisation et de filtrage am\u00e9lior\u00e9es<\/li>\n<li>Les types de posts personnalis\u00e9s g\u00e9odirectoraux s&rsquo;int\u00e8grent parfaitement au plugin GeoDirectory pour une solution de r\u00e9pertoire bas\u00e9 sur la localisation tout-en-un<\/li>\n<li>Utilisez les fonctionnalit\u00e9s de recherche et de filtrage g\u00e9odirectorielles puissantes pour cr\u00e9er des pages de recherche personnalis\u00e9es pour vos types de contenu<\/li>\n<li>Personnalisez la disposition et l&rsquo;affichage de vos types de publication personnalis\u00e9s avec le syst\u00e8me de mod\u00e8le int\u00e9gr\u00e9<\/li>\n<li>Profitez de la traduction et des capacit\u00e9s multilingues pour cr\u00e9er des sites Web bas\u00e9s sur la localisation dans n&rsquo;importe quelle langue<\/li>\n<li>Utilisez l&rsquo;importateur et l&rsquo;exportateur int\u00e9gr\u00e9s pour d\u00e9placer facilement votre contenu et vos param\u00e8tres entre les sites ou les sauvegardes.<\/li>\n<\/ul>\n","protected":false},"excerpt":{"rendered":"<p>GeoDirectory Custom Post Types offre une gamme impressionnante de fonctionnalit\u00e9s qui vous permettent de g\u00e9n\u00e9rer sans effort des types de publiques personnalis\u00e9es dans votre site g\u00e9odirectoral. En utilisant cet outil exceptionnel, vous pouvez int\u00e9grer de mani\u00e8re transparente de nouveaux champs et cat\u00e9gories dans vos listes de r\u00e9pertoires, tout en fa\u00e7onnant des mod\u00e8les sur mesure pour chaque type de message unique. Cette fonctionnalit\u00e9 inestimable aide \u00e0 l&rsquo;organisation transparente de votre contenu, ce qui le rend sans effort accessible aux utilisateurs \u00e0 la recherche de listes pertinentes. Que votre pr\u00e9sence en ligne prenne la forme d&rsquo;un r\u00e9pertoire commercial anim\u00e9, d&rsquo;une plate-forme immobili\u00e8re compl\u00e8te ou d&rsquo;un guide de voyage immersif, l&rsquo;utilisation de types de publiques personnalis\u00e9es g\u00e9odirectorales augmentera sans aucun doute le professionnalisme et l&rsquo;efficacit\u00e9 de votre contenu pr\u00e9sent\u00e9. Pas de temps, lancez ce voyage transformateur aujourd&rsquo;hui et propulsez votre site d&rsquo;annuaire \u00e0 des hauteurs in\u00e9gal\u00e9es.<\/p>\n","protected":false},"featured_media":143969,"comment_status":"open","ping_status":"open","template":"","meta":[],"product_brand":[2560],"product_cat":[1189,1181,1186],"product_tag":[1828],"class_list":{"0":"post-112918","1":"product","2":"type-product","3":"status-publish","4":"has-post-thumbnail","6":"product_brand-ayecode","7":"product_cat-personnalisation","8":"product_cat-plugins","9":"product_cat-wordpress-plugins","10":"product_tag-ayecode","11":"member-discount","12":"discount-restricted","14":"first","15":"instock","16":"sale","17":"downloadable","18":"virtual","19":"sold-individually","20":"purchasable","21":"product-type-simple"},"_links":{"self":[{"href":"https:\/\/gpl-love.com\/fr\/wp-json\/wp\/v2\/product\/112918","targetHints":{"allow":["GET"]}}],"collection":[{"href":"https:\/\/gpl-love.com\/fr\/wp-json\/wp\/v2\/product"}],"about":[{"href":"https:\/\/gpl-love.com\/fr\/wp-json\/wp\/v2\/types\/product"}],"replies":[{"embeddable":true,"href":"https:\/\/gpl-love.com\/fr\/wp-json\/wp\/v2\/comments?post=112918"}],"wp:featuredmedia":[{"embeddable":true,"href":"https:\/\/gpl-love.com\/fr\/wp-json\/wp\/v2\/media\/143969"}],"wp:attachment":[{"href":"https:\/\/gpl-love.com\/fr\/wp-json\/wp\/v2\/media?parent=112918"}],"wp:term":[{"taxonomy":"product_brand","embeddable":true,"href":"https:\/\/gpl-love.com\/fr\/wp-json\/wp\/v2\/product_brand?post=112918"},{"taxonomy":"product_cat","embeddable":true,"href":"https:\/\/gpl-love.com\/fr\/wp-json\/wp\/v2\/product_cat?post=112918"},{"taxonomy":"product_tag","embeddable":true,"href":"https:\/\/gpl-love.com\/fr\/wp-json\/wp\/v2\/product_tag?post=112918"}],"curies":[{"name":"wp","href":"https:\/\/api.w.org\/{rel}","templated":true}]}}