{"id":112916,"date":"2025-01-16T00:00:00","date_gmt":"2025-01-15T23:00:00","guid":{"rendered":"http:\/\/gpl-love.com\/fr\/produit\/geodirectory-custom-map-styles\/"},"modified":"2026-03-20T23:16:15","modified_gmt":"2026-03-20T22:16:15","slug":"geodirectory-custom-map-styles","status":"publish","type":"product","link":"https:\/\/gpl-love.com\/fr\/produit\/geodirectory-custom-map-styles\/","title":{"rendered":"GeoDirectory Custom Map Styles 2.3.5"},"content":{"rendered":"<h3>GeoDirectory Custom Map Styles Traits<\/h3>\n<p>Les styles de carte personnalis\u00e9s g\u00e9odirectoraux sont un outil innovant qui permet aux utilisateurs de cr\u00e9er des cartes hautement personnalis\u00e9es et visuellement captivantes. Ce produit de pointe offre une large gamme de fonctionnalit\u00e9s, permettant aux individus de concevoir m\u00e9ticuleusement des cartes qui correspondent \u00e0 leurs exigences et inclinations sp\u00e9cifiques. GeoDirectory Custom Map Styles offre aux utilisateurs la possibilit\u00e9 de g\u00e9rer des cartes qui incarnent parfaitement leur marque, leur organisation ou leur esth\u00e9tique personnelle. De la s\u00e9lection des sch\u00e9mas de couleurs vibrants \u00e0 l&rsquo;incorporation d&rsquo;ic\u00f4nes et de polices uniques, les possibilit\u00e9s de cr\u00e9ation de cartes visuellement \u00e9poustouflantes et facilement compr\u00e9hensibles sont infinies. Que l&rsquo;on cherche \u00e0 cr\u00e9er une carte pour leur entreprise florissante, son blog de voyage anim\u00e9 ou son projet personnel passionn\u00e9, les styles de carte personnalis\u00e9s g\u00e9odirectoraux sont un outil indispensable qui confonde les utilisateurs avec l&rsquo;autorit\u00e9 de fa\u00e7onner une carte vraiment distinctive et sur mesure qui r\u00e9pond de mani\u00e8re transparente \u00e0 leurs besoins et les aspirations.<\/p>\n<ul>\n<li>Styles de carte personnalis\u00e9s pour GeoDirectory, un plugin de r\u00e9pertoire populaire bas\u00e9 sur la localisation pour WordPress<\/li>\n<li>Permet aux utilisateurs de cr\u00e9er des cartes uniques et visuellement attrayantes pour leurs listes de r\u00e9pertoires<\/li>\n<li>Offre une large gamme d&rsquo;options de personnalisation, y compris les couleurs, les polices et les marqueurs de carte<\/li>\n<li>Aide les entreprises et les organisations \u00e0 se d\u00e9marquer en cr\u00e9ant une apparence distinctive pour leurs annonces d&rsquo;annuaire<\/li>\n<li>Peut \u00eatre facilement int\u00e9gr\u00e9 dans n&rsquo;importe quel site Web \u00e0 l&rsquo;aide du plugin GeoDirectory<\/li>\n<li>Con\u00e7u pour les d\u00e9butants et les utilisateurs avanc\u00e9s, avec des commandes intuitives et des fonctionnalit\u00e9s puissantes<\/li>\n<li>Livr\u00e9 avec une documentation et un support utiles pour assurer un processus de personnalisation de carte fluide et r\u00e9ussi<\/li>\n<li>Compatible avec une gamme de plugins et d&rsquo;extensions tiers pour encore plus de fonctionnalit\u00e9s et d&rsquo;options de personnalisation<\/li>\n<li>Aide les utilisateurs \u00e0 pr\u00e9senter leurs listes de r\u00e9pertoires et \u00e0 attirer plus de visiteurs en rendant leurs cartes plus engageantes et conviviales.<\/li>\n<\/ul>\n","protected":false},"excerpt":{"rendered":"<p>Le produit GeoDirectory Custom Map Styles est un outil extr\u00eamement puissant qui permet aux utilisateurs de g\u00e9n\u00e9rer des cartes personnalis\u00e9es qui s&rsquo;alignent de mani\u00e8re transparente sur l&rsquo;ambiance esth\u00e9tique et globale de leur marque ou de leur site Web. Il poss\u00e8de une interface remarquablement conviviale, permettant aux individus de choisir sans effort des couleurs, des polices et divers \u00e9l\u00e9ments de carte. De plus, les utilisateurs ont la possibilit\u00e9 de pr\u00e9visualiser leur carte avant de le rendre publique. En exploitant la puissance des technologies de pointe, nos styles de carte personnalis\u00e9s garantissent des donn\u00e9es de localisation pr\u00e9cises et \u00e0 jour, permettant ainsi aux entreprises et aux organisations de pr\u00e9senter efficacement leurs offres. Peu importe que l&rsquo;on ait besoin de cartes pour leur site Web, son application mobile ou son m\u00e9dia imprim\u00e9, le produit g\u00e9odirectoral des styles de carte personnalis\u00e9s s&rsquo;\u00e9tablit comme la solution par excellence pour cr\u00e9er des cartes visuellement frappantes et \u00e9ducatives.<\/p>\n","protected":false},"featured_media":143968,"comment_status":"open","ping_status":"open","template":"","meta":[],"product_brand":[2560],"product_cat":[1189,1181,1186],"product_tag":[1828],"class_list":{"0":"post-112916","1":"product","2":"type-product","3":"status-publish","4":"has-post-thumbnail","6":"product_brand-ayecode","7":"product_cat-personnalisation","8":"product_cat-plugins","9":"product_cat-wordpress-plugins","10":"product_tag-ayecode","11":"member-discount","12":"discount-restricted","14":"first","15":"instock","16":"sale","17":"downloadable","18":"virtual","19":"sold-individually","20":"purchasable","21":"product-type-simple"},"_links":{"self":[{"href":"https:\/\/gpl-love.com\/fr\/wp-json\/wp\/v2\/product\/112916","targetHints":{"allow":["GET"]}}],"collection":[{"href":"https:\/\/gpl-love.com\/fr\/wp-json\/wp\/v2\/product"}],"about":[{"href":"https:\/\/gpl-love.com\/fr\/wp-json\/wp\/v2\/types\/product"}],"replies":[{"embeddable":true,"href":"https:\/\/gpl-love.com\/fr\/wp-json\/wp\/v2\/comments?post=112916"}],"wp:featuredmedia":[{"embeddable":true,"href":"https:\/\/gpl-love.com\/fr\/wp-json\/wp\/v2\/media\/143968"}],"wp:attachment":[{"href":"https:\/\/gpl-love.com\/fr\/wp-json\/wp\/v2\/media?parent=112916"}],"wp:term":[{"taxonomy":"product_brand","embeddable":true,"href":"https:\/\/gpl-love.com\/fr\/wp-json\/wp\/v2\/product_brand?post=112916"},{"taxonomy":"product_cat","embeddable":true,"href":"https:\/\/gpl-love.com\/fr\/wp-json\/wp\/v2\/product_cat?post=112916"},{"taxonomy":"product_tag","embeddable":true,"href":"https:\/\/gpl-love.com\/fr\/wp-json\/wp\/v2\/product_tag?post=112916"}],"curies":[{"name":"wp","href":"https:\/\/api.w.org\/{rel}","templated":true}]}}