{"id":112914,"date":"2025-08-19T00:00:00","date_gmt":"2025-08-18T22:00:00","guid":{"rendered":"http:\/\/gpl-love.com\/fr\/produit\/geodirectory-compare-listings\/"},"modified":"2026-03-20T23:16:14","modified_gmt":"2026-03-20T22:16:14","slug":"geodirectory-compare-listings","status":"publish","type":"product","link":"https:\/\/gpl-love.com\/fr\/produit\/geodirectory-compare-listings\/","title":{"rendered":"GeoDirectory Compare Listings 2.2.3"},"content":{"rendered":"<h3>GeoDirectory Compare Listings Traits<\/h3>\n<p>L&rsquo;outil GeoDirectory Compare Listings est une fonctionnalit\u00e9 incroyablement robuste et sophistiqu\u00e9e qui a \u00e9t\u00e9 m\u00e9ticuleusement con\u00e7ue pour am\u00e9liorer la fonctionnalit\u00e9 et l&rsquo;efficacit\u00e9 de votre r\u00e9pertoire en ligne ou de votre site Web d&rsquo;inscription. Ce plugin exceptionnel offre aux utilisateurs la capacit\u00e9 remarquable de comparer sans effort plusieurs listes c\u00f4te \u00e0 c\u00f4te, les permettant ainsi \u00e0 prendre des d\u00e9cisions bien inform\u00e9es avec une facilit\u00e9 et une confiance in\u00e9gal\u00e9es. En int\u00e9grant de mani\u00e8re transparente le plugin GeoDirectory Compare Listings dans votre site Web, vous pourrez d\u00e9verrouiller une vaste gamme de fonctionnalit\u00e9s et de fonctionnalit\u00e9s inestimables qui \u00e9l\u00e8veront sans aucun doute l&rsquo;exp\u00e9rience utilisateur globale et fourniront un niveau de commodit\u00e9 et d&rsquo;utilit\u00e9 in\u00e9gal\u00e9. Certaines des fonctionnalit\u00e9s impressionnantes offertes par ce plugin exceptionnel incluent la possibilit\u00e9 de cr\u00e9er de mani\u00e8re transparente des tables de comparaison hautement personnalisables, d&rsquo;impl\u00e9menter des filtres de recherche avanc\u00e9s qui rationalisent consid\u00e9rablement le processus de recherche et incorporent diverses options de tri qui r\u00e9pondent aux pr\u00e9f\u00e9rences et aux exigences uniques de vos utilisateurs. En outre, il est essentiel de noter que le plugin GeoDirectory Compare Listings est enti\u00e8rement r\u00e9actif et remarquablement adaptable, garantissant une accessibilit\u00e9 optimale et des performances exceptionnelles sur un large \u00e9ventail d&rsquo;appareils, quelle que soit leur taille ou leurs r\u00e9solutions respectives. Que vous soyez en train de cr\u00e9er un r\u00e9pertoire immobilier complet et intuitif, un conseil d&#8217;emploi dynamique et complet, ou un site Web de listes commerciales \u00e9tendues et globales, le remarquable outil de listes de comparaison g\u00e9odirectorale est garantie d&rsquo;\u00eatre un atout indispensable qui sera sans \u00e9quivoque sans \u00e9quivoque sans \u00e9quivoque sans \u00e9quivoque Catapultez votre pr\u00e9sence en ligne \u00e0 des sommets sans pr\u00e9c\u00e9dent de succ\u00e8s et de pro\u00e9minence.<\/p>\n<ul>\n<li>Comparez et comparez facilement diff\u00e9rentes annonces sur votre site Web GeoDirectory<\/li>\n<li>Afficher les comparaisons c\u00f4te \u00e0 c\u00f4te des fonctionnalit\u00e9s cl\u00e9s et des d\u00e9tails pour chaque liste<\/li>\n<li>Gagnez du temps pour vos utilisateurs en fournissant un moyen simple et rationalis\u00e9 de comparer les options<\/li>\n<li>Am\u00e9liorer l&rsquo;exp\u00e9rience utilisateur et augmenter l&rsquo;engagement sur votre site Web<\/li>\n<li>Augmentez la probabilit\u00e9 que les utilisateurs effectuent un achat ou en prenant des mesures en fournissant un moyen clair et concis de comparer les options<\/li>\n<li>Personnalisez l&rsquo;outil de comparaison pour r\u00e9pondre aux besoins et style uniques de votre site<\/li>\n<li>Acc\u00e9der aux donn\u00e9es fiables et \u00e0 jour de votre base de donn\u00e9es GeoDirectory pour des comparaisons pr\u00e9cises<\/li>\n<li>Offrez une ressource pr\u00e9cieuse pour les utilisateurs qui cherchent \u00e0 prendre des d\u00e9cisions \u00e9clair\u00e9es sur leurs achats ou visites.<\/li>\n<\/ul>\n","protected":false},"excerpt":{"rendered":"<p>L&rsquo;outil GeoDirectory Compare Listings est une solution exceptionnellement robuste et avanc\u00e9e qui donne aux utilisateurs la possibilit\u00e9 d&rsquo;analyser et de juxtaposer de mani\u00e8re exhaustive diverses listes de r\u00e9pertoires. Gr\u00e2ce \u00e0 l&rsquo;utilisation de ce produit remarquable, les individus peuvent observer et \u00e9valuer sans effort des listes distinctes, mettant l&rsquo;accent sur les \u00e9carts notables et les ressemblances fondamentales afin d&rsquo;arriver efficacement \u00e0 des verdicts bien inform\u00e9s. Ce logiciel, dans toute sa magnificence, est extr\u00eamement adapt\u00e9 pour r\u00e9pondre aux besoins et aux d\u00e9sirs de ceux qui cherchent \u00e0 superviser avec comp\u00e9tence une pl\u00e9thore de r\u00e9pertoires ou d&rsquo;entreprises inscrits, facilitant ainsi la rationalisation efficace de leurs efforts d&rsquo;analyse et finalement conduisant \u00e0 une augmentation substantielle de la rationalisation efficace de leurs efforts d&rsquo;analyse et, \u00e0 l&rsquo;origine, conduisant \u00e0 une augmentation substantielle dans leur efficacit\u00e9 globale, leur productivit\u00e9 et leurs capacit\u00e9s de r\u00e9duction du temps.<\/p>\n","protected":false},"featured_media":143967,"comment_status":"open","ping_status":"open","template":"","meta":[],"product_brand":[2560],"product_cat":[1189,1181,1186],"product_tag":[1828],"class_list":{"0":"post-112914","1":"product","2":"type-product","3":"status-publish","4":"has-post-thumbnail","6":"product_brand-ayecode","7":"product_cat-personnalisation","8":"product_cat-plugins","9":"product_cat-wordpress-plugins","10":"product_tag-ayecode","11":"member-discount","12":"discount-restricted","14":"first","15":"instock","16":"sale","17":"downloadable","18":"virtual","19":"sold-individually","20":"purchasable","21":"product-type-simple"},"_links":{"self":[{"href":"https:\/\/gpl-love.com\/fr\/wp-json\/wp\/v2\/product\/112914","targetHints":{"allow":["GET"]}}],"collection":[{"href":"https:\/\/gpl-love.com\/fr\/wp-json\/wp\/v2\/product"}],"about":[{"href":"https:\/\/gpl-love.com\/fr\/wp-json\/wp\/v2\/types\/product"}],"replies":[{"embeddable":true,"href":"https:\/\/gpl-love.com\/fr\/wp-json\/wp\/v2\/comments?post=112914"}],"wp:featuredmedia":[{"embeddable":true,"href":"https:\/\/gpl-love.com\/fr\/wp-json\/wp\/v2\/media\/143967"}],"wp:attachment":[{"href":"https:\/\/gpl-love.com\/fr\/wp-json\/wp\/v2\/media?parent=112914"}],"wp:term":[{"taxonomy":"product_brand","embeddable":true,"href":"https:\/\/gpl-love.com\/fr\/wp-json\/wp\/v2\/product_brand?post=112914"},{"taxonomy":"product_cat","embeddable":true,"href":"https:\/\/gpl-love.com\/fr\/wp-json\/wp\/v2\/product_cat?post=112914"},{"taxonomy":"product_tag","embeddable":true,"href":"https:\/\/gpl-love.com\/fr\/wp-json\/wp\/v2\/product_tag?post=112914"}],"curies":[{"name":"wp","href":"https:\/\/api.w.org\/{rel}","templated":true}]}}