{"id":112912,"date":"2025-08-23T00:00:00","date_gmt":"2025-08-22T22:00:00","guid":{"rendered":"http:\/\/gpl-love.com\/fr\/produit\/geodirectory-claim-listings\/"},"modified":"2026-03-20T23:16:13","modified_gmt":"2026-03-20T22:16:13","slug":"geodirectory-claim-listings","status":"publish","type":"product","link":"https:\/\/gpl-love.com\/fr\/produit\/geodirectory-claim-listings\/","title":{"rendered":"GeoDirectory Claim Listings 2.3.6"},"content":{"rendered":"<h3>GeoDirectory Claim Listings Traits<\/h3>\n<p>Les listes de r\u00e9clamations g\u00e9odirectorales servent d&rsquo;outil extr\u00eamement puissant, ce qui permet aux entreprises de prendre le contr\u00f4le de leur pr\u00e9sence en ligne. Il offre un \u00e9ventail de fonctionnalit\u00e9s, permettant aux entreprises d&rsquo;affirmer sans effort la propri\u00e9t\u00e9 et de g\u00e9rer efficacement leurs listes de r\u00e9pertoires sur de nombreuses plateformes, garantissant ainsi l&rsquo;exactitude et la monnaie de leurs informations. Notamment, les utilisateurs peuvent rapidement et facilement ajouter ou modifier les d\u00e9tails de leur entreprise, englobant les coordonn\u00e9es, les heures de fonctionnement, les m\u00e9dias visuels, etc. Cette approche globale garantit que les clients potentiels peuvent localiser et communiquer sans effort avec l&rsquo;entreprise, ce qui augmente finalement la visibilit\u00e9 et la g\u00e9n\u00e9ration d&rsquo;un afflux de trafic. De plus, le produit des listes de revendications g\u00e9odirectorales poss\u00e8de des capacit\u00e9s d&rsquo;analyse et de rapport sophistiqu\u00e9es, permettant aux entreprises de surveiller et d&rsquo;\u00e9valuer le triomphe de leurs annonces, facilitant la prise de d\u00e9cision prudente enracin\u00e9e dans les donn\u00e9es. Sans aucun doute, ce produit est un investissement imp\u00e9ratif pour toute entreprise qui cherche \u00e0 am\u00e9liorer sa pr\u00e9sence en ligne et \u00e0 canaliser un plus grand volume de trafic vers leur site Web ou son \u00e9tablissement physique.<\/p>\n<ul>\n<li>Listes de r\u00e9pertoires pr\u00e9cis et \u00e0 jour<\/li>\n<li>Accrue de visibilit\u00e9 en ligne pour les entreprises<\/li>\n<li>Int\u00e9gration transparente avec le site Web existant<\/li>\n<li>Interface facile \u00e0 utiliser pour g\u00e9rer les listes<\/li>\n<li>Conception r\u00e9active mobile pour l&rsquo;acc\u00e8s en d\u00e9placement<\/li>\n<li>R\u00e9sultats de recherche g\u00e9o-cibl\u00e9s pour une am\u00e9lioration de l&rsquo;exp\u00e9rience utilisateur<\/li>\n<li>Cat\u00e9gories et champs de r\u00e9pertoires personnalisables<\/li>\n<li>Caract\u00e9ristiques de r\u00e9f\u00e9rencement essentiels pour un meilleur classement des moteurs de recherche<\/li>\n<li>Support client et assistance disponible<\/li>\n<li>Plans de prix abordables pour les entreprises de toutes tailles.<\/li>\n<\/ul>\n","protected":false},"excerpt":{"rendered":"<p>Les listes de r\u00e9clamations g\u00e9odirectorales sont un outil tr\u00e8s efficace et convivial, qui donne aux entreprises la possibilit\u00e9 de r\u00e9clamer sans effort leurs listes tout en garantissant l&rsquo;affichage pr\u00e9cis de leurs informations aux clients potentiels. Cet outil remarquable sert \u00e0 rationaliser la proc\u00e9dure autrement complexe de la mise \u00e0 jour des informations commerciales en ligne, ce qui entra\u00eene une visibilit\u00e9 amplifi\u00e9e et une position am\u00e9lior\u00e9e dans le classement des moteurs de recherche. En veillant \u00e0 ce que les donn\u00e9es pr\u00e9cises et actuelles soient facilement accessibles, les clients peuvent localiser sans effort les entreprises souhait\u00e9es qu&rsquo;ils recherchent, g\u00e9n\u00e9rant ainsi une augmentation du trafic et des ventes.<\/p>\n","protected":false},"featured_media":143966,"comment_status":"open","ping_status":"open","template":"","meta":[],"product_brand":[2560],"product_cat":[1189,1181,1186],"product_tag":[1828],"class_list":{"0":"post-112912","1":"product","2":"type-product","3":"status-publish","4":"has-post-thumbnail","6":"product_brand-ayecode","7":"product_cat-personnalisation","8":"product_cat-plugins","9":"product_cat-wordpress-plugins","10":"product_tag-ayecode","11":"member-discount","12":"discount-restricted","14":"first","15":"instock","16":"sale","17":"downloadable","18":"virtual","19":"sold-individually","20":"purchasable","21":"product-type-simple"},"_links":{"self":[{"href":"https:\/\/gpl-love.com\/fr\/wp-json\/wp\/v2\/product\/112912","targetHints":{"allow":["GET"]}}],"collection":[{"href":"https:\/\/gpl-love.com\/fr\/wp-json\/wp\/v2\/product"}],"about":[{"href":"https:\/\/gpl-love.com\/fr\/wp-json\/wp\/v2\/types\/product"}],"replies":[{"embeddable":true,"href":"https:\/\/gpl-love.com\/fr\/wp-json\/wp\/v2\/comments?post=112912"}],"wp:featuredmedia":[{"embeddable":true,"href":"https:\/\/gpl-love.com\/fr\/wp-json\/wp\/v2\/media\/143966"}],"wp:attachment":[{"href":"https:\/\/gpl-love.com\/fr\/wp-json\/wp\/v2\/media?parent=112912"}],"wp:term":[{"taxonomy":"product_brand","embeddable":true,"href":"https:\/\/gpl-love.com\/fr\/wp-json\/wp\/v2\/product_brand?post=112912"},{"taxonomy":"product_cat","embeddable":true,"href":"https:\/\/gpl-love.com\/fr\/wp-json\/wp\/v2\/product_cat?post=112912"},{"taxonomy":"product_tag","embeddable":true,"href":"https:\/\/gpl-love.com\/fr\/wp-json\/wp\/v2\/product_tag?post=112912"}],"curies":[{"name":"wp","href":"https:\/\/api.w.org\/{rel}","templated":true}]}}