{"id":112910,"date":"2024-06-13T00:00:00","date_gmt":"2024-06-12T22:00:00","guid":{"rendered":"http:\/\/gpl-love.com\/fr\/produit\/geodirectory-buddypress-integration\/"},"modified":"2026-03-20T23:16:12","modified_gmt":"2026-03-20T22:16:12","slug":"geodirectory-buddypress-integration","status":"publish","type":"product","link":"https:\/\/gpl-love.com\/fr\/produit\/geodirectory-buddypress-integration\/","title":{"rendered":"GeoDirectory BuddyPress Integration 2.3.2"},"content":{"rendered":"<h3>GeoDirectory BuddyPress Integration Traits<\/h3>\n<p>L&rsquo;int\u00e9gration de BuddyPress g\u00e9odirectory, un outil tr\u00e8s puissant, sert \u00e0 enrichir les fonctionnalit\u00e9s de votre site Web en int\u00e9grant de mani\u00e8re transparente le g\u00e9odirectoral au BuddyPress. En vertu de cette int\u00e9gration, vos utilisateurs acqui\u00e8rent la possibilit\u00e9 de cr\u00e9er et de g\u00e9rer sans effort des listes, des \u00e9v\u00e9nements et des classifi\u00e9s directement \u00e0 partir de leur profil BuddyPress. De plus, il assume effectivement les capacit\u00e9s de r\u00e9seautage social inh\u00e9rentes \u00e0 BuddyPress avec les fonctionnalit\u00e9s remarquables du r\u00e9pertoire commercial offertes par GeoDirectory. Par cons\u00e9quent, une plate-forme compl\u00e8te \u00e9merge, facilitant les connexions et la collaboration transparentes entre les entreprises, les organisations et les individus. Tirant cet outil, vous pouvez \u00e9tablir sans effort une communaut\u00e9 en ligne robuste qui non seulement favorise l&rsquo;engagement et l&rsquo;interaction, mais alimente \u00e9galement une croissance \u00e9norme. Ainsi, l&rsquo;int\u00e9gration de BuddyPress g\u00e9odirectory est la solution par excellence pour tous ceux qui cherchent \u00e0 \u00e9lever leur site Web et \u00e0 fournir \u00e0 leurs utilisateurs une exp\u00e9rience non seulement transparente mais \u00e9galement remarquablement int\u00e9gr\u00e9e.<\/p>\n<ul>\n<li>Int\u00e8gre de mani\u00e8re transparente les plugins g\u00e9odirectoraux et buddypress<\/li>\n<li>Active les profils d&rsquo;utilisateur avec des informations de localisation<\/li>\n<li>Permet aux membres de rechercher et de filtrer par emplacement<\/li>\n<li>Affiche l&#8217;emplacement de la carte du profil des membres<\/li>\n<li>Permet la cr\u00e9ation de groupes bas\u00e9s sur la localisation<\/li>\n<li>Permet aux membres de cr\u00e9er des \u00e9v\u00e9nements bas\u00e9s sur la localisation<\/li>\n<li>Simplifie le processus d&rsquo;ajout et de gestion des lieux sur votre site Web<\/li>\n<li>Fournit des donn\u00e9es et des statistiques sur l&rsquo;activit\u00e9 utilisateur bas\u00e9e sur la localisation<\/li>\n<li>Offre un design propre et personnalisable pour s&rsquo;adapter au style de votre site Web.<\/li>\n<\/ul>\n","protected":false},"excerpt":{"rendered":"<p>L&rsquo;int\u00e9gration de BuddyPress g\u00e9odirectory est un outil incroyablement puissant qui int\u00e8gre de mani\u00e8re transparente et sans effort le plugin GeoDirectory avec la plate-forme Buddypress. Cette int\u00e9gration remarquable offre aux utilisateurs la possibilit\u00e9 de cr\u00e9er et de g\u00e9rer efficacement un r\u00e9pertoire robuste, tout en profitant des fantastiques fonctionnalit\u00e9s de r\u00e9seautage social que BuddyPress a \u00e0 offrir, tels que des groupes, des profils et des flux d&rsquo;activit\u00e9s. En utilisant l&rsquo;int\u00e9gration de BuddyPress g\u00e9odirectory, les utilisateurs peuvent augmenter sans effort leurs listes avec des champs personnalis\u00e9s et les afficher sans effort sur leurs profils de copain, am\u00e9liorant ainsi davantage la fonctionnalit\u00e9 globale et l&rsquo;attrait esth\u00e9tique de leur r\u00e9pertoire. De plus, ce plugin exceptionnel poss\u00e8de \u00e9galement des options de recherche avanc\u00e9es et une fonctionnalit\u00e9 de carte tr\u00e8s intuitive, permettant aux utilisateurs de localiser rapidement et sans effort les listes et les membres. Que vous cherchiez \u00e0 \u00e9tablir un r\u00e9pertoire communautaire dynamique ou un service d&rsquo;inscription plus professionnel, soyez assur\u00e9 que l&rsquo;int\u00e9gration de BuddyPress g\u00e9odirectory fournit une suite compl\u00e8te d&rsquo;outils et de fonctionnalit\u00e9s qui vous permettra de cr\u00e9er une v\u00e9ritable, visuellement attrayante et profond\u00e9ment engageante annuaire.<\/p>\n","protected":false},"featured_media":143965,"comment_status":"open","ping_status":"open","template":"","meta":[],"product_brand":[2560],"product_cat":[1189,1181,1186],"product_tag":[1828],"class_list":{"0":"post-112910","1":"product","2":"type-product","3":"status-publish","4":"has-post-thumbnail","6":"product_brand-ayecode","7":"product_cat-personnalisation","8":"product_cat-plugins","9":"product_cat-wordpress-plugins","10":"product_tag-ayecode","11":"member-discount","12":"discount-restricted","14":"first","15":"instock","16":"sale","17":"downloadable","18":"virtual","19":"sold-individually","20":"purchasable","21":"product-type-simple"},"_links":{"self":[{"href":"https:\/\/gpl-love.com\/fr\/wp-json\/wp\/v2\/product\/112910","targetHints":{"allow":["GET"]}}],"collection":[{"href":"https:\/\/gpl-love.com\/fr\/wp-json\/wp\/v2\/product"}],"about":[{"href":"https:\/\/gpl-love.com\/fr\/wp-json\/wp\/v2\/types\/product"}],"replies":[{"embeddable":true,"href":"https:\/\/gpl-love.com\/fr\/wp-json\/wp\/v2\/comments?post=112910"}],"wp:featuredmedia":[{"embeddable":true,"href":"https:\/\/gpl-love.com\/fr\/wp-json\/wp\/v2\/media\/143965"}],"wp:attachment":[{"href":"https:\/\/gpl-love.com\/fr\/wp-json\/wp\/v2\/media?parent=112910"}],"wp:term":[{"taxonomy":"product_brand","embeddable":true,"href":"https:\/\/gpl-love.com\/fr\/wp-json\/wp\/v2\/product_brand?post=112910"},{"taxonomy":"product_cat","embeddable":true,"href":"https:\/\/gpl-love.com\/fr\/wp-json\/wp\/v2\/product_cat?post=112910"},{"taxonomy":"product_tag","embeddable":true,"href":"https:\/\/gpl-love.com\/fr\/wp-json\/wp\/v2\/product_tag?post=112910"}],"curies":[{"name":"wp","href":"https:\/\/api.w.org\/{rel}","templated":true}]}}