{"id":112908,"date":"2025-12-28T00:00:00","date_gmt":"2025-12-27T23:00:00","guid":{"rendered":"http:\/\/gpl-love.com\/fr\/produit\/geodirectory-ajax-duplicate-alert\/"},"modified":"2026-03-20T23:16:11","modified_gmt":"2026-03-20T22:16:11","slug":"geodirectory-ajax-duplicate-alert","status":"publish","type":"product","link":"https:\/\/gpl-love.com\/fr\/produit\/geodirectory-ajax-duplicate-alert\/","title":{"rendered":"GeoDirectory Ajax Duplicate Alert 2.3.5"},"content":{"rendered":"<h3>GeoDirectory Ajax Duplicate Alert Traits<\/h3>\n<p>L&rsquo;alerte en double g\u00e9odirectory Ajax, un outil incroyablement puissant, est con\u00e7ue pour vous aider \u00e0 emp\u00eacher la survenue de saisies en double sur votre r\u00e9pertoire. Utilisant la technologie avanc\u00e9e de l&rsquo;Ajax, ce plugin est capable de scanner votre r\u00e9pertoire en temps r\u00e9el, d&rsquo;identifier rapidement et de signaler tout doublons potentiels lorsqu&rsquo;ils sont entr\u00e9s. En outre, le syst\u00e8me d&rsquo;alerte poss\u00e8de un degr\u00e9 \u00e9lev\u00e9 de personnalisation, vous offrant la flexibilit\u00e9 d&rsquo;adapter les messages affich\u00e9s en fonction de la gravit\u00e9 du probl\u00e8me \u00e0 accomplir. Pour tout propri\u00e9taire de r\u00e9pertoire consciencieux qui s&rsquo;efforce de maintenir l&rsquo;int\u00e9grit\u00e9 de leurs donn\u00e9es et de fournir une exp\u00e9rience utilisateur impeccable \u00e0 leurs visiteurs, ce plugin est une n\u00e9cessit\u00e9 absolue. Son processus de configuration sans effort et son interface conviviale font en sorte que le duplicata GeoDirectory Ajax alerte la solution id\u00e9ale pour maintenir un r\u00e9pertoire immacul\u00e9 et m\u00e9ticuleusement organis\u00e9.<\/p>\n<ul>\n<li>D\u00e9tecte et alerte les utilisateurs sur les listes en double dans les r\u00e9pertoires aliment\u00e9s par g\u00e9odirectory<\/li>\n<li>Utilise la technologie AJAX pour fournir des r\u00e9sultats rapides et pr\u00e9cis en temps r\u00e9el<\/li>\n<li>Param\u00e8tres hautement personnalisables pour r\u00e9pondre aux besoins uniques de chaque site Web d&rsquo;annuaire<\/li>\n<li>S&rsquo;int\u00e8gre parfaitement \u00e0 GeoDirectory et fonctionne parfaitement avec d&rsquo;autres th\u00e8mes et plugins d&rsquo;annuaire<\/li>\n<li>Aide \u00e0 pr\u00e9venir la frustration des utilisateurs en am\u00e9liorant l&rsquo;exp\u00e9rience utilisateur globale<\/li>\n<li>R\u00e9duit la charge de travail de l&rsquo;administrateur et des mod\u00e9rateurs en automatisant le processus de d\u00e9tection en double<\/li>\n<li>Fournit une solution puissante et efficace qui am\u00e9liore consid\u00e9rablement la pr\u00e9cision et la fiabilit\u00e9 des annonces de r\u00e9pertoires<\/li>\n<\/ul>\n","protected":false},"excerpt":{"rendered":"<p>L&rsquo;outil d&rsquo;alerte en double GeoDirectory Ajax sert de ressource tr\u00e8s b\u00e9n\u00e9fique qui informe efficacement les utilisateurs dans le cas o\u00f9 ils saisissent des informations en double dans un r\u00e9pertoire. En tirant parti de la puissance des alertes Ajax en temps r\u00e9el, les utilisateurs peuvent rapidement identifier et rectifier toutes les entr\u00e9es en double, garantissant ainsi la plus grande pr\u00e9cision et propret\u00e9 dans les annonces de r\u00e9pertoires. Ce plugin incroyablement riche en fonctionnalit\u00e9s s&rsquo;int\u00e8gre de mani\u00e8re transparente \u00e0 la plate-forme g\u00e9odirectorale, servant \u00e0 am\u00e9liorer l&rsquo;exp\u00e9rience utilisateur globale en \u00e9vitant efficacement l&rsquo;exasp\u00e9ration qui d\u00e9coule de la rencontre des entr\u00e9es en double. Optez pour GeoDirectory Ajax Duplicate Alert aujourd&rsquo;hui et ressentez une approche remarquablement rationalis\u00e9e de vos efforts de gestion de la r\u00e9pertoire.<\/p>\n","protected":false},"featured_media":143964,"comment_status":"open","ping_status":"open","template":"","meta":[],"product_brand":[2560],"product_cat":[1189,1181,1186],"product_tag":[1828],"class_list":{"0":"post-112908","1":"product","2":"type-product","3":"status-publish","4":"has-post-thumbnail","6":"product_brand-ayecode","7":"product_cat-personnalisation","8":"product_cat-plugins","9":"product_cat-wordpress-plugins","10":"product_tag-ayecode","11":"member-discount","12":"discount-restricted","14":"first","15":"instock","16":"sale","17":"downloadable","18":"virtual","19":"sold-individually","20":"purchasable","21":"product-type-simple"},"_links":{"self":[{"href":"https:\/\/gpl-love.com\/fr\/wp-json\/wp\/v2\/product\/112908","targetHints":{"allow":["GET"]}}],"collection":[{"href":"https:\/\/gpl-love.com\/fr\/wp-json\/wp\/v2\/product"}],"about":[{"href":"https:\/\/gpl-love.com\/fr\/wp-json\/wp\/v2\/types\/product"}],"replies":[{"embeddable":true,"href":"https:\/\/gpl-love.com\/fr\/wp-json\/wp\/v2\/comments?post=112908"}],"wp:featuredmedia":[{"embeddable":true,"href":"https:\/\/gpl-love.com\/fr\/wp-json\/wp\/v2\/media\/143964"}],"wp:attachment":[{"href":"https:\/\/gpl-love.com\/fr\/wp-json\/wp\/v2\/media?parent=112908"}],"wp:term":[{"taxonomy":"product_brand","embeddable":true,"href":"https:\/\/gpl-love.com\/fr\/wp-json\/wp\/v2\/product_brand?post=112908"},{"taxonomy":"product_cat","embeddable":true,"href":"https:\/\/gpl-love.com\/fr\/wp-json\/wp\/v2\/product_cat?post=112908"},{"taxonomy":"product_tag","embeddable":true,"href":"https:\/\/gpl-love.com\/fr\/wp-json\/wp\/v2\/product_tag?post=112908"}],"curies":[{"name":"wp","href":"https:\/\/api.w.org\/{rel}","templated":true}]}}