{"id":112906,"date":"2021-03-19T00:00:00","date_gmt":"2021-03-18T23:00:00","guid":{"rendered":"http:\/\/gpl-love.com\/fr\/produit\/geodirectory-affiliatewp-integration\/"},"modified":"2026-03-20T23:16:10","modified_gmt":"2026-03-20T22:16:10","slug":"geodirectory-affiliatewp-integration","status":"publish","type":"product","link":"https:\/\/gpl-love.com\/fr\/produit\/geodirectory-affiliatewp-integration\/","title":{"rendered":"GeoDirectory AffiliateWP Integration 1.0.8"},"content":{"rendered":"<h3>GeoDirectory AffiliateWP Integration Traits<\/h3>\n<p>L&rsquo;int\u00e9gration de GeoDirectory and AffiliateWP offre aux propri\u00e9taires de sites Web un outil robuste et puissant, facilitant la connexion transparente de leur r\u00e9pertoire g\u00e9odirectoral avec le plugin AffiliateWP. Cette int\u00e9gration pr\u00e9sente une solution pratique et tr\u00e8s efficace pour g\u00e9rer efficacement les programmes d&rsquo;affiliation, facilitant ainsi la croissance des revenus et l&rsquo;\u00e9largissement de votre pr\u00e9sence en ligne. Gr\u00e2ce \u00e0 l&rsquo;int\u00e9gration GeoDirectory AffiliateWP, vous gagnez la capacit\u00e9 de surveiller m\u00e9ticuleusement les r\u00e9f\u00e9rences, de g\u00e9rer habilement les commissions et de r\u00e9compenser g\u00e9n\u00e9reusement vos affili\u00e9s diligents. De plus, cette int\u00e9gration poss\u00e8de une interface conviviale, permettant \u00e0 la personnalisation sans effort de s&rsquo;aligner sur vos exigences uniques. Que vous soyez un propri\u00e9taire d&rsquo;entreprise ou un sp\u00e9cialiste du marketing d&rsquo;affiliation, l&rsquo;int\u00e9gration GeoDirectory AffiliateWP appara\u00eet incontestablement comme un actif indispensable pour optimiser votre potentiel en ligne.<\/p>\n<ul>\n<li>Int\u00e9gration transparente du g\u00e9odirectory et de l&rsquo;affiliatewp pour suivre les r\u00e9f\u00e9rences et gagner des commissions<\/li>\n<li>Installation et configuration faciles avec des instructions \u00e9tape par \u00e9tape<\/li>\n<li>Enregistrement automatique des affili\u00e9s et cr\u00e9ation de comptes d&rsquo;utilisateurs<\/li>\n<li>Taux de commission personnalisables pour les affili\u00e9s en fonction de emplacements ou de cat\u00e9gories sp\u00e9cifiques en g\u00e9odirectory<\/li>\n<li>Reportage et suivi en temps r\u00e9el des r\u00e9f\u00e9rences, clics et commissions<\/li>\n<li>Options de structure de commission \u00e0 plusieurs niveaux pour les affili\u00e9s et les commer\u00e7ants<\/li>\n<li>Compatible avec les passerelles de paiement populaires pour les paiements de commission s\u00e9curis\u00e9s<\/li>\n<li>Int\u00e9gration avec d&rsquo;autres modules compl\u00e9mentaires g\u00e9odirectoraux pour plus de fonctionnalit\u00e9s<\/li>\n<li>Excellent support client et mises \u00e0 jour r\u00e9guli\u00e8res pour assurer la compatibilit\u00e9 avec les derni\u00e8res versions de WordPress et GeoDirectory.<\/li>\n<\/ul>\n","protected":false},"excerpt":{"rendered":"<p>L&rsquo;int\u00e9gration de GeoDirectory and AffiliateWP fournit une solution robuste et efficace aux entreprises cherchant \u00e0 g\u00e9rer efficacement leurs programmes d&rsquo;affiliation. En connectant de mani\u00e8re transparente ces deux plateformes, les entreprises peuvent surveiller et r\u00e9glementer sans effort leurs ventes et commissions d&rsquo;affiliation. Cette int\u00e9gration offre une myriade de fonctionnalit\u00e9s b\u00e9n\u00e9fiques, y compris la possibilit\u00e9 de personnaliser les taux de commission, d&rsquo;acc\u00e9der aux rapports en temps r\u00e9el et de faciliter les paiements automatiques d&rsquo;affiliation. En adoptant l&rsquo;int\u00e9gration GeoDirectory Affiliatewp, les entreprises peuvent rationaliser leurs programmes d&rsquo;affiliation, am\u00e9liorer leurs revenus et profiter des avantages d&rsquo;un programme d&rsquo;affiliation plus productif et efficace. Faites le premier pas aujourd&rsquo;hui et lancez-vous dans un voyage vers un programme d&rsquo;affiliation plus rationalis\u00e9 et prosp\u00e8re.<\/p>\n","protected":false},"featured_media":143963,"comment_status":"open","ping_status":"open","template":"","meta":[],"product_brand":[2560],"product_cat":[1189,1181,1186],"product_tag":[1828],"class_list":{"0":"post-112906","1":"product","2":"type-product","3":"status-publish","4":"has-post-thumbnail","6":"product_brand-ayecode","7":"product_cat-personnalisation","8":"product_cat-plugins","9":"product_cat-wordpress-plugins","10":"product_tag-ayecode","11":"member-discount","12":"discount-restricted","14":"first","15":"instock","16":"sale","17":"downloadable","18":"virtual","19":"sold-individually","20":"purchasable","21":"product-type-simple"},"_links":{"self":[{"href":"https:\/\/gpl-love.com\/fr\/wp-json\/wp\/v2\/product\/112906","targetHints":{"allow":["GET"]}}],"collection":[{"href":"https:\/\/gpl-love.com\/fr\/wp-json\/wp\/v2\/product"}],"about":[{"href":"https:\/\/gpl-love.com\/fr\/wp-json\/wp\/v2\/types\/product"}],"replies":[{"embeddable":true,"href":"https:\/\/gpl-love.com\/fr\/wp-json\/wp\/v2\/comments?post=112906"}],"wp:featuredmedia":[{"embeddable":true,"href":"https:\/\/gpl-love.com\/fr\/wp-json\/wp\/v2\/media\/143963"}],"wp:attachment":[{"href":"https:\/\/gpl-love.com\/fr\/wp-json\/wp\/v2\/media?parent=112906"}],"wp:term":[{"taxonomy":"product_brand","embeddable":true,"href":"https:\/\/gpl-love.com\/fr\/wp-json\/wp\/v2\/product_brand?post=112906"},{"taxonomy":"product_cat","embeddable":true,"href":"https:\/\/gpl-love.com\/fr\/wp-json\/wp\/v2\/product_cat?post=112906"},{"taxonomy":"product_tag","embeddable":true,"href":"https:\/\/gpl-love.com\/fr\/wp-json\/wp\/v2\/product_tag?post=112906"}],"curies":[{"name":"wp","href":"https:\/\/api.w.org\/{rel}","templated":true}]}}