{"id":112904,"date":"2026-01-23T00:00:00","date_gmt":"2026-01-22T23:00:00","guid":{"rendered":"http:\/\/gpl-love.com\/fr\/produit\/geodirectory-advanced-search-filters\/"},"modified":"2026-04-03T18:30:28","modified_gmt":"2026-04-03T16:30:28","slug":"geodirectory-advanced-search-filters","status":"publish","type":"product","link":"https:\/\/gpl-love.com\/fr\/produit\/geodirectory-advanced-search-filters\/","title":{"rendered":"GeoDirectory Advanced Search Filters 2.3.32"},"content":{"rendered":"<h3>GeoDirectory Advanced Search Filters Traits<\/h3>\n<p>L&rsquo;outil GeoDirectory Advanced Search Filtres est une ressource incroyablement robuste et efficace qui aide grandement les utilisateurs \u00e0 naviguer efficacement dans leurs annonces de r\u00e9pertoires. En utilisant ses filtres de recherche avanc\u00e9s, les utilisateurs peuvent affiner sans effort leurs r\u00e9sultats de recherche en prenant en compte des crit\u00e8res sp\u00e9cifiques tels que l&#8217;emplacement, la cat\u00e9gorie, le prix et divers autres facteurs. Ce plugin remarquablement charg\u00e9 de fonctionnalit\u00e9s offre un large \u00e9ventail d&rsquo;options de personnalisation, offrant aux utilisateurs la possibilit\u00e9 de personnaliser les filtres de recherche pour s&rsquo;aligner parfaitement avec leurs exigences distinctes. Que vous supervisiez un r\u00e9pertoire d&rsquo;entreprise, des annonces immobili\u00e8res ou tout autre type de r\u00e9pertoire, l&rsquo;outil GeoDirectory Advanced Recherch Filtres est une n\u00e9cessit\u00e9 absolue car elle peut augmenter consid\u00e9rablement l&rsquo;exp\u00e9rience utilisateur et \u00e9lever la fonctionnalit\u00e9 globale de votre site Web.<\/p>\n<ul>\n<li>Permet aux utilisateurs de rechercher les r\u00e9sultats en fonction des filtres de recherche personnalis\u00e9s<\/li>\n<li>Comprend des options pour le rayon, la cat\u00e9gorie, les \u00e9tiquettes, l&#8217;emplacement, le prix, les notes, et plus<\/li>\n<li>Offre aux utilisateurs une exp\u00e9rience de recherche intuitive et sans couture<\/li>\n<li>Fournit une fonctionnalit\u00e9 de recherche avanc\u00e9e pour les entreprises et les r\u00e9pertoires<\/li>\n<li>Boose l&rsquo;engagement et la r\u00e9tention des utilisateurs avec des capacit\u00e9s de recherche am\u00e9lior\u00e9es<\/li>\n<li>Aide les utilisateurs \u00e0 trouver ce qu&rsquo;ils recherchent plus rapidement et plus pr\u00e9cis\u00e9ment<\/li>\n<li>Permet aux entreprises de personnaliser facilement leurs filtres de recherche pour r\u00e9pondre aux besoins sp\u00e9cifiques<\/li>\n<li>L&rsquo;interface intuitive et conviviale facilite la configuration et l&rsquo;utilisation.<\/li>\n<\/ul>\n","protected":false},"excerpt":{"rendered":"<p>GeoDirectory Advanced Search Filters est un plugin remarquablement robuste qui a \u00e9t\u00e9 m\u00e9ticuleusement con\u00e7u pour renforcer la fonctionnalit\u00e9 de votre site Web d&rsquo;annuaire, offrant ainsi aux visiteurs la commodit\u00e9 et l&rsquo;opportunit\u00e9 de localiser rapidement et sans effort sans effort qui s&rsquo;alignent avec leurs crit\u00e8res sp\u00e9cifiques. L&rsquo;avantage saillant de l&rsquo;int\u00e9gration de ce plugin dans votre site Web est la capacit\u00e9 illimit\u00e9e qu&rsquo;il offre pour la cr\u00e9ation de filtres sur mesure sur un large \u00e9ventail de cat\u00e9gories et de types de listes. Les filtres de recherche avanc\u00e9s sont dot\u00e9s d&rsquo;une interface conviviale qui est hautement adaptable, permettant ainsi \u00e0 vos visiteurs estim\u00e9s avec les moyens d&rsquo;affiner m\u00e9ticuleusement leurs param\u00e8tres de recherche en fonction de facteurs tels que l&#8217;emplacement, la gamme de prix, la disponibilit\u00e9 et une pl\u00e9thore d&rsquo;autres consid\u00e9rations. Par cons\u00e9quent, l&rsquo;int\u00e9gration de ce plugin r\u00e9volutionnaire peut effectuer une amplification substantielle de l&rsquo;engagement des utilisateurs et, simultan\u00e9ment, augmenter la g\u00e9n\u00e9ration de revenus sur votre site Web d&rsquo;annuaire estim\u00e9.<\/p>\n","protected":false},"featured_media":143962,"comment_status":"open","ping_status":"open","template":"","meta":[],"product_brand":[2560],"product_cat":[1189,1181,1186],"product_tag":[1828],"class_list":{"0":"post-112904","1":"product","2":"type-product","3":"status-publish","4":"has-post-thumbnail","6":"product_brand-ayecode","7":"product_cat-personnalisation","8":"product_cat-plugins","9":"product_cat-wordpress-plugins","10":"product_tag-ayecode","11":"member-discount","12":"discount-restricted","14":"first","15":"instock","16":"sale","17":"downloadable","18":"virtual","19":"sold-individually","20":"purchasable","21":"product-type-simple"},"_links":{"self":[{"href":"https:\/\/gpl-love.com\/fr\/wp-json\/wp\/v2\/product\/112904","targetHints":{"allow":["GET"]}}],"collection":[{"href":"https:\/\/gpl-love.com\/fr\/wp-json\/wp\/v2\/product"}],"about":[{"href":"https:\/\/gpl-love.com\/fr\/wp-json\/wp\/v2\/types\/product"}],"replies":[{"embeddable":true,"href":"https:\/\/gpl-love.com\/fr\/wp-json\/wp\/v2\/comments?post=112904"}],"wp:featuredmedia":[{"embeddable":true,"href":"https:\/\/gpl-love.com\/fr\/wp-json\/wp\/v2\/media\/143962"}],"wp:attachment":[{"href":"https:\/\/gpl-love.com\/fr\/wp-json\/wp\/v2\/media?parent=112904"}],"wp:term":[{"taxonomy":"product_brand","embeddable":true,"href":"https:\/\/gpl-love.com\/fr\/wp-json\/wp\/v2\/product_brand?post=112904"},{"taxonomy":"product_cat","embeddable":true,"href":"https:\/\/gpl-love.com\/fr\/wp-json\/wp\/v2\/product_cat?post=112904"},{"taxonomy":"product_tag","embeddable":true,"href":"https:\/\/gpl-love.com\/fr\/wp-json\/wp\/v2\/product_tag?post=112904"}],"curies":[{"name":"wp","href":"https:\/\/api.w.org\/{rel}","templated":true}]}}