{"id":112902,"date":"2025-09-09T00:00:00","date_gmt":"2025-09-08T22:00:00","guid":{"rendered":"http:\/\/gpl-love.com\/fr\/produit\/yith-product-size-charts-for-woocommerce-premium\/"},"modified":"2026-05-10T06:32:15","modified_gmt":"2026-05-10T04:32:15","slug":"yith-product-size-charts-for-woocommerce-premium","status":"publish","type":"product","link":"https:\/\/gpl-love.com\/fr\/produit\/yith-product-size-charts-for-woocommerce-premium\/","title":{"rendered":"YITH Product Size Charts pour WooCommerce Premium 1.48.0"},"content":{"rendered":"<h3>YITH Product Size Charts pour WooCommerce Premium Traits<\/h3>\n<p>Les graphiques de taille de produit Yith pour WooCommerce Premium sont un outil incroyablement robuste et tr\u00e8s efficace sp\u00e9cialement con\u00e7u pour aider les propri\u00e9taires de magasins WooCommerce \u00e0 fournir \u00e0 leurs clients pr\u00e9cieux la plus pr\u00e9cision en termes de taille de produit. Ce plugin innovant permet aux utilisateurs de mode et d&rsquo;adapter de mani\u00e8re transparente leurs propres tableaux de taille personnalis\u00e9s pour une gamme de produits divers, rationalisant et acc\u00e9l\u00e9rant ainsi consid\u00e9rablement le processus d&rsquo;achat global pour les consommateurs. De plus, l&rsquo;option d&rsquo;incorporer sans effort une multitude de graphiques de taille pour chaque produit individuel permet aux propri\u00e9taires de magasins de r\u00e9pondre efficacement aux exigences de dimensionnement souvent disparates dans diverses cat\u00e9gories de produits. En outre, ce plugin exceptionnel poss\u00e8de une interface exceptionnellement conviviale, garantissant que la cr\u00e9ation et la gestion ult\u00e9rieure des graphiques de taille sont \u00e0 la fois tr\u00e8s accessibles et exceptionnellement sans tracas. En substance, les graphiques de taille de produit Yith pour le plugin Premium WooCommerce repr\u00e9sente une n\u00e9cessit\u00e9 absolue pour tout magasin exigeant qui abrite un v\u00e9ritable d\u00e9sir d&rsquo;am\u00e9liorer consid\u00e9rablement l&rsquo;exp\u00e9rience globale d&rsquo;achat client tout en diminuant simultan\u00e9ment les taux de retour dans une mesure appr\u00e9ciable.<\/p>\n<ul>\n<li>Cr\u00e9ez facilement des graphiques de taille pour vos produits WooCommerce<\/li>\n<li>Options de dimensionnement personnalisables, y compris les unit\u00e9s de mesure, le style de graphique, et plus encore<\/li>\n<li>Compatibilit\u00e9 avec tout th\u00e8me WooCommerce<\/li>\n<li>Gagnez du temps en important des graphiques de taille pour vos produits \u00e0 l&rsquo;aide de fichiers CSV<\/li>\n<li>Cr\u00e9ez des graphiques de taille multiple pour diff\u00e9rentes cat\u00e9gories de produits ou variations<\/li>\n<li>Am\u00e9lioration de l&rsquo;exp\u00e9rience client avec des informations de taille claire et pr\u00e9cise<\/li>\n<li>R\u00e9duire les rendements et les plaintes des clients en raison de probl\u00e8mes de dimensionnement<\/li>\n<li>Obtenez des informations et des analyses d\u00e9taill\u00e9es sur la fr\u00e9quence \u00e0 laquelle les clients consultent et interagissent avec vos graphiques de taille<\/li>\n<li>Acc\u00e8s au support client premium des experts de Yith.<\/li>\n<\/ul>\n","protected":false},"excerpt":{"rendered":"<p>Les graphiques de taille de produit Yith pour WooCommerce Premium apparaissent comme un plugin de diagramme de taille globale m\u00e9ticuleusement con\u00e7u pour votre emporium num\u00e9rique. Ses caract\u00e9ristiques spectaculaires vous permettent de fabriquer des graphiques de taille personnalis\u00e9s, permettant ainsi \u00e0 votre client\u00e8le estim\u00e9e de v\u00e9rifier sans effort l&rsquo;ajustement id\u00e9al. B\u00e9n\u00e9ficiant d&rsquo;une interface conviviale, ce plugin facilite l&rsquo;incorporation transparente de nombreuses tables de taille dans chaque page de produit. De plus, sa conception adaptative et son int\u00e9gration harmonieuse avec des th\u00e8mes importantes en font un instrument indispensable pour tout propri\u00e9taire de WooCommerce exigeant qui aspire ardemment \u00e0 \u00e9lever le parcours commercial de leurs pr\u00e9cieux clients.<\/p>\n","protected":false},"featured_media":146416,"comment_status":"open","ping_status":"open","template":"","meta":[],"product_brand":[2487],"product_cat":[1182,1223,1181],"product_tag":[1437],"class_list":{"0":"post-112902","1":"product","2":"type-product","3":"status-publish","4":"has-post-thumbnail","6":"product_brand-yith","7":"product_cat-commerce-electronique-plugins","8":"product_cat-personnalisation-commerce-electronique-plugins","9":"product_cat-plugins","10":"product_tag-yith","11":"member-discount","12":"discount-restricted","14":"first","15":"instock","16":"sale","17":"downloadable","18":"virtual","19":"sold-individually","20":"purchasable","21":"product-type-simple"},"_links":{"self":[{"href":"https:\/\/gpl-love.com\/fr\/wp-json\/wp\/v2\/product\/112902","targetHints":{"allow":["GET"]}}],"collection":[{"href":"https:\/\/gpl-love.com\/fr\/wp-json\/wp\/v2\/product"}],"about":[{"href":"https:\/\/gpl-love.com\/fr\/wp-json\/wp\/v2\/types\/product"}],"replies":[{"embeddable":true,"href":"https:\/\/gpl-love.com\/fr\/wp-json\/wp\/v2\/comments?post=112902"}],"wp:featuredmedia":[{"embeddable":true,"href":"https:\/\/gpl-love.com\/fr\/wp-json\/wp\/v2\/media\/146416"}],"wp:attachment":[{"href":"https:\/\/gpl-love.com\/fr\/wp-json\/wp\/v2\/media?parent=112902"}],"wp:term":[{"taxonomy":"product_brand","embeddable":true,"href":"https:\/\/gpl-love.com\/fr\/wp-json\/wp\/v2\/product_brand?post=112902"},{"taxonomy":"product_cat","embeddable":true,"href":"https:\/\/gpl-love.com\/fr\/wp-json\/wp\/v2\/product_cat?post=112902"},{"taxonomy":"product_tag","embeddable":true,"href":"https:\/\/gpl-love.com\/fr\/wp-json\/wp\/v2\/product_tag?post=112902"}],"curies":[{"name":"wp","href":"https:\/\/api.w.org\/{rel}","templated":true}]}}