{"id":112900,"date":"2024-02-27T00:00:00","date_gmt":"2024-02-26T23:00:00","guid":{"rendered":"http:\/\/gpl-love.com\/fr\/produit\/yith-point-of-sale-for-woocommerce\/"},"modified":"2026-04-18T06:32:13","modified_gmt":"2026-04-18T04:32:13","slug":"yith-point-of-sale-for-woocommerce","status":"publish","type":"product","link":"https:\/\/gpl-love.com\/fr\/produit\/yith-point-of-sale-for-woocommerce\/","title":{"rendered":"YITH Point of Sale pour WooCommerce 3.1.0"},"content":{"rendered":"<h3>YITH Point of Sale pour WooCommerce Traits<\/h3>\n<p>Yith Point of Sale for WooCommerce, un outil tr\u00e8s formidable, a \u00e9t\u00e9 ing\u00e9nieusement d\u00e9velopp\u00e9 pour g\u00e9rer efficacement les ventes et les stocks pour les propri\u00e9taires de magasins en ligne. Ce plugin remarquable rationalise activement le processus de paiement, le rendant sans effort pratique pour que les clients acqui\u00e8rent de mani\u00e8re transparente les articles souhait\u00e9s de votre magasin. Remarquablement, le point de vente de Yith vous permet d&rsquo;ajouter de mani\u00e8re transparente des produits \u00e0 votre panier, de g\u00e9rer efficacement les niveaux d&rsquo;inventaire et de traiter des paiements de mani\u00e8re experte dans les limites de votre site Web. De plus, ce plugin poss\u00e8de un immense degr\u00e9 de personnalisation, vous permettant finalement de l&rsquo;adapter impeccablement pour r\u00e9pondre sp\u00e9cifiquement aux besoins uniques de votre entreprise. Que vous soyez exploit\u00e9 un magasin de vente au d\u00e9tail de brique et de mortier ou une boutique en ligne anim\u00e9e, le point de vente Yith pour WooCommerce fera sans \u00e9quivoque un outil indispensable, catalysant efficacement la croissance exponentielle de votre entreprise tout en maximisant simultan\u00e9ment vos r\u00e9sultats.<\/p>\n<ul>\n<li>Un plugin puissant qui transforme votre magasin WooCommerce en un syst\u00e8me de point de vente enti\u00e8rement fonctionnel<\/li>\n<li>Vous permet de g\u00e9rer vos ventes, vos inventaires et vos clients \u00e0 partir d&rsquo;une seule interface conviviale<\/li>\n<li>Vous permet de traiter les paiements, d&rsquo;\u00e9mettre des remboursements et de g\u00e9rer facilement les registres en esp\u00e8ces<\/li>\n<li>Compatible avec plusieurs passerelles de paiement, y compris Stripe, PayPal et Authorize.net<\/li>\n<li>Livr\u00e9 avec un scanner de code-barres int\u00e9gr\u00e9 et un g\u00e9n\u00e9rateur de codes \u00e0 barres, ce qui facilite la gestion de votre inventaire et acc\u00e9l\u00e9rez les heures de paiement<\/li>\n<li>Vous permet de cr\u00e9er des re\u00e7us personnalis\u00e9s, d&rsquo;ajouter des taxes et des remises et de g\u00e9rer les heures d&rsquo;ouverture et de cl\u00f4ture de votre magasin<\/li>\n<li>Offre une gamme de fonctionnalit\u00e9s de rapport, vous permettant de surveiller vos ventes, vos stocks et vos donn\u00e9es clients en temps r\u00e9el<\/li>\n<li>Peut \u00eatre utilis\u00e9 en conjonction avec d&rsquo;autres plugins Yith WooCommerce pour am\u00e9liorer encore la fonctionnalit\u00e9 et les performances de votre magasin<\/li>\n<li>Livr\u00e9 avec une documentation et un soutien approfondis, en vous assurant de tirer le meilleur parti du plugin<\/li>\n<\/ul>\n","protected":false},"excerpt":{"rendered":"<p>Le point de vente de Yith pour WooCommerce appara\u00eet comme un instrument extr\u00eamement puissant qui rationalise et acc\u00e9l\u00e8re efficacement le processus de paiement pour les propri\u00e9taires de magasins et les clients. Son interface est con\u00e7ue pour \u00eatre conviviale, tandis que ses fonctionnalit\u00e9s avanc\u00e9es prennent le processus d&rsquo;achat une encoche plus \u00e9lev\u00e9e, am\u00e9liorant par cons\u00e9quent la productivit\u00e9 globale et l&rsquo;efficacit\u00e9 de votre magasin. En utilisant le point de vente de Yith pour WooCommerce, vous gagnez la possibilit\u00e9 de g\u00e9rer rapidement et sans effort sans effort, de garder un \u0153il sur l&rsquo;inventaire et d&rsquo;analyser les rapports de vente, le tout dans les limites d&rsquo;un seul emplacement pratique. Que vous soyez le propri\u00e9taire d&rsquo;une entreprise \u00e0 petite \u00e9chelle ou d&rsquo;un d\u00e9taillant gigantesque, ce plugin appara\u00eet sans aucun doute comme un atout imp\u00e9ratif pour optimiser votre processus de paiement et propulser vos chiffres de vente \u00e0 de nouveaux sommets.<\/p>\n","protected":false},"featured_media":146407,"comment_status":"open","ping_status":"open","template":"","meta":[],"product_brand":[2487],"product_cat":[1183,1182,1181],"product_tag":[1437],"class_list":{"0":"post-112900","1":"product","2":"type-product","3":"status-publish","4":"has-post-thumbnail","6":"product_brand-yith","7":"product_cat-administration","8":"product_cat-commerce-electronique-plugins","9":"product_cat-plugins","10":"product_tag-yith","11":"member-discount","12":"discount-restricted","14":"first","15":"instock","16":"sale","17":"downloadable","18":"virtual","19":"sold-individually","20":"purchasable","21":"product-type-simple"},"_links":{"self":[{"href":"https:\/\/gpl-love.com\/fr\/wp-json\/wp\/v2\/product\/112900","targetHints":{"allow":["GET"]}}],"collection":[{"href":"https:\/\/gpl-love.com\/fr\/wp-json\/wp\/v2\/product"}],"about":[{"href":"https:\/\/gpl-love.com\/fr\/wp-json\/wp\/v2\/types\/product"}],"replies":[{"embeddable":true,"href":"https:\/\/gpl-love.com\/fr\/wp-json\/wp\/v2\/comments?post=112900"}],"wp:featuredmedia":[{"embeddable":true,"href":"https:\/\/gpl-love.com\/fr\/wp-json\/wp\/v2\/media\/146407"}],"wp:attachment":[{"href":"https:\/\/gpl-love.com\/fr\/wp-json\/wp\/v2\/media?parent=112900"}],"wp:term":[{"taxonomy":"product_brand","embeddable":true,"href":"https:\/\/gpl-love.com\/fr\/wp-json\/wp\/v2\/product_brand?post=112900"},{"taxonomy":"product_cat","embeddable":true,"href":"https:\/\/gpl-love.com\/fr\/wp-json\/wp\/v2\/product_cat?post=112900"},{"taxonomy":"product_tag","embeddable":true,"href":"https:\/\/gpl-love.com\/fr\/wp-json\/wp\/v2\/product_tag?post=112900"}],"curies":[{"name":"wp","href":"https:\/\/api.w.org\/{rel}","templated":true}]}}