{"id":112891,"date":"2025-05-16T00:00:00","date_gmt":"2025-05-15T22:00:00","guid":{"rendered":"http:\/\/gpl-love.com\/fr\/produit\/onfleek-amp-ready-and-responsive-magazine-theme\/"},"modified":"2026-04-10T18:35:17","modified_gmt":"2026-04-10T16:35:17","slug":"onfleek-amp-ready-and-responsive-magazine-theme","status":"publish","type":"product","link":"https:\/\/gpl-love.com\/fr\/produit\/onfleek-amp-ready-and-responsive-magazine-theme\/","title":{"rendered":"Onfleek AMP Ready et Responsive Magazine Theme 3.7"},"content":{"rendered":"<h3>Onfleek AMP Ready et Responsive Magazine Theme Traits<\/h3>\n<p>Le th\u00e8me du magazine Ready Ready and Reactive OnFleek est une solution exceptionnelle pour les personnes cherchant \u00e0 cr\u00e9er un magazine en ligne \u00e9l\u00e9gant et poli. Ce th\u00e8me poss\u00e8de une r\u00e9activit\u00e9 compl\u00e8te, signifiant qu&rsquo;elle d\u00e9gage l&rsquo;excellence sur tous les appareils. De plus, il est \u00e9quip\u00e9 d&rsquo;une pr\u00e9paration AMP, la dotant d&rsquo;une vitesse in\u00e9gal\u00e9e et en faisant un ajustement impeccable pour les utilisateurs mobiles. Incarnant un design vierge et contemporain, Onfleek est personnalisable sans effort, vous accordant une autorit\u00e9 compl\u00e8te sur l&rsquo;esth\u00e9tique et l&rsquo;ambiance de votre site Web. De plus, il englobe un \u00e9ventail de fonctionnalit\u00e9s m\u00e9ticuleusement adapt\u00e9es pour r\u00e9pondre aux exigences des plates-formes de style magazine, englobant diverses mises en page, des espaces publicitaires strat\u00e9giques et une int\u00e9gration des m\u00e9dias sociaux sans faille. Que vous soyez exploit\u00e9 un site d&rsquo;information, un blog ou toute autre variante d&rsquo;un magazine en ligne, le th\u00e8me OnFleek est le choix par excellence.<\/p>\n<ul>\n<li>ONFLEEK AMP Pr\u00eat et r\u00e9actif du magazine pour WordPress<\/li>\n<li>Con\u00e7u pour am\u00e9liorer votre pr\u00e9sence de magazine en ligne avec un look moderne et \u00e9l\u00e9gant<\/li>\n<li>Enti\u00e8rement optimis\u00e9 pour les temps de chargement rapide en utilisant la technologie des pages mobiles acc\u00e9l\u00e9r\u00e9es de Google (AMP)<\/li>\n<li>Conception r\u00e9active qui a fi\u00e8re allure sur tous les appareils, y compris les mobiles et les tablettes<\/li>\n<li>Plusieurs options de page d&rsquo;accueil et de mise en page au choix pour la personnalisation<\/li>\n<li>Builder de page de glisser-d\u00e9poser facile \u00e0 utiliser pour la personnalisation de votre site Web sans codage<\/li>\n<li>Conception conviviale de r\u00e9f\u00e9rence<\/li>\n<li>Int\u00e9gration WooCommerce pour la vente de produits directement \u00e0 partir de votre site Web<\/li>\n<li>Int\u00e9gration des m\u00e9dias sociaux pour un partage facile de votre contenu sur les plateformes de m\u00e9dias sociaux<\/li>\n<li>Traduction pr\u00eate avec la prise en charge de plusieurs langues<\/li>\n<li>Un support client d\u00e9di\u00e9 pour vous aider avec toutes les questions ou probl\u00e8mes que vous pourriez avoir.<\/li>\n<\/ul>\n","protected":false},"excerpt":{"rendered":"<p>Onfleek Amp, un th\u00e8me de magazine m\u00e9ticuleusement con\u00e7u et sensibles mobile, poss\u00e8de un trait impressionnant &#8211; sa compatibilit\u00e9 AMP (pages mobiles acc\u00e9l\u00e9r\u00e9es). Cet attribut notable garantit une vitesse de chargement optimale et une navigation transparente sur les appareils mobiles, am\u00e9liorant finalement l&rsquo;exp\u00e9rience utilisateur globale pour vos lecteurs estim\u00e9s. Id\u00e9al pour les blogueurs, les m\u00e9dias et les magazines en ligne aspirant \u00e0 \u00e9maner un air de professionnalisme, Onfleek AMP pr\u00e9sente un \u00e9ventail d&rsquo;avantages. Sa disposition polyvalente, en conjonction avec sa pl\u00e9thore d&rsquo;options de personnalisation, cultive une rencontre polie, centr\u00e9e sur l&rsquo;utilisateur et sans effort pour vous et votre public ch\u00e9ri.<\/p>\n","protected":false},"featured_media":144865,"comment_status":"open","ping_status":"open","template":"","meta":[],"product_brand":[2433],"product_cat":[1220,1212,1213],"product_tag":[1366],"class_list":{"0":"post-112891","1":"product","2":"type-product","3":"status-publish","4":"has-post-thumbnail","6":"product_brand-themeforest","7":"product_cat-blog-magazine","8":"product_cat-themes","9":"product_cat-wordpress-themes","10":"product_tag-themeforest","11":"member-discount","12":"discount-restricted","14":"first","15":"instock","16":"sale","17":"downloadable","18":"virtual","19":"sold-individually","20":"purchasable","21":"product-type-simple"},"_links":{"self":[{"href":"https:\/\/gpl-love.com\/fr\/wp-json\/wp\/v2\/product\/112891","targetHints":{"allow":["GET"]}}],"collection":[{"href":"https:\/\/gpl-love.com\/fr\/wp-json\/wp\/v2\/product"}],"about":[{"href":"https:\/\/gpl-love.com\/fr\/wp-json\/wp\/v2\/types\/product"}],"replies":[{"embeddable":true,"href":"https:\/\/gpl-love.com\/fr\/wp-json\/wp\/v2\/comments?post=112891"}],"wp:featuredmedia":[{"embeddable":true,"href":"https:\/\/gpl-love.com\/fr\/wp-json\/wp\/v2\/media\/144865"}],"wp:attachment":[{"href":"https:\/\/gpl-love.com\/fr\/wp-json\/wp\/v2\/media?parent=112891"}],"wp:term":[{"taxonomy":"product_brand","embeddable":true,"href":"https:\/\/gpl-love.com\/fr\/wp-json\/wp\/v2\/product_brand?post=112891"},{"taxonomy":"product_cat","embeddable":true,"href":"https:\/\/gpl-love.com\/fr\/wp-json\/wp\/v2\/product_cat?post=112891"},{"taxonomy":"product_tag","embeddable":true,"href":"https:\/\/gpl-love.com\/fr\/wp-json\/wp\/v2\/product_tag?post=112891"}],"curies":[{"name":"wp","href":"https:\/\/api.w.org\/{rel}","templated":true}]}}