{"id":112889,"date":"2025-11-04T00:00:00","date_gmt":"2025-11-03T23:00:00","guid":{"rendered":"http:\/\/gpl-love.com\/fr\/produit\/the-retailer-premium-woocommerce-theme\/"},"modified":"2026-04-10T18:42:22","modified_gmt":"2026-04-10T16:42:22","slug":"the-retailer-premium-woocommerce-theme","status":"publish","type":"product","link":"https:\/\/gpl-love.com\/fr\/produit\/the-retailer-premium-woocommerce-theme\/","title":{"rendered":"The Retailer Premium WooCommerce Theme 6.9.3"},"content":{"rendered":"<h3>The Retailer Premium WooCommerce Theme Traits<\/h3>\n<p>Le th\u00e8me WooCommerce du d\u00e9taillant Premium est un th\u00e8me WordPress exceptionnel qui a \u00e9t\u00e9 habilement con\u00e7u sp\u00e9cifiquement pour les d\u00e9taillants en ligne, dans le but de r\u00e9pondre \u00e0 leurs besoins et pr\u00e9f\u00e9rences uniques. Ce th\u00e8me polyvalent poss\u00e8de une interface incroyablement conviviale qui permet aux d\u00e9taillants de cr\u00e9er et de g\u00e9rer sans effort leurs magasins en ligne, le tout sans n\u00e9cessiter de connaissance approfondie du codage. En outre, il pr\u00e9sente un design r\u00e9actif qui s&rsquo;adapte parfaitement \u00e0 divers appareils, garantissant une exp\u00e9rience de navigation visuellement \u00e9tonnante et transparente pour les clients. Pour am\u00e9liorer davantage la pr\u00e9sence en ligne de d\u00e9taillants, ce th\u00e8me remarquable a \u00e9t\u00e9 optimis\u00e9 pour les moteurs de recherche, renfor\u00e7ant ainsi la visibilit\u00e9 et conduisant efficacement le trafic vers le site.<\/p>\n<p>Afin de faciliter les transactions transparentes, le th\u00e8me WooCommerce du d\u00e9taillant Premium est \u00e9galement \u00e9quip\u00e9 de la prise en charge de plusieurs passerelles de paiement, rationalisant le processus d&rsquo;achat pour les clients et finalement augmenter les taux de conversion. De plus, ce th\u00e8me offre une large gamme de fonctionnalit\u00e9s int\u00e9gr\u00e9es, y compris la flexibilit\u00e9 pour personnaliser les dispositions de page d&rsquo;accueil, les mod\u00e8les de page de produit et divers widgets et codes short. Ces outils inestimables permettent aux d\u00e9taillants de cr\u00e9er une boutique en ligne unique et personnalis\u00e9e, s&rsquo;adressant \u00e0 leur identit\u00e9 de marque et \u00e0 leurs offres de produits sp\u00e9cifiques.<\/p>\n<p>Sans aucun doute, le th\u00e8me WooCommerce du d\u00e9taillant Premium fournit un ensemble complet de fonctionnalit\u00e9s et d&rsquo;options qui sont ind\u00e9niablement avantageuses pour les d\u00e9taillants visant \u00e0 \u00e9tablir une pr\u00e9sence en ligne professionnelle et captivante. En tirant parti de la puissance de ce th\u00e8me exceptionnel, les d\u00e9taillants peuvent augmenter efficacement leurs ventes et solidifier leur position sur le march\u00e9 en ligne comp\u00e9titif.<\/p>\n<ul>\n<li>Conception r\u00e9active pour une visualisation optimale sur n&rsquo;importe quel appareil<\/li>\n<li>Page d&rsquo;accueil personnalisable avec plusieurs options de mise en page<\/li>\n<li>Int\u00e9gration WooCommerce pour les ventes en ligne transparentes<\/li>\n<li>Pages de produits avec des galeries d&rsquo;images, des avis et des produits connexes<\/li>\n<li>Plusieurs options de paiement, y compris les cartes PayPal et les cartes de cr\u00e9dit<\/li>\n<li>Fonction de recherche avanc\u00e9e pour une navigation facile \u00e0 travers les produits<\/li>\n<li>Int\u00e9gration des m\u00e9dias sociaux pour un partage et une promotion faciles<\/li>\n<li>Blog avec des articles en vedette et r\u00e9cents<\/li>\n<li>Formulaire de contact pour les demandes des clients<\/li>\n<li>Multiples options de devise et de langue pour les ventes internationales<\/li>\n<\/ul>\n","protected":false},"excerpt":{"rendered":"<p>Si vous recherchez une option exceptionnelle pour une entreprise de vente au d\u00e9tail en ligne, ne cherchez pas plus loin que le th\u00e8me WooCommerce du d\u00e9taillant Premium. B\u00e9n\u00e9ficiant d&rsquo;un design \u00e9l\u00e9gant et contemporain, ce th\u00e8me accordera \u00e0 votre site Web une apparence polie et raffin\u00e9e qui est s\u00fbre de captiver et d&rsquo;impressionner vos clients pr\u00e9cieux. Notamment, il est enti\u00e8rement r\u00e9actif et offre un degr\u00e9 \u00e9lev\u00e9 de personnalisation, le rendant sans effort adaptable \u00e0 vos exigences et pr\u00e9f\u00e9rences uniques. En outre, il est \u00e9quip\u00e9 d&rsquo;un tableau de mod\u00e8les de page pr\u00e9d\u00e9finis, facilitant la cr\u00e9ation transparente d&rsquo;une boutique en ligne. Avec ses fonctionnalit\u00e9s remarquables telles qu&rsquo;un curseur de produit, une vue rapide sur le produit et le filtrage des produits, votre client\u00e8le estim\u00e9e profitera sans aucun doute d&rsquo;une exp\u00e9rience de magasinage transparente et agr\u00e9able. Par cons\u00e9quent, que vous cherchiez \u00e0 vous lancer dans une nouvelle entreprise de vente au d\u00e9tail en ligne ou que vous am\u00e9lioriez une nouvelle entreprise existante, le th\u00e8me WooCommerce du d\u00e9taillant Premium repr\u00e9sente sans \u00e9quivoque un choix exceptionnel.<\/p>\n","protected":false},"featured_media":145476,"comment_status":"open","ping_status":"open","template":"","meta":[],"product_brand":[2433],"product_cat":[1238,1851,1212],"product_tag":[1366],"class_list":{"0":"post-112889","1":"product","2":"type-product","3":"status-publish","4":"has-post-thumbnail","6":"product_brand-themeforest","7":"product_cat-commerce-electronique-themes","8":"product_cat-entreprise-commerce-electronique-themes","9":"product_cat-themes","10":"product_tag-themeforest","11":"member-discount","12":"discount-restricted","14":"first","15":"instock","16":"sale","17":"downloadable","18":"virtual","19":"sold-individually","20":"purchasable","21":"product-type-simple"},"_links":{"self":[{"href":"https:\/\/gpl-love.com\/fr\/wp-json\/wp\/v2\/product\/112889","targetHints":{"allow":["GET"]}}],"collection":[{"href":"https:\/\/gpl-love.com\/fr\/wp-json\/wp\/v2\/product"}],"about":[{"href":"https:\/\/gpl-love.com\/fr\/wp-json\/wp\/v2\/types\/product"}],"replies":[{"embeddable":true,"href":"https:\/\/gpl-love.com\/fr\/wp-json\/wp\/v2\/comments?post=112889"}],"wp:featuredmedia":[{"embeddable":true,"href":"https:\/\/gpl-love.com\/fr\/wp-json\/wp\/v2\/media\/145476"}],"wp:attachment":[{"href":"https:\/\/gpl-love.com\/fr\/wp-json\/wp\/v2\/media?parent=112889"}],"wp:term":[{"taxonomy":"product_brand","embeddable":true,"href":"https:\/\/gpl-love.com\/fr\/wp-json\/wp\/v2\/product_brand?post=112889"},{"taxonomy":"product_cat","embeddable":true,"href":"https:\/\/gpl-love.com\/fr\/wp-json\/wp\/v2\/product_cat?post=112889"},{"taxonomy":"product_tag","embeddable":true,"href":"https:\/\/gpl-love.com\/fr\/wp-json\/wp\/v2\/product_tag?post=112889"}],"curies":[{"name":"wp","href":"https:\/\/api.w.org\/{rel}","templated":true}]}}