{"id":112885,"date":"2025-11-14T00:00:00","date_gmt":"2025-11-13T23:00:00","guid":{"rendered":"http:\/\/gpl-love.com\/fr\/produit\/realhomes-estate-sale-and-rental-wordpress-theme\/"},"modified":"2026-03-20T23:33:22","modified_gmt":"2026-03-20T22:33:22","slug":"realhomes-estate-sale-and-rental-wordpress-theme","status":"publish","type":"product","link":"https:\/\/gpl-love.com\/fr\/produit\/realhomes-estate-sale-and-rental-wordpress-theme\/","title":{"rendered":"RealHomes Estate Sale et Rental WordPress Theme 4.4.5"},"content":{"rendered":"<h3>RealHomes Estate Sale et Rental WordPress Theme Traits<\/h3>\n<p>Realhomes Somestation Sale and Rental WordPress Le th\u00e8me est un th\u00e8me incroyablement robuste et riche en fonctionnalit\u00e9s qui a \u00e9t\u00e9 sp\u00e9cialement con\u00e7u avec les besoins et les d\u00e9sirs des agents immobiliers, des courtiers et des gestionnaires immobiliers \u00e0 l&rsquo;esprit. Son objectif est de leur fournir une plate-forme puissante \u00e0 travers laquelle ils peuvent pr\u00e9senter efficacement et de mani\u00e8re impressionnante leurs propri\u00e9t\u00e9s et services \u00e0 un public plus large en ligne. B\u00e9n\u00e9ficiant d&rsquo;une pl\u00e9thore d&rsquo;options et de param\u00e8tres personnalisables, ce th\u00e8me permet aux utilisateurs de personnaliser pleinement leur site Web afin qu&rsquo;il refl\u00e8te vraiment et avec pr\u00e9cision leur identit\u00e9 de marque et leurs objectifs commerciaux. En plus de cela, Realhomes est \u00e9quip\u00e9 de fonctionnalit\u00e9s de recherche avanc\u00e9es, de listes de propri\u00e9t\u00e9s compl\u00e8tes, de propri\u00e9t\u00e9s pr\u00e9sent\u00e9es en \u00e9vidence et de la possibilit\u00e9 d&rsquo;offrir des visites virtuelles, qui se combinent toutes pour offrir une exp\u00e9rience remarquablement sans couture et conviviale aux clients potentiels. De plus, ce th\u00e8me a \u00e9t\u00e9 optimis\u00e9 de mani\u00e8re experte pour les appareils mobiles, garantissant que votre site Web semblera exceptionnellement attrayant et professionnel sur toutes les tailles d&rsquo;\u00e9cran. Donc, que vous soyez sur le march\u00e9 pour vendre ou louer des propri\u00e9t\u00e9s, Realhomes se distingue comme un choix exceptionnel pour tous ceux qui cherchent \u00e0 \u00e9tablir une pr\u00e9sence en ligne dominante et influente au sein de l&rsquo;industrie immobili\u00e8re hautement comp\u00e9titive.<\/p>\n<ul>\n<li>Un th\u00e8me WordPress convivial et personnalisable con\u00e7u sp\u00e9cifiquement pour les ventes et les locations immobili\u00e8res<\/li>\n<li>Design r\u00e9actif qui garantit que votre site a fi\u00e8re allure sur tous les appareils<\/li>\n<li>Plusieurs d\u00e9mos pr\u00e9-construites au choix, avec des options pour les ventes et les locations<\/li>\n<li>Fonctionnalit\u00e9 de recherche avanc\u00e9e qui permet aux utilisateurs de r\u00e9duire leurs options en fonction de crit\u00e8res sp\u00e9cifiques<\/li>\n<li>Int\u00e9gration facile avec les passerelles de paiement populaires, vous pouvez donc commencer \u00e0 accepter les paiements imm\u00e9diatement<\/li>\n<li>Caract\u00e9ristiques d&rsquo;inscription de propri\u00e9t\u00e9s int\u00e9gr\u00e9es, avec des images de haute qualit\u00e9 et des descriptions d\u00e9taill\u00e9es<\/li>\n<li>Codes d&rsquo;identification de propri\u00e9t\u00e9 unique pour une r\u00e9f\u00e9rence et une organisation faciles<\/li>\n<li>Cartes Int\u00e9gration pour montrer les emplacements des propri\u00e9t\u00e9s et les \u00e9quipements \u00e0 proximit\u00e9<\/li>\n<li>Un panneau de personnalisation de th\u00e8me puissant qui vous permet de modifier presque tous les aspects de l&rsquo;apparence de votre site sans avoir besoin de connaissances de codage<\/li>\n<li>Documentation compl\u00e8te et soutien d\u00e9di\u00e9 pour vous aider \u00e0 tirer le meilleur parti de votre investissement<\/li>\n<\/ul>\n","protected":false},"excerpt":{"rendered":"<p>Realhomes est un th\u00e8me WordPress extr\u00eamement personnalisable et abondant qui a \u00e9t\u00e9 m\u00e9ticuleusement cr\u00e9\u00e9 avec l&rsquo;intention sp\u00e9cifique de r\u00e9pondre aux besoins des agences immobili\u00e8res, des agents, ainsi que des services de location de propri\u00e9t\u00e9. B\u00e9n\u00e9ficiant d&rsquo;une conception moderne et conviviale, Realhomes offre une gamme diversifi\u00e9e de fonctionnalit\u00e9s intuitives qui visent \u00e0 vous aider \u00e0 pr\u00e9senter efficacement vos propri\u00e9t\u00e9s, \u00e0 g\u00e9rer les demandes de renseignements de mani\u00e8re transparente et, en fin de compte, \u00e0 rationaliser vos op\u00e9rations en ligne pour une efficacit\u00e9 maximale. La pl\u00e9thore de fonctionnalit\u00e9s que Realhomes offre comprend des filtres de recherche de propri\u00e9t\u00e9s personnalisables qui peuvent \u00eatre adapt\u00e9s \u00e0 vos besoins sp\u00e9cifiques, ainsi que des syst\u00e8mes de r\u00e9servation et de paiement avanc\u00e9s qui sont con\u00e7us pour simplifier l&rsquo;int\u00e9gralit\u00e9 du processus. Essentiellement, Realhomes sert de solution globale qui vous offre tout ce dont vous pourriez avoir besoin pour \u00e9tablir une pr\u00e9sence en ligne convaincante et tr\u00e8s efficace au sein de l&rsquo;industrie immobili\u00e8re farouchement comp\u00e9titive. Non seulement cela, mais Realhomes poss\u00e8de \u00e9galement une conception r\u00e9active, ce qui signifie que votre site Web appara\u00eetra \u00e9galement \u00e9tonnant et visuellement attrayant, quel que soit l&rsquo;appareil utilis\u00e9 pour y acc\u00e9der. Cette capacit\u00e9 vous permet de contacter efficacement un plus grand bassin de clients potentiels, facilitant ainsi la croissance et l&rsquo;expansion de votre entreprise de mani\u00e8re tangible et significative.<\/p>\n","protected":false},"featured_media":145090,"comment_status":"open","ping_status":"open","template":"","meta":[],"product_brand":[2433],"product_cat":[1356,1212,1213],"product_tag":[1366],"class_list":{"0":"post-112885","1":"product","2":"type-product","3":"status-publish","4":"has-post-thumbnail","6":"product_brand-themeforest","7":"product_cat-immobilier","8":"product_cat-themes","9":"product_cat-wordpress-themes","10":"product_tag-themeforest","11":"member-discount","12":"discount-restricted","14":"first","15":"instock","16":"sale","17":"downloadable","18":"virtual","19":"sold-individually","20":"purchasable","21":"product-type-simple"},"_links":{"self":[{"href":"https:\/\/gpl-love.com\/fr\/wp-json\/wp\/v2\/product\/112885","targetHints":{"allow":["GET"]}}],"collection":[{"href":"https:\/\/gpl-love.com\/fr\/wp-json\/wp\/v2\/product"}],"about":[{"href":"https:\/\/gpl-love.com\/fr\/wp-json\/wp\/v2\/types\/product"}],"replies":[{"embeddable":true,"href":"https:\/\/gpl-love.com\/fr\/wp-json\/wp\/v2\/comments?post=112885"}],"wp:featuredmedia":[{"embeddable":true,"href":"https:\/\/gpl-love.com\/fr\/wp-json\/wp\/v2\/media\/145090"}],"wp:attachment":[{"href":"https:\/\/gpl-love.com\/fr\/wp-json\/wp\/v2\/media?parent=112885"}],"wp:term":[{"taxonomy":"product_brand","embeddable":true,"href":"https:\/\/gpl-love.com\/fr\/wp-json\/wp\/v2\/product_brand?post=112885"},{"taxonomy":"product_cat","embeddable":true,"href":"https:\/\/gpl-love.com\/fr\/wp-json\/wp\/v2\/product_cat?post=112885"},{"taxonomy":"product_tag","embeddable":true,"href":"https:\/\/gpl-love.com\/fr\/wp-json\/wp\/v2\/product_tag?post=112885"}],"curies":[{"name":"wp","href":"https:\/\/api.w.org\/{rel}","templated":true}]}}