{"id":112881,"date":"2021-06-23T00:00:00","date_gmt":"2021-06-22T22:00:00","guid":{"rendered":"http:\/\/gpl-love.com\/fr\/produit\/online-exam-management-education-and-results-management\/"},"modified":"2026-04-10T18:35:18","modified_gmt":"2026-04-10T16:35:18","slug":"online-exam-management-education-and-results-management","status":"publish","type":"product","link":"https:\/\/gpl-love.com\/fr\/produit\/online-exam-management-education-and-results-management\/","title":{"rendered":"Online Exam Management Education et Results Management 3.0"},"content":{"rendered":"<h3>Online Exam Management Education et Results Management Traits<\/h3>\n<p>Notre syst\u00e8me de gestion des examens et de l&rsquo;\u00e9ducation en ligne offre une solution compl\u00e8te pour g\u00e9rer sans effort les examens et surveiller les r\u00e9sultats au sein de votre \u00e9tablissement d&rsquo;enseignement estim\u00e9. Gr\u00e2ce \u00e0 notre plateforme, vous obtenez la flexibilit\u00e9 de cr\u00e9er des examens, d&rsquo;\u00e9tablir des limites de temps et de surveiller \u00e9troitement les progr\u00e8s de chaque \u00e9l\u00e8ve individuel. De plus, notre syst\u00e8me vous permet de g\u00e9rer efficacement l&rsquo;inscription des \u00e9tudiants, de planifier m\u00e9ticuleusement les cours et de signaler de mani\u00e8re transparente les notes. En profitant de notre syst\u00e8me de pointe, vous \u00eates \u00e9quip\u00e9 de la capacit\u00e9 inestimable \u00e0 suivre m\u00e9ticuleusement les performances des \u00e9l\u00e8ves et \u00e0 identifier rapidement des domaines qui n\u00e9cessitent une am\u00e9lioration. De plus, notre interface conviviale assure une exp\u00e9rience transparente pour les administrateurs et les \u00e9tudiants. Offrez des adieux \u00e0 la p\u00e9nurie associ\u00e9e \u00e0 la gestion des examens papier et adoptez l&rsquo;efficacit\u00e9 transparente de notre plateforme en ligne, r\u00e9volutionnant ainsi vos efforts de gestion de l&rsquo;\u00e9ducation.<\/p>\n<ul>\n<li>Syst\u00e8me complet de gestion des examens en ligne<\/li>\n<li>Plateforme efficace et facile \u00e0 utiliser pour les fournisseurs d&rsquo;\u00e9ducation<\/li>\n<li>Rationalise les processus de cr\u00e9ation, de planification et de notation des examens<\/li>\n<li>Param\u00e8tres personnalisables pour r\u00e9pondre aux besoins sp\u00e9cifiques de chaque fournisseur d&rsquo;\u00e9ducation<\/li>\n<li>Surveillance en temps r\u00e9el des progr\u00e8s et des performances des \u00e9tudiants<\/li>\n<li>Environnement de test s\u00e9curis\u00e9 et fiable<\/li>\n<li>Int\u00e9gration avec les syst\u00e8mes de gestion de l&rsquo;apprentissage populaires (LMS)<\/li>\n<li>Informations et analyses d\u00e9taill\u00e9es sur les performances des \u00e9l\u00e8ves et les r\u00e9sultats des examens<\/li>\n<li>G\u00e9n\u00e9ration et distribution de r\u00e9sultats automatis\u00e9s aux \u00e9tudiants et aux \u00e9ducateurs<\/li>\n<li>Capacit\u00e9 \u00e0 g\u00e9n\u00e9rer des certificats et des informations d&rsquo;identification lors de la r\u00e9ussite de l&rsquo;examen avec succ\u00e8s.<\/li>\n<\/ul>\n","protected":false},"excerpt":{"rendered":"<p>Notre plateforme de gestion des examens en ligne innovante et compl\u00e8te offre une multitude de fonctionnalit\u00e9s pr\u00e9cieuses qui simplifient consid\u00e9rablement la t\u00e2che autrement ardue d&rsquo;administrer des examens et de g\u00e9rer efficacement les r\u00e9sultats des \u00e9tudiants. Gr\u00e2ce \u00e0 l&rsquo;utilisation de notre interface remarquablement conviviale, vous pouvez g\u00e9n\u00e9rer et diffuser sans effort les examens, suivre et suivre m\u00e9ticuleusement les progr\u00e8s des \u00e9l\u00e8ves et analyser m\u00e9ticuleusement les r\u00e9sultats avec la plus grande facilit\u00e9 et l&rsquo;efficacit\u00e9. De plus, nos outils d&rsquo;analyse remarquablement robustes et sophistiqu\u00e9s fournissent une vaste \u00e9ventail de informations d\u00e9taill\u00e9es sur les performances des \u00e9tudiants, vous permettant ainsi d&rsquo;identifier facilement les domaines d&rsquo;am\u00e9lioration importants et d&rsquo;optimiser par la suite votre strat\u00e9gie d&rsquo;enseignement globale pour assurer une efficacit\u00e9 maximale. En cons\u00e9quence, offrez des adieux \u00e0 la tradition laborieuse et chronophage des examens du stylo et du papier et adoptez de tout c\u0153ur la commodit\u00e9 in\u00e9gal\u00e9e et l&rsquo;efficacit\u00e9 remarquable que notre solution exceptionnelle de gestion des examens en ligne fait na\u00eetre.<\/p>\n","protected":false},"featured_media":144866,"comment_status":"open","ping_status":"open","template":"","meta":[],"product_brand":[2435],"product_cat":[1300,1181,1186],"product_tag":[1231],"class_list":{"0":"post-112881","1":"product","2":"type-product","3":"status-publish","4":"has-post-thumbnail","6":"product_brand-codecanyon","7":"product_cat-adhesion","8":"product_cat-plugins","9":"product_cat-wordpress-plugins","10":"product_tag-codecanyon","11":"member-discount","12":"discount-restricted","14":"first","15":"instock","16":"sale","17":"downloadable","18":"virtual","19":"sold-individually","20":"purchasable","21":"product-type-simple"},"_links":{"self":[{"href":"https:\/\/gpl-love.com\/fr\/wp-json\/wp\/v2\/product\/112881","targetHints":{"allow":["GET"]}}],"collection":[{"href":"https:\/\/gpl-love.com\/fr\/wp-json\/wp\/v2\/product"}],"about":[{"href":"https:\/\/gpl-love.com\/fr\/wp-json\/wp\/v2\/types\/product"}],"replies":[{"embeddable":true,"href":"https:\/\/gpl-love.com\/fr\/wp-json\/wp\/v2\/comments?post=112881"}],"wp:featuredmedia":[{"embeddable":true,"href":"https:\/\/gpl-love.com\/fr\/wp-json\/wp\/v2\/media\/144866"}],"wp:attachment":[{"href":"https:\/\/gpl-love.com\/fr\/wp-json\/wp\/v2\/media?parent=112881"}],"wp:term":[{"taxonomy":"product_brand","embeddable":true,"href":"https:\/\/gpl-love.com\/fr\/wp-json\/wp\/v2\/product_brand?post=112881"},{"taxonomy":"product_cat","embeddable":true,"href":"https:\/\/gpl-love.com\/fr\/wp-json\/wp\/v2\/product_cat?post=112881"},{"taxonomy":"product_tag","embeddable":true,"href":"https:\/\/gpl-love.com\/fr\/wp-json\/wp\/v2\/product_tag?post=112881"}],"curies":[{"name":"wp","href":"https:\/\/api.w.org\/{rel}","templated":true}]}}