{"id":112879,"date":"2022-04-11T00:00:00","date_gmt":"2022-04-10T22:00:00","guid":{"rendered":"http:\/\/gpl-love.com\/fr\/produit\/striking-multiflex-and-ecommerce-responsive-wp-theme\/"},"modified":"2026-04-10T18:40:42","modified_gmt":"2026-04-10T16:40:42","slug":"striking-multiflex-and-ecommerce-responsive-wp-theme","status":"publish","type":"product","link":"https:\/\/gpl-love.com\/fr\/produit\/striking-multiflex-and-ecommerce-responsive-wp-theme\/","title":{"rendered":"Striking MultiFlex et Ecommerce Responsive WP Theme 2.1.9"},"content":{"rendered":"<h3>Striking MultiFlex et Ecommerce Responsive WP Theme Traits<\/h3>\n<p>Le th\u00e8me WP multitiflex et adapt\u00e9 au commerce \u00e9lectronique est un outil exceptionnellement robuste et multiforme, adepte pour fabriquer sans effort des sites Web visuellement \u00e9tonnants. Avec sa flexibilit\u00e9 inn\u00e9e, ce th\u00e8me donne aux utilisateurs la possibilit\u00e9 de personnaliser leur site jusqu&rsquo;aux moindres d\u00e9tails, l&rsquo;adaptant pr\u00e9cis\u00e9ment \u00e0 leurs sp\u00e9cifications uniques. Le th\u00e8me WP multitiflex et adapt\u00e9 au commerce \u00e9lectronique en frappant fournit une vaste s\u00e9lection de dispositions, de widgets et de plugins pr\u00e9configur\u00e9s, facilitant la cr\u00e9ation d&rsquo;une boutique en ligne, d&rsquo;un blog ou d&rsquo;un site de portefeuille qui se distingue sans effort de ses concurrents. Quel que soit votre niveau d&rsquo;expertise, que vous soyez un concepteur de sites Web ou un d\u00e9veloppeur chevronn\u00e9, ce th\u00e8me poss\u00e8de un ensemble complet de fonctionnalit\u00e9s qui vous permettront de fabriquer un site Web de qualit\u00e9 professionnelle, enti\u00e8rement r\u00e9actif et optimis\u00e9e pour tous les appareils. Ainsi, si vous vous trouvez \u00e0 la recherche d&rsquo;un th\u00e8me puissant et convivial qui peut vous aider \u00e0 construire le site Web que vous avez toujours envisag\u00e9, le th\u00e8me WP r\u00e9actif multitiflex et e-armcomence est ind\u00e9niablement le choix optimal.<\/p>\n<ul>\n<li>Design hautement personnalisable et flexible<\/li>\n<li>Con\u00e7u en raison pour une visualisation optimis\u00e9e sur n&rsquo;importe quel appareil<\/li>\n<li>Int\u00e9gration avec des plateformes de commerce \u00e9lectronique populaires telles que WooCommerce<\/li>\n<li>Options de disposition de page d&rsquo;accueil et de portefeuille multiples<\/li>\n<li>Panneau d&rsquo;options de th\u00e8me puissant et facile \u00e0 utiliser<\/li>\n<li>Options de typographie avanc\u00e9e pour un attrait visuel am\u00e9lior\u00e9<\/li>\n<li>Importation de d\u00e9monstration en un clic pour une configuration rapide et facile<\/li>\n<li>Documentation compl\u00e8te et support client<\/li>\n<li>Mises \u00e0 jour r\u00e9guli\u00e8res et nouvelles fonctionnalit\u00e9s ajout\u00e9es pour une am\u00e9lioration continue<\/li>\n<li>Compatible avec des plugins populaires tels que le formulaire de contact 7 et la r\u00e9volution du slider.<\/li>\n<\/ul>\n","protected":false},"excerpt":{"rendered":"<p>Le th\u00e8me WP multitiflex et adapt\u00e9 au commerce \u00e9lectronique est offert un design visuellement attrayant et contemporain qui s&rsquo;adapte sans effort \u00e0 divers appareils et dimensions d&rsquo;\u00e9cran. Ce th\u00e8me s&rsquo;av\u00e8re \u00eatre un choix id\u00e9al pour les entreprises en ligne qui cherchent \u00e0 exposer leurs marchandises et leurs services d&rsquo;une mani\u00e8re sophistiqu\u00e9e et captivante. Avec ses formidables fonctionnalit\u00e9s de commerce \u00e9lectronique et sa incorporation transparente de plugins renomm\u00e9s, vous poss\u00e9dez la capacit\u00e9 d&rsquo;\u00e9tablir et de superviser sans effort votre emporium virtuel, approuvant simultan\u00e9ment votre marque et \u00e9tablissant des connexions avec la d\u00e9mographie souhait\u00e9e. Prenez la qualit\u00e9 de votre site Web vers de nouveaux sommets en embrassant aujourd&rsquo;hui le th\u00e8me WP r\u00e9actif multiflex et e-commerce.<\/p>\n","protected":false},"featured_media":145343,"comment_status":"open","ping_status":"open","template":"","meta":[],"product_brand":[2433],"product_cat":[1238,1851,1212],"product_tag":[1366],"class_list":{"0":"post-112879","1":"product","2":"type-product","3":"status-publish","4":"has-post-thumbnail","6":"product_brand-themeforest","7":"product_cat-commerce-electronique-themes","8":"product_cat-entreprise-commerce-electronique-themes","9":"product_cat-themes","10":"product_tag-themeforest","11":"member-discount","12":"discount-restricted","14":"first","15":"instock","16":"sale","17":"downloadable","18":"virtual","19":"sold-individually","20":"purchasable","21":"product-type-simple"},"_links":{"self":[{"href":"https:\/\/gpl-love.com\/fr\/wp-json\/wp\/v2\/product\/112879","targetHints":{"allow":["GET"]}}],"collection":[{"href":"https:\/\/gpl-love.com\/fr\/wp-json\/wp\/v2\/product"}],"about":[{"href":"https:\/\/gpl-love.com\/fr\/wp-json\/wp\/v2\/types\/product"}],"replies":[{"embeddable":true,"href":"https:\/\/gpl-love.com\/fr\/wp-json\/wp\/v2\/comments?post=112879"}],"wp:featuredmedia":[{"embeddable":true,"href":"https:\/\/gpl-love.com\/fr\/wp-json\/wp\/v2\/media\/145343"}],"wp:attachment":[{"href":"https:\/\/gpl-love.com\/fr\/wp-json\/wp\/v2\/media?parent=112879"}],"wp:term":[{"taxonomy":"product_brand","embeddable":true,"href":"https:\/\/gpl-love.com\/fr\/wp-json\/wp\/v2\/product_brand?post=112879"},{"taxonomy":"product_cat","embeddable":true,"href":"https:\/\/gpl-love.com\/fr\/wp-json\/wp\/v2\/product_cat?post=112879"},{"taxonomy":"product_tag","embeddable":true,"href":"https:\/\/gpl-love.com\/fr\/wp-json\/wp\/v2\/product_tag?post=112879"}],"curies":[{"name":"wp","href":"https:\/\/api.w.org\/{rel}","templated":true}]}}