{"id":112877,"date":"2026-01-04T00:00:00","date_gmt":"2026-01-03T23:00:00","guid":{"rendered":"http:\/\/gpl-love.com\/fr\/produit\/grand-restaurant-wordpress-theme\/"},"modified":"2026-03-20T23:17:25","modified_gmt":"2026-03-20T22:17:25","slug":"grand-restaurant-wordpress-theme","status":"publish","type":"product","link":"https:\/\/gpl-love.com\/fr\/produit\/grand-restaurant-wordpress-theme\/","title":{"rendered":"Grand Restaurant WordPress Theme 7.0.9"},"content":{"rendered":"<h3>Grand Restaurant WordPress Theme Traits<\/h3>\n<p>Le th\u00e8me WordPress du Grand Restaurant est un th\u00e8me tr\u00e8s robuste et largement pr\u00e9sent\u00e9 qui a \u00e9t\u00e9 sp\u00e9cifiquement adapt\u00e9 pour r\u00e9pondre aux besoins des restaurants, des caf\u00e9s, des bistros et d&rsquo;autres \u00e9tablissements alimentaires similaires. Son design \u00e9l\u00e9gant et contemporain permet aux utilisateurs de pr\u00e9senter efficacement leurs menus, services et sp\u00e9ciaux, attirant ainsi une client\u00e8le plus grande.<\/p>\n<p>De plus, ce th\u00e8me propose un large \u00e9ventail d&rsquo;options de personnalisation et de mod\u00e8les pr\u00e9d\u00e9finis, ce qui rend le processus de fabrication d&rsquo;un site Web distinctif et professionnel une entreprise transparente, d\u00e9pourvue de toute exigence de codage d&rsquo;expertise. De plus, le th\u00e8me du Grand Restaurant se vante d&rsquo;attributs remarquables tels que les capacit\u00e9s de commande en ligne, les fonctionnalit\u00e9s de r\u00e9servation de table et les fonctionnalit\u00e9s de gestion d&rsquo;\u00e9v\u00e9nements, fournissant efficacement une solution compl\u00e8te pour les restaurants et les entreprises op\u00e9rant dans l&rsquo;industrie alimentaire.<\/p>\n<p>Par cons\u00e9quent, lorsque vous envisagez la cr\u00e9ation d&rsquo;un site Web frappant et pleinement op\u00e9rationnel pour son entreprise ax\u00e9e sur la nourriture, le th\u00e8me du Grand Restaurant appara\u00eet sans aucun doute comme le choix optimal.<\/p>\n<ul>\n<li>Conception r\u00e9active qui a fi\u00e8re allure sur n&rsquo;importe quel appareil<\/li>\n<li>Plusieurs mod\u00e8les pr\u00e9-con\u00e7us pour diff\u00e9rents types de restaurants (gastronomie, caf\u00e9, etc.)<\/li>\n<li>Builder de menu facile \u00e0 utiliser avec prise en charge des images et des prix<\/li>\n<li>Int\u00e9gration du syst\u00e8me de r\u00e9servation en ligne<\/li>\n<li>Widgets personnalisables pour les r\u00e9seaux sociaux et les promotions<\/li>\n<li>Compatible avec des plugins populaires comme WooCommerce et WPML pour le commerce \u00e9lectronique et le support multilingue<\/li>\n<li>Optimis\u00e9 pour le r\u00e9f\u00e9rencement avec un balisage de sch\u00e9ma int\u00e9gr\u00e9<\/li>\n<li>Importation de d\u00e9monstration en un clic pour commencer rapidement avec votre site Web<\/li>\n<li>Mises \u00e0 jour r\u00e9guli\u00e8res et support client des d\u00e9veloppeurs de th\u00e8mes<\/li>\n<\/ul>\n","protected":false},"excerpt":{"rendered":"<p>Le th\u00e8me WordPress du Grand Restaurant est un th\u00e8me exquis et de haute qualit\u00e9 qui a \u00e9t\u00e9 sp\u00e9cifiquement con\u00e7u pour les restaurants, les caf\u00e9s et d&rsquo;autres entreprises de l&rsquo;industrie alimentaire. Il poss\u00e8de un design \u00e9l\u00e9gant et contemporain qui captiver certainement votre public. De plus, ce th\u00e8me propose une gamme diversifi\u00e9e de fonctionnalit\u00e9s qui visent \u00e0 pr\u00e9senter efficacement votre menu, vos services et vos offres sp\u00e9ciales s\u00e9duisantes. De plus, le th\u00e8me WordPress du Grand Restaurant est enti\u00e8rement r\u00e9actif, garantissant que votre site Web sera impeccable et fonctionne parfaitement sur tous les appareils, que ce soit des ordinateurs de bureau, des tablettes ou des smartphones. Ce th\u00e8me vous accorde \u00e9galement le luxe de s\u00e9lectionner dans plusieurs dispositions de page d&rsquo;accueil, des en-t\u00eates personnalis\u00e9s et des mod\u00e8les de menu, vous permettant de cr\u00e9er une pr\u00e9sence en ligne distincte et personnalis\u00e9e. De plus, ce th\u00e8me est \u00e9quip\u00e9 d&rsquo;options de personnalisation conviviales, vous permettant de personnaliser sans effort votre site en fonction de vos pr\u00e9f\u00e9rences et exigences pr\u00e9cises. En exploitant les capacit\u00e9s puissantes du th\u00e8me WordPress du Grand Restaurant, vous pouvez \u00e9tablir sans effort une plate-forme en ligne impressionnante et visuellement frappante pour votre entreprise alimentaire estim\u00e9e.<\/p>\n","protected":false},"featured_media":144043,"comment_status":"open","ping_status":"open","template":"","meta":[],"product_brand":[2433],"product_cat":[1606,1212,1213],"product_tag":[1366],"class_list":{"0":"post-112877","1":"product","2":"type-product","3":"status-publish","4":"has-post-thumbnail","6":"product_brand-themeforest","7":"product_cat-restauration-et-restaurant","8":"product_cat-themes","9":"product_cat-wordpress-themes","10":"product_tag-themeforest","11":"member-discount","12":"discount-restricted","14":"first","15":"instock","16":"sale","17":"downloadable","18":"virtual","19":"sold-individually","20":"purchasable","21":"product-type-simple"},"_links":{"self":[{"href":"https:\/\/gpl-love.com\/fr\/wp-json\/wp\/v2\/product\/112877","targetHints":{"allow":["GET"]}}],"collection":[{"href":"https:\/\/gpl-love.com\/fr\/wp-json\/wp\/v2\/product"}],"about":[{"href":"https:\/\/gpl-love.com\/fr\/wp-json\/wp\/v2\/types\/product"}],"replies":[{"embeddable":true,"href":"https:\/\/gpl-love.com\/fr\/wp-json\/wp\/v2\/comments?post=112877"}],"wp:featuredmedia":[{"embeddable":true,"href":"https:\/\/gpl-love.com\/fr\/wp-json\/wp\/v2\/media\/144043"}],"wp:attachment":[{"href":"https:\/\/gpl-love.com\/fr\/wp-json\/wp\/v2\/media?parent=112877"}],"wp:term":[{"taxonomy":"product_brand","embeddable":true,"href":"https:\/\/gpl-love.com\/fr\/wp-json\/wp\/v2\/product_brand?post=112877"},{"taxonomy":"product_cat","embeddable":true,"href":"https:\/\/gpl-love.com\/fr\/wp-json\/wp\/v2\/product_cat?post=112877"},{"taxonomy":"product_tag","embeddable":true,"href":"https:\/\/gpl-love.com\/fr\/wp-json\/wp\/v2\/product_tag?post=112877"}],"curies":[{"name":"wp","href":"https:\/\/api.w.org\/{rel}","templated":true}]}}