{"id":112875,"date":"2021-09-10T00:00:00","date_gmt":"2021-09-09T22:00:00","guid":{"rendered":"http:\/\/gpl-love.com\/fr\/produit\/voice-news-magazine-wordpress-theme\/"},"modified":"2026-04-10T18:45:12","modified_gmt":"2026-04-10T16:45:12","slug":"voice-news-magazine-wordpress-theme","status":"publish","type":"product","link":"https:\/\/gpl-love.com\/fr\/produit\/voice-news-magazine-wordpress-theme\/","title":{"rendered":"Voice News Magazine WordPress Theme 2.9.9"},"content":{"rendered":"<h3>Voice News Magazine WordPress Theme Traits<\/h3>\n<p>Le th\u00e8me WordPress du magazine vocale appara\u00eet comme une solution impeccable et optimale pour les personnes qui cherchent \u00e0 \u00e9tablir un site Web de nouvelles captivant et sophistiqu\u00e9. Avec son design vierge et contemporain, ce th\u00e8me pr\u00e9sente une rencontre conviviale pour les lecteurs et les administrateurs, garantissant ainsi la plus grande satisfaction. En outre, les fonctionnalit\u00e9s exceptionnelles et commandantes du th\u00e8me facilitent la personnalisation et la gestion sans effort de contenu divers, englobant des fichiers audio et vid\u00e9o, ce qui en fait une s\u00e9lection exemplaire pour les sites d&rsquo;actualit\u00e9s enrichi de composants multim\u00e9dias. De plus, le th\u00e8me du magazine vocale WordPress est fier de poss\u00e9der une conception tr\u00e8s adaptable et r\u00e9active, garantissant ainsi une apparence impeccable sur tous les appareils. En conclusion, il est irr\u00e9futable que ce th\u00e8me soit un atout indispensable pour quiconque s&rsquo;efforce de cr\u00e9er sans effort un site Web de nouvelles triomphant.<\/p>\n<ul>\n<li>Design professionnel et moderne adapt\u00e9 aux magazines d&rsquo;information en ligne<\/li>\n<li>Page d&rsquo;accueil personnalisable avec widgets glisser-d\u00e9poser<\/li>\n<li>Player audio int\u00e9gr\u00e9 pour livrer des nouvelles via la voix<\/li>\n<li>Conception conviviale pour une navigation et une accessibilit\u00e9 faciles<\/li>\n<li>SEO-optimis\u00e9 pour am\u00e9liorer le classement des moteurs de recherche<\/li>\n<li>Conception r\u00e9active pour un affichage optimal sur tous les appareils<\/li>\n<li>Traduction pr\u00eate avec la prise en charge de plusieurs langues<\/li>\n<li>Syst\u00e8me de gestion de publicit\u00e9 int\u00e9gr\u00e9 pour mon\u00e9tiser votre site Web<\/li>\n<li>Compatible avec des plugins populaires comme WooCommerce et Jetpack<\/li>\n<li>Mises \u00e0 jour r\u00e9guli\u00e8res et soutien continu des d\u00e9veloppeurs<\/li>\n<\/ul>\n","protected":false},"excerpt":{"rendered":"<p>Le th\u00e8me WordPress du magazine vocale se r\u00e9v\u00e8le \u00eatre une solution optimale pour les blogueurs, les journalistes et les organisations de presse qui aspirent \u00e0 \u00e9tablir une pr\u00e9sence en ligne poli et captivante. Ce th\u00e8me poss\u00e8de un design \u00e9l\u00e9gant et simpliste qui attire efficacement l&rsquo;attention sur votre contenu, tout en vous accordant la libert\u00e9 de personnaliser et d&rsquo;adapter votre site Web pour se d\u00e9marquer de la foule. Incorpor\u00e9 avec un support audio et vid\u00e9o transparent, aux c\u00f4t\u00e9s d&rsquo;une pl\u00e9thore de fonctionnalit\u00e9s et de fonctionnalit\u00e9s robustes, le th\u00e8me WordPress du magazine vocale \u00e9merge sans \u00e9quivoque comme la s\u00e9lection par excellence pour les individus d\u00e9sireux de diffuser des nouvelles de haut niveau et du contenu m\u00e9diatique \u00e0 leur public excitant.<\/p>\n","protected":false},"featured_media":145731,"comment_status":"open","ping_status":"open","template":"","meta":[],"product_brand":[2433],"product_cat":[1220,1212,1213],"product_tag":[1366],"class_list":{"0":"post-112875","1":"product","2":"type-product","3":"status-publish","4":"has-post-thumbnail","6":"product_brand-themeforest","7":"product_cat-blog-magazine","8":"product_cat-themes","9":"product_cat-wordpress-themes","10":"product_tag-themeforest","11":"member-discount","12":"discount-restricted","14":"first","15":"instock","16":"sale","17":"downloadable","18":"virtual","19":"sold-individually","20":"purchasable","21":"product-type-simple"},"_links":{"self":[{"href":"https:\/\/gpl-love.com\/fr\/wp-json\/wp\/v2\/product\/112875","targetHints":{"allow":["GET"]}}],"collection":[{"href":"https:\/\/gpl-love.com\/fr\/wp-json\/wp\/v2\/product"}],"about":[{"href":"https:\/\/gpl-love.com\/fr\/wp-json\/wp\/v2\/types\/product"}],"replies":[{"embeddable":true,"href":"https:\/\/gpl-love.com\/fr\/wp-json\/wp\/v2\/comments?post=112875"}],"wp:featuredmedia":[{"embeddable":true,"href":"https:\/\/gpl-love.com\/fr\/wp-json\/wp\/v2\/media\/145731"}],"wp:attachment":[{"href":"https:\/\/gpl-love.com\/fr\/wp-json\/wp\/v2\/media?parent=112875"}],"wp:term":[{"taxonomy":"product_brand","embeddable":true,"href":"https:\/\/gpl-love.com\/fr\/wp-json\/wp\/v2\/product_brand?post=112875"},{"taxonomy":"product_cat","embeddable":true,"href":"https:\/\/gpl-love.com\/fr\/wp-json\/wp\/v2\/product_cat?post=112875"},{"taxonomy":"product_tag","embeddable":true,"href":"https:\/\/gpl-love.com\/fr\/wp-json\/wp\/v2\/product_tag?post=112875"}],"curies":[{"name":"wp","href":"https:\/\/api.w.org\/{rel}","templated":true}]}}