{"id":112871,"date":"2022-01-27T00:00:00","date_gmt":"2022-01-26T23:00:00","guid":{"rendered":"http:\/\/gpl-love.com\/fr\/produit\/dw-question-and-answer-pro-wordpress-plugin\/"},"modified":"2026-03-20T23:01:38","modified_gmt":"2026-03-20T22:01:38","slug":"dw-question-and-answer-pro-wordpress-plugin","status":"publish","type":"product","link":"https:\/\/gpl-love.com\/fr\/produit\/dw-question-and-answer-pro-wordpress-plugin\/","title":{"rendered":"DW Question et Answer Pro WordPress Plugin 1.3.4"},"content":{"rendered":"<h3>DW Question et Answer Pro WordPress Plugin Traits<\/h3>\n<p>Le plugin DW Question and Answer Pro WordPress est un outil incroyablement robuste et efficace qui a \u00e9t\u00e9 m\u00e9ticuleusement con\u00e7u pour fournir aux administrateurs de sites Web un moyen sans effort de g\u00e9rer efficacement les questions et r\u00e9ponses g\u00e9n\u00e9r\u00e9es par les utilisateurs. Son interface est non seulement simple, mais aussi remarquablement intuitive, permettant ainsi aux visiteurs du site de poser rapidement leurs demandes et de recevoir par la suite des r\u00e9ponses compl\u00e8tes des autres utilisateurs et des administrateurs du site. L&rsquo;utilisation de ce plugin cultive par la suite une atmosph\u00e8re palpable et gratifiante d&rsquo;implication et d&rsquo;interaction communes. En outre, le plugin poss\u00e8de un \u00e9ventail impressionnant de fonctionnalit\u00e9s qui peuvent \u00eatre adapt\u00e9es et personnalis\u00e9es pour r\u00e9pondre aux besoins et aux exigences sp\u00e9cifiques des sites Web individuels. Ceux-ci incluent, mais sans s&rsquo;y limiter, les champs de questions personnalisables, la fourniture de notifications par e-mail et un arsenal d&rsquo;outils de mod\u00e9ration qui contribuent \u00e0 pr\u00e9server l&rsquo;int\u00e9grit\u00e9 et la s\u00e9curit\u00e9 globales du site, en garantissant par cons\u00e9quent qu&rsquo;il sert de s\u00e9curisation et d&rsquo;\u00e9claircissement Plateforme pour les utilisateurs pour \u00e9changer ouvertement des informations et des id\u00e9es pertinentes. La polyvalence profonde et l&rsquo;adaptabilit\u00e9 du plugin DW Question and Answer Pro WordPress en font un atout indispensable pour les entreprises op\u00e9rationnelles, les \u00e9tablissements d&rsquo;enseignement ou les sites qui se concentrent principalement sur la diffusion de contenu informatif. Il est impossible de surestimer l&rsquo;\u00e9norme valeur que ce plugin poss\u00e8de en termes d&rsquo;encouragement de l&rsquo;engagement des utilisateurs et de cultiver le d\u00e9veloppement d&rsquo;une communaut\u00e9 en ligne extr\u00eamement robuste et coh\u00e9rente.<\/p>\n<ul>\n<li>Permet les fonctionnalit\u00e9s de questions et r\u00e9ponses g\u00e9n\u00e9r\u00e9es par l&rsquo;utilisateur pour les sites Web WordPress.<\/li>\n<li>Fournit des param\u00e8tres et mod\u00e8les personnalisables pour les pages de questions et r\u00e9ponses.<\/li>\n<li>Permet la mod\u00e9ration du contenu et de l&rsquo;activit\u00e9 des utilisateurs pour assurer un environnement de discussion productif et s\u00fbr.<\/li>\n<li>Permet aux utilisateurs de voter et de voter les questions et les r\u00e9ponses pour indiquer l&rsquo;utilit\u00e9 et la pertinence.<\/li>\n<li>Permet d&rsquo;afficher une liste de questions et r\u00e9ponses connexes pour am\u00e9liorer l&rsquo;exp\u00e9rience utilisateur.<\/li>\n<li>S&rsquo;int\u00e8gre \u00e0 divers th\u00e8mes et plugins WordPress pour les fonctionnalit\u00e9s transparentes.<\/li>\n<li>Permet les notifications par e-mail aux utilisateurs de rester \u00e0 jour sur leurs questions et r\u00e9ponses.<\/li>\n<li>Fournit des statistiques et des analyses sur l&rsquo;activit\u00e9 des utilisateurs et l&rsquo;engagement du site.<\/li>\n<\/ul>\n","protected":false},"excerpt":{"rendered":"<p>Am\u00e9liorez les capacit\u00e9s interactives de votre site Web avec DW Question and Answer Pro WordPress Plugin. Cet outil dynamique transforme votre site WordPress en une plate-forme de questions et r\u00e9ponses enti\u00e8rement fonctionnelle, en favorisant une atmosph\u00e8re communautaire engageante. Avec son interface conviviale, vos visiteurs peuvent facilement publier des questions, fournir des r\u00e9ponses et commenter les deux. Le plugin dispose d&rsquo;un syst\u00e8me Upvote \/ Downvote, faisant la promotion du contenu le plus pr\u00e9cieux. Il prend \u00e9galement en charge plusieurs langues, ce qui en fait un choix parfait pour les sites Web internationaux. Le plugin DW Question and Answer Pro comprend m\u00eame une protection du spam pour prot\u00e9ger votre site \u00e0 partir de contenu non pertinent. En prime, il propose des notifications par e-mail pour tenir les utilisateurs \u00e0 jour sur leurs questions ou leurs sujets pr\u00e9f\u00e9r\u00e9s. Ce plugin WordPress est votre r\u00e9ponse \u00e0 une communaut\u00e9 en ligne plus interactive et plus inform\u00e9e.<\/p>\n","protected":false},"featured_media":143592,"comment_status":"open","ping_status":"open","template":"","meta":[],"product_brand":[2435],"product_cat":[1189,1181,1186],"product_tag":[1231],"class_list":{"0":"post-112871","1":"product","2":"type-product","3":"status-publish","4":"has-post-thumbnail","6":"product_brand-codecanyon","7":"product_cat-personnalisation","8":"product_cat-plugins","9":"product_cat-wordpress-plugins","10":"product_tag-codecanyon","11":"member-discount","12":"discount-restricted","14":"first","15":"instock","16":"sale","17":"downloadable","18":"virtual","19":"sold-individually","20":"purchasable","21":"product-type-simple"},"_links":{"self":[{"href":"https:\/\/gpl-love.com\/fr\/wp-json\/wp\/v2\/product\/112871","targetHints":{"allow":["GET"]}}],"collection":[{"href":"https:\/\/gpl-love.com\/fr\/wp-json\/wp\/v2\/product"}],"about":[{"href":"https:\/\/gpl-love.com\/fr\/wp-json\/wp\/v2\/types\/product"}],"replies":[{"embeddable":true,"href":"https:\/\/gpl-love.com\/fr\/wp-json\/wp\/v2\/comments?post=112871"}],"wp:featuredmedia":[{"embeddable":true,"href":"https:\/\/gpl-love.com\/fr\/wp-json\/wp\/v2\/media\/143592"}],"wp:attachment":[{"href":"https:\/\/gpl-love.com\/fr\/wp-json\/wp\/v2\/media?parent=112871"}],"wp:term":[{"taxonomy":"product_brand","embeddable":true,"href":"https:\/\/gpl-love.com\/fr\/wp-json\/wp\/v2\/product_brand?post=112871"},{"taxonomy":"product_cat","embeddable":true,"href":"https:\/\/gpl-love.com\/fr\/wp-json\/wp\/v2\/product_cat?post=112871"},{"taxonomy":"product_tag","embeddable":true,"href":"https:\/\/gpl-love.com\/fr\/wp-json\/wp\/v2\/product_tag?post=112871"}],"curies":[{"name":"wp","href":"https:\/\/api.w.org\/{rel}","templated":true}]}}