{"id":112867,"date":"2024-02-10T00:00:00","date_gmt":"2024-02-09T23:00:00","guid":{"rendered":"http:\/\/gpl-love.com\/fr\/produit\/braga-fashion-theme-for-woocommerce-wordpress\/"},"modified":"2026-03-20T22:57:21","modified_gmt":"2026-03-20T21:57:21","slug":"braga-fashion-theme-for-woocommerce-wordpress","status":"publish","type":"product","link":"https:\/\/gpl-love.com\/fr\/produit\/braga-fashion-theme-for-woocommerce-wordpress\/","title":{"rendered":"Braga Fashion Th\u00e8me pour WooCommerce WordPress 1.0.7"},"content":{"rendered":"<h3>Braga Fashion Th\u00e8me pour WooCommerce WordPress Traits<\/h3>\n<p>Le th\u00e8me de la mode Braga pour WooCommerce WordPress poss\u00e8de un th\u00e8me absolument \u00e0 couper le souffle qui est sur mesure pour les magasins de mode et de v\u00eatements, garantissant qu&rsquo;il r\u00e9pond \u00e0 tous leurs besoins uniques. Ce th\u00e8me d\u00e9gage un sentiment d&rsquo;\u00e9l\u00e9gance et de sophistication, gr\u00e2ce \u00e0 son design propre, moderne et \u00e9l\u00e9gant, qui sert de toile de fond parfaite pour pr\u00e9senter votre vaste gamme de produits \u00e0 la mode. De plus, le th\u00e8me de la mode Braga propose une vaste gamme de fonctionnalit\u00e9s con\u00e7ues pour am\u00e9liorer l&rsquo;exp\u00e9rience utilisateur globale, comme un design tr\u00e8s r\u00e9actif, une disposition personnalisable qui vous permet d&rsquo;adapter le th\u00e8me \u00e0 vos sp\u00e9cifications exactes et de mod\u00e8les sp\u00e9cifiques qui sont sp\u00e9cifiquement con\u00e7us pour les pages de produits, les pages de paniers et les pages de paiement.<\/p>\n<p>L&rsquo;un des principaux moments forts du th\u00e8me de la mode Braga est sa capacit\u00e9 \u00e0 cr\u00e9er une exp\u00e9rience d&rsquo;achat en ligne immersive pour vos clients estim\u00e9s. Avec ses filtres de produit avanc\u00e9s, ses fonctionnalit\u00e9s de recherche robustes et une fonctionnalit\u00e9 de liste de souhaits incroyablement pratique, vous pouvez vous assurer que vos clients ont un parcours de magasinage transparent et agr\u00e9able. De plus, ce th\u00e8me est un jeu d&rsquo;enfant \u00e0 utiliser et \u00e0 personnaliser, ce qui en fait un r\u00eave absolu pour les entreprises de toutes tailles, que vous soyez une petite boutique ou un empire de mode \u00e0 grande \u00e9chelle.<\/p>\n<p>En conclusion, il est clairement clair que le th\u00e8me de la mode Braga pour WooCommerce WordPress est un incontournable absolu pour tout magasin de mode qui cherche \u00e0 \u00e9lever sa pr\u00e9sence en ligne et \u00e0 stimuler les ventes. Avec son design visuellement \u00e9poustouflant, sa pl\u00e9thore de fonctionnalit\u00e9s conviviales et sa flexibilit\u00e9 in\u00e9gal\u00e9e, ce th\u00e8me vous aidera sans aucun doute \u00e0 cr\u00e9er une plate-forme en ligne qui laissera une impression durable sur vos clients et les fera revenir pour plus.<\/p>\n<ul>\n<li>Un th\u00e8me WooCommerce premium con\u00e7u pour les sites Web li\u00e9s \u00e0 la mode<\/li>\n<li>Conception enti\u00e8rement r\u00e9active pour une visualisation optimale sur tous les appareils<\/li>\n<li>Plusieurs options de page d&rsquo;accueil et de disposition de blog \u00e0 choisir<\/li>\n<li>Sections de t\u00eate et de pied de page personnalisables pour l&rsquo;image de marque et la personnalisation<\/li>\n<li>Customatiseur intuitif et convivial pour des modifications de th\u00e8me faciles<\/li>\n<li>Compatibilit\u00e9 avec les plugins WordPress populaires, y compris le WPML et le formulaire de contact 7<\/li>\n<li>Construit avec un code propre et bien colleg\u00e9 pour des performances fiables et une personnalisation facile<\/li>\n<li>Mises \u00e0 jour r\u00e9guli\u00e8res et soutien expert fourni par le d\u00e9veloppeur de th\u00e8me<\/li>\n<li>Tr\u00e8s bien \u00e9valu\u00e9 par les utilisateurs pour sa conception \u00e9l\u00e9gante et ses fonctionnalit\u00e9s robustes.<\/li>\n<\/ul>\n","protected":false},"excerpt":{"rendered":"<p>Am\u00e9liorez votre boutique de mode en ligne avec le th\u00e8me de la mode Braga pour WooCommerce WordPress. Ce th\u00e8me \u00e9l\u00e9gant et \u00e9l\u00e9gant est con\u00e7u pour captiver vos clients avec son interface sophistiqu\u00e9e et sa navigation transparente. Braga est enti\u00e8rement compatible avec WooCommerce, la principale plate-forme de commerce \u00e9lectronique au monde, vous permettant de tirer parti de ses fonctionnalit\u00e9s puissantes pour augmenter vos ventes. Le th\u00e8me est \u00e9galement pr\u00eat pour WordPress, ce qui vous permet de g\u00e9rer et de mettre \u00e0 jour votre site. Avec Braga, vous pouvez pr\u00e9senter vos produits de mode de la mani\u00e8re la plus attrayante, cr\u00e9ant une exp\u00e9rience de magasinage que vos clients adoreront. Le th\u00e8me est \u00e9galement enti\u00e8rement r\u00e9actif, garantissant que votre site est parfait sur tous les appareils. Avec son design propre et ses fonctionnalit\u00e9s avanc\u00e9es, le th\u00e8me de la mode Braga pour WooCommerce WordPress est le choix id\u00e9al pour votre boutique de mode en ligne.<\/p>\n","protected":false},"featured_media":143312,"comment_status":"open","ping_status":"open","template":"","meta":[],"product_brand":[2433],"product_cat":[1238,1444,1212],"product_tag":[1366],"class_list":{"0":"post-112867","1":"product","2":"type-product","3":"status-publish","4":"has-post-thumbnail","6":"product_brand-themeforest","7":"product_cat-commerce-electronique-themes","8":"product_cat-creatif-commerce-electronique-themes","9":"product_cat-themes","10":"product_tag-themeforest","11":"member-discount","12":"discount-restricted","14":"first","15":"instock","16":"sale","17":"downloadable","18":"virtual","19":"sold-individually","20":"purchasable","21":"product-type-simple"},"_links":{"self":[{"href":"https:\/\/gpl-love.com\/fr\/wp-json\/wp\/v2\/product\/112867","targetHints":{"allow":["GET"]}}],"collection":[{"href":"https:\/\/gpl-love.com\/fr\/wp-json\/wp\/v2\/product"}],"about":[{"href":"https:\/\/gpl-love.com\/fr\/wp-json\/wp\/v2\/types\/product"}],"replies":[{"embeddable":true,"href":"https:\/\/gpl-love.com\/fr\/wp-json\/wp\/v2\/comments?post=112867"}],"wp:featuredmedia":[{"embeddable":true,"href":"https:\/\/gpl-love.com\/fr\/wp-json\/wp\/v2\/media\/143312"}],"wp:attachment":[{"href":"https:\/\/gpl-love.com\/fr\/wp-json\/wp\/v2\/media?parent=112867"}],"wp:term":[{"taxonomy":"product_brand","embeddable":true,"href":"https:\/\/gpl-love.com\/fr\/wp-json\/wp\/v2\/product_brand?post=112867"},{"taxonomy":"product_cat","embeddable":true,"href":"https:\/\/gpl-love.com\/fr\/wp-json\/wp\/v2\/product_cat?post=112867"},{"taxonomy":"product_tag","embeddable":true,"href":"https:\/\/gpl-love.com\/fr\/wp-json\/wp\/v2\/product_tag?post=112867"}],"curies":[{"name":"wp","href":"https:\/\/api.w.org\/{rel}","templated":true}]}}