{"id":112865,"date":"2026-04-08T00:00:00","date_gmt":"2026-04-07T22:00:00","guid":{"rendered":"http:\/\/gpl-love.com\/fr\/produit\/autonami-marketing-automations-pro\/"},"modified":"2026-04-08T18:30:11","modified_gmt":"2026-04-08T16:30:11","slug":"autonami-marketing-automations-pro","status":"publish","type":"product","link":"https:\/\/gpl-love.com\/fr\/produit\/autonami-marketing-automations-pro\/","title":{"rendered":"Bellevue Hotel Bed et Breakfast Booking Calendar Theme 4.2.13"},"content":{"rendered":"<h3>Bellevue Hotel Bed et Breakfast Booking Calendar Theme Traits<\/h3>\n<p>Le th\u00e8me du calendrier de r\u00e9servation de bed and budget de l&rsquo;h\u00f4tel Bellevue est un produit exemplaire qui r\u00e9pond sp\u00e9cifiquement aux exigences des h\u00f4tels et des \u00e9tablissements de lit et petit-d\u00e9jeuner \u00e0 la recherche d&rsquo;un syst\u00e8me de r\u00e9servation en ligne pour accueillir leurs clients. Ce th\u00e8me a \u00e9t\u00e9 m\u00e9ticuleusement con\u00e7u pour garantir une exp\u00e9rience de r\u00e9servation sans couture et sans tracas pour les clients, ce qui en fait un choix exceptionnel pour les propri\u00e9taires de l&rsquo;h\u00f4tel, d\u00e9termin\u00e9 \u00e0 fournir \u00e0 leurs clients une avenue pratique pour r\u00e9server leurs logements. B\u00e9n\u00e9ficiant d&rsquo;un design \u00e9l\u00e9gant et contemporain, le th\u00e8me du calendrier de r\u00e9servation de chambres d&rsquo;h\u00f4tes de l&rsquo;h\u00f4tel Bellevue est assur\u00e9 de captiver et de laisser une impression durable sur chaque individu qui parcourt votre site Web. De plus, ce th\u00e8me est \u00e9quip\u00e9 d&rsquo;une multitude de fonctionnalit\u00e9s personnalisables qui vous permettent d&rsquo;adapter votre site Web pour s&rsquo;aligner sur l&rsquo;essence distinctive de votre marque. Pascez le temps et acqu\u00e9rir le th\u00e8me du calendrier de r\u00e9servation de bed and budget de l&rsquo;h\u00f4tel Bellevue pour embrasser personnellement la commodit\u00e9 et l&rsquo;efficacit\u00e9 de la facilitation des r\u00e9servations en ligne pour votre \u00e9tablissement.<\/p>\n<ul>\n<li>Design moderne et \u00e9l\u00e9gant avec une navigation facile<\/li>\n<li>Sch\u00e9mas de couleurs personnalisables pour correspondre \u00e0 la marque d&rsquo;h\u00f4tel<\/li>\n<li>Cat\u00e9gories de plusieurs pi\u00e8ces avec des options de tarification distinctes<\/li>\n<li>Calendrier de disponibilit\u00e9 pour montrer les dates ouvertes et r\u00e9serv\u00e9es<\/li>\n<li>Formulaire de r\u00e9servation en ligne pour les invit\u00e9s \u00e0 r\u00e9server des chambres<\/li>\n<li>Int\u00e9gration de paiement avec des plateformes populaires<\/li>\n<li>Option pour que les clients puissent faire des demandes et des notes sp\u00e9ciales<\/li>\n<li>Conception r\u00e9active pour les utilisateurs de mobiles et de tablettes<\/li>\n<li>Int\u00e9gration avec les r\u00e9seaux sociaux et les critiques de TripAdvisor<\/li>\n<li>Backend facile \u00e0 utiliser pour la gestion h\u00f4teli\u00e8re et la mise \u00e0 jour des informations<\/li>\n<\/ul>\n","protected":false},"excerpt":{"rendered":"<p>D\u00e9couvrez le confort ultime et la commodit\u00e9 avec le th\u00e8me du calendrier de r\u00e9servation de chambres d&rsquo;h\u00f4tes de l&rsquo;h\u00f4tel Bellevue. Fabriqu\u00e9 avec perfection, notre th\u00e8me est con\u00e7u pour rationaliser le processus de r\u00e9servation, permettant aux clients potentiels de v\u00e9rifier facilement la disponibilit\u00e9 des pi\u00e8ces et de faire des r\u00e9servations en temps r\u00e9el. Les caract\u00e9ristiques importantes du th\u00e8me de r\u00e9servation B&amp;B de Bellevue Hotel comprennent une interface conviviale, des mises \u00e0 jour du calendrier en temps r\u00e9el et un processus de r\u00e9servation en douceur. Non seulement ce th\u00e8me am\u00e9liorera l&rsquo;exp\u00e9rience client globale, mais elle augmentera \u00e9galement l&rsquo;efficacit\u00e9 et la productivit\u00e9 de votre entreprise. Avec Bellevue, la gestion des r\u00e9servations et des r\u00e9servations n&rsquo;a jamais \u00e9t\u00e9 aussi simple. \u00c9levez votre h\u00f4tel ou votre entreprise de B&amp;B \u00e0 de nouveaux sommets avec le th\u00e8me du calendrier de r\u00e9servation de Bed and Breakfast Hotel Bellevue.<\/p>\n","protected":false},"featured_media":143231,"comment_status":"open","ping_status":"open","template":"","meta":[],"product_brand":[2433],"product_cat":[1558,1212,1213],"product_tag":[1366],"class_list":{"0":"post-112865","1":"product","2":"type-product","3":"status-publish","4":"has-post-thumbnail","6":"product_brand-themeforest","7":"product_cat-hotel-resort","8":"product_cat-themes","9":"product_cat-wordpress-themes","10":"product_tag-themeforest","11":"member-discount","12":"discount-restricted","14":"first","15":"instock","16":"sale","17":"downloadable","18":"virtual","19":"sold-individually","20":"purchasable","21":"product-type-simple"},"_links":{"self":[{"href":"https:\/\/gpl-love.com\/fr\/wp-json\/wp\/v2\/product\/112865","targetHints":{"allow":["GET"]}}],"collection":[{"href":"https:\/\/gpl-love.com\/fr\/wp-json\/wp\/v2\/product"}],"about":[{"href":"https:\/\/gpl-love.com\/fr\/wp-json\/wp\/v2\/types\/product"}],"replies":[{"embeddable":true,"href":"https:\/\/gpl-love.com\/fr\/wp-json\/wp\/v2\/comments?post=112865"}],"wp:featuredmedia":[{"embeddable":true,"href":"https:\/\/gpl-love.com\/fr\/wp-json\/wp\/v2\/media\/143231"}],"wp:attachment":[{"href":"https:\/\/gpl-love.com\/fr\/wp-json\/wp\/v2\/media?parent=112865"}],"wp:term":[{"taxonomy":"product_brand","embeddable":true,"href":"https:\/\/gpl-love.com\/fr\/wp-json\/wp\/v2\/product_brand?post=112865"},{"taxonomy":"product_cat","embeddable":true,"href":"https:\/\/gpl-love.com\/fr\/wp-json\/wp\/v2\/product_cat?post=112865"},{"taxonomy":"product_tag","embeddable":true,"href":"https:\/\/gpl-love.com\/fr\/wp-json\/wp\/v2\/product_tag?post=112865"}],"curies":[{"name":"wp","href":"https:\/\/api.w.org\/{rel}","templated":true}]}}