{"id":112863,"date":"2025-09-22T00:00:00","date_gmt":"2025-09-21T22:00:00","guid":{"rendered":"http:\/\/gpl-love.com\/fr\/produit\/san-francisco-it-technology-and-creative-wordpress-theme\/"},"modified":"2026-04-10T18:38:36","modified_gmt":"2026-04-10T16:38:36","slug":"san-francisco-it-technology-and-creative-wordpress-theme","status":"publish","type":"product","link":"https:\/\/gpl-love.com\/fr\/produit\/san-francisco-it-technology-and-creative-wordpress-theme\/","title":{"rendered":"San Francisco IT Technology et Creative WordPress Theme 1.28"},"content":{"rendered":"<h3>San Francisco IT Technology et Creative WordPress Theme Traits<\/h3>\n<p>Le th\u00e8me de la technologie informatique de San Francisco et Creative WordPress, un th\u00e8me tr\u00e8s polyvalent et enti\u00e8rement personnalisable, a \u00e9t\u00e9 m\u00e9ticuleusement con\u00e7u pour r\u00e9pondre aux exigences distinctes des entreprises op\u00e9rant dans les secteurs de la technologie et de la cr\u00e9ation. Son design \u00e9l\u00e9gant et moderne offre une plate-forme id\u00e9ale pour pr\u00e9senter efficacement votre vaste gamme de services, de produits et de portefeuille. De plus, la mise en page r\u00e9active garantit que votre site Web maintient son apparence impeccable sur tous les appareils, tandis que les options de personnalisation conviviales vous accordent la libert\u00e9 d&rsquo;adapter tous les aspects du th\u00e8me pour r\u00e9pondre \u00e0 vos pr\u00e9f\u00e9rences et sp\u00e9cifications uniques. Que votre objectif soit d&rsquo;\u00e9tablir une pr\u00e9sence en ligne professionnelle pour votre conseil en informatique estim\u00e9, votre agence de cr\u00e9ation ou toute autre entreprise, assurez-vous que la technologie informatique de San Francisco et le th\u00e8me WordPress cr\u00e9atif vous offrent sans effort une vaste gamme d&rsquo;outils complets, permettant la cr\u00e9ation de la cr\u00e9ation d&rsquo;une empreinte num\u00e9rique vraiment \u00e0 couper le souffle.<\/p>\n<ul>\n<li>Con\u00e7u sp\u00e9cifiquement pour la technologie informatique et les entreprises cr\u00e9atives \u00e0 San Francisco<\/li>\n<li>Page d&rsquo;accueil personnalisable avec plusieurs sections pour pr\u00e9senter des services, des clients, des t\u00e9moignages et des membres de l&rsquo;\u00e9quipe<\/li>\n<li>Pages pr\u00e9d\u00e9finies pour le portefeuille, le blog, les ressources et les coordonn\u00e9es<\/li>\n<li>Design enti\u00e8rement r\u00e9actif et convivial<\/li>\n<li>Compatible avec la derni\u00e8re version de WordPress<\/li>\n<li>Facile \u00e0 utiliser un g\u00e9n\u00e9rateur de pages glisser-d\u00e9poser pour la mise en page et la conception de personnalisation<\/li>\n<li>Installation en un clic et importation de contenu de d\u00e9monstration<\/li>\n<li>SEO optimis\u00e9 pour une meilleure visibilit\u00e9 des moteurs de recherche<\/li>\n<li>Contrusseur CROSSER COMPATIBLE pour tous les principaux navigateurs<\/li>\n<li>Int\u00e9gration int\u00e9gr\u00e9e des m\u00e9dias sociaux pour un partage facile et suivre<\/li>\n<li>Mises \u00e0 jour r\u00e9guli\u00e8res et support client d\u00e9di\u00e9.<\/li>\n<\/ul>\n","protected":false},"excerpt":{"rendered":"<p>Le th\u00e8me de la technologie informatique de San Francisco et de Creative WordPress est une solution exemplaire pour les entreprises et les personnes \u00e0 la recherche d&rsquo;un site Web poli et sophistiqu\u00e9. Ce th\u00e8me est m\u00e9ticuleusement fabriqu\u00e9 pour r\u00e9pondre sp\u00e9cifiquement aux secteurs de la technologie informatique et cr\u00e9atifs, avec une conception de pointe et des fonctionnalit\u00e9s formidables. En vertu de son arrangement \u00e9pur\u00e9 et de sa conception adaptative, votre site Web d\u00e9gagera de l&rsquo;excellence sur tout appareil \u00e0 partir de laquelle il est accessible. De plus, ce th\u00e8me est \u00e9quip\u00e9 d&rsquo;une gamme d&rsquo;options personnalisables englobant les sch\u00e9mas de couleurs et la typographie, vous donnant une domination absolue sur les aspects visuels de votre site. Ne perdez pas de temps et vous lancez dans l&rsquo;\u00e9tablissement de votre pr\u00e9sence en ligne aujourd&rsquo;hui, aid\u00e9 par le remarquable th\u00e8me de la technologie informatique de San Francisco et de WordPress cr\u00e9atif.<\/p>\n","protected":false},"featured_media":145160,"comment_status":"open","ping_status":"open","template":"","meta":[],"product_brand":[2433],"product_cat":[1242,1212,1213],"product_tag":[1366],"class_list":{"0":"post-112863","1":"product","2":"type-product","3":"status-publish","4":"has-post-thumbnail","6":"product_brand-themeforest","7":"product_cat-creatif","8":"product_cat-themes","9":"product_cat-wordpress-themes","10":"product_tag-themeforest","11":"member-discount","12":"discount-restricted","14":"first","15":"instock","16":"sale","17":"downloadable","18":"virtual","19":"sold-individually","20":"purchasable","21":"product-type-simple"},"_links":{"self":[{"href":"https:\/\/gpl-love.com\/fr\/wp-json\/wp\/v2\/product\/112863","targetHints":{"allow":["GET"]}}],"collection":[{"href":"https:\/\/gpl-love.com\/fr\/wp-json\/wp\/v2\/product"}],"about":[{"href":"https:\/\/gpl-love.com\/fr\/wp-json\/wp\/v2\/types\/product"}],"replies":[{"embeddable":true,"href":"https:\/\/gpl-love.com\/fr\/wp-json\/wp\/v2\/comments?post=112863"}],"wp:featuredmedia":[{"embeddable":true,"href":"https:\/\/gpl-love.com\/fr\/wp-json\/wp\/v2\/media\/145160"}],"wp:attachment":[{"href":"https:\/\/gpl-love.com\/fr\/wp-json\/wp\/v2\/media?parent=112863"}],"wp:term":[{"taxonomy":"product_brand","embeddable":true,"href":"https:\/\/gpl-love.com\/fr\/wp-json\/wp\/v2\/product_brand?post=112863"},{"taxonomy":"product_cat","embeddable":true,"href":"https:\/\/gpl-love.com\/fr\/wp-json\/wp\/v2\/product_cat?post=112863"},{"taxonomy":"product_tag","embeddable":true,"href":"https:\/\/gpl-love.com\/fr\/wp-json\/wp\/v2\/product_tag?post=112863"}],"curies":[{"name":"wp","href":"https:\/\/api.w.org\/{rel}","templated":true}]}}