{"id":112861,"date":"2023-10-20T00:00:00","date_gmt":"2023-10-19T22:00:00","guid":{"rendered":"http:\/\/gpl-love.com\/fr\/produit\/acf-theme-code-pro\/"},"modified":"2026-03-20T22:52:54","modified_gmt":"2026-03-20T21:52:54","slug":"acf-theme-code-pro","status":"publish","type":"product","link":"https:\/\/gpl-love.com\/fr\/produit\/acf-theme-code-pro\/","title":{"rendered":"ACF Th\u00e8me Code Pro 2.5.6"},"content":{"rendered":"<h3>ACF Th\u00e8me Code Pro Traits<\/h3>\n<p>ACF Theme Code Pro, un plugin WordPress robuste, vous offre la possibilit\u00e9 de g\u00e9n\u00e9rer rapidement des champs personnalis\u00e9s pour votre site Web. En quelques minutes, cet outil puissant vous permet de cr\u00e9er des champs personnalis\u00e9s avec la plus grande simplicit\u00e9. Gr\u00e2ce \u00e0 son interface conviviale, vous pouvez int\u00e9grer sans effort des champs dans votre site Web sans lutter contre les techniques de codage complexes. Notamment, ce plugin compl\u00e8te parfaitement le plugin Advanced Custom Fields (ACF), une plate-forme qui facilite la cr\u00e9ation de champs sur mesure pour votre site WordPress. En tirant parti du code de th\u00e8me ACF Pro, vous pouvez g\u00e9n\u00e9rer facilement un tableau de champs personnalis\u00e9s, allant des champs de texte aux champs d&rsquo;image et au-del\u00e0. De plus, ce plugin exceptionnel vous offre la possibilit\u00e9 d&rsquo;exporter vos champs personnalis\u00e9s sous forme de code PHP, permettant ainsi l&rsquo;int\u00e9gration sans effort dans vos th\u00e8mes et plugins. Que vous soyez un d\u00e9veloppeur Web chevronn\u00e9 ou un individu en herbe d\u00e9sireux d&rsquo;am\u00e9liorer votre site WordPress, ACF Theme Code Pro est un actif indispensable sur le point de rationaliser vos processus, d&rsquo;optimiser la productivit\u00e9 et d&rsquo;am\u00e9liorer les fonctionnalit\u00e9s de votre domaine num\u00e9rique.<\/p>\n<ul>\n<li>Code optimis\u00e9 de haute qualit\u00e9 pour votre th\u00e8me ACF<\/li>\n<li>Am\u00e9lioration des performances et de la vitesse pour votre site Web<\/li>\n<li>Impl\u00e9mentation et personnalisation faciles pour les d\u00e9veloppeurs<\/li>\n<li>\u00c9conomise du temps et des efforts dans le codage et le d\u00e9bogage<\/li>\n<li>Compatible avec les outils et les plugins de d\u00e9veloppement Web populaires<\/li>\n<li>Flexibilit\u00e9 et fonctionnalit\u00e9 accrue pour votre th\u00e8me ACF<\/li>\n<li>Code professionnel et poli pour une conception de site Web \u00e9l\u00e9gante et moderne<\/li>\n<li>Mises \u00e0 jour r\u00e9guli\u00e8res et support pour la maintenance et les am\u00e9liorations continues.<\/li>\n<\/ul>\n","protected":false},"excerpt":{"rendered":"<p>ACF Theme Code Pro est un plugin WordPress indispensable pour le d\u00e9veloppement professionnel WordPress. Cet outil sert d&rsquo;\u00e9l\u00e9ment fondamental pour les d\u00e9veloppeurs visant le d\u00e9veloppement de th\u00e8me sans effort avec ACF Theme Code Pro. L&rsquo;utilisation de cet outil de codage avanc\u00e9 permet la g\u00e9n\u00e9ration de code optimis\u00e9 qui est \u00e0 la fois vierge et efficace, \u00e9levant le processus de conception \u00e0 un nouveau niveau.<\/p>\n<p>Le plugin ACF Theme Code Pro WordPress s&rsquo;int\u00e8gre de mani\u00e8re transparente aux champs personnalis\u00e9s avanc\u00e9s, facilitant la g\u00e9n\u00e9ration de code rationalis\u00e9e. Cette int\u00e9gration fait non seulement gagner du temps, mais simplifie \u00e9galement le processus de codage, ce qui fait du code de th\u00e8me ACF Pro un outil essentiel pour un codage facile.<\/p>\n<p>En plus de gagner du temps, ce plugin minimise la difficult\u00e9 associ\u00e9e au codage manuel, garantissant la compatibilit\u00e9 totale des th\u00e8mes avec le code de th\u00e8me ACF Pro. Les th\u00e8mes WordPress personnalis\u00e9s avec ACF Theme Code Pro se d\u00e9marquent avec leur conception unique et propre et leurs performances optimis\u00e9es.<\/p>\n<p>Pr\u00e9parez-vous \u00e0 stimuler la productivit\u00e9 avec ACF Theme Code Pro et am\u00e9liorer vos comp\u00e9tences de codage. Avec le code de th\u00e8me ACF Pro pour le code vierge, vous obtiendrez non seulement des conceptions efficaces, mais aussi<\/p>\n","protected":false},"featured_media":143015,"comment_status":"open","ping_status":"open","template":"","meta":[],"product_brand":[2438],"product_cat":[1189,1181,1186],"product_tag":[1827],"class_list":{"0":"post-112861","1":"product","2":"type-product","3":"status-publish","4":"has-post-thumbnail","6":"product_brand-hookturn","7":"product_cat-personnalisation","8":"product_cat-plugins","9":"product_cat-wordpress-plugins","10":"product_tag-hookturn","11":"member-discount","12":"discount-restricted","14":"first","15":"instock","16":"sale","17":"downloadable","18":"virtual","19":"sold-individually","20":"purchasable","21":"product-type-simple"},"_links":{"self":[{"href":"https:\/\/gpl-love.com\/fr\/wp-json\/wp\/v2\/product\/112861","targetHints":{"allow":["GET"]}}],"collection":[{"href":"https:\/\/gpl-love.com\/fr\/wp-json\/wp\/v2\/product"}],"about":[{"href":"https:\/\/gpl-love.com\/fr\/wp-json\/wp\/v2\/types\/product"}],"replies":[{"embeddable":true,"href":"https:\/\/gpl-love.com\/fr\/wp-json\/wp\/v2\/comments?post=112861"}],"wp:featuredmedia":[{"embeddable":true,"href":"https:\/\/gpl-love.com\/fr\/wp-json\/wp\/v2\/media\/143015"}],"wp:attachment":[{"href":"https:\/\/gpl-love.com\/fr\/wp-json\/wp\/v2\/media?parent=112861"}],"wp:term":[{"taxonomy":"product_brand","embeddable":true,"href":"https:\/\/gpl-love.com\/fr\/wp-json\/wp\/v2\/product_brand?post=112861"},{"taxonomy":"product_cat","embeddable":true,"href":"https:\/\/gpl-love.com\/fr\/wp-json\/wp\/v2\/product_cat?post=112861"},{"taxonomy":"product_tag","embeddable":true,"href":"https:\/\/gpl-love.com\/fr\/wp-json\/wp\/v2\/product_tag?post=112861"}],"curies":[{"name":"wp","href":"https:\/\/api.w.org\/{rel}","templated":true}]}}