{"id":112859,"date":"2022-01-06T00:00:00","date_gmt":"2022-01-05T23:00:00","guid":{"rendered":"http:\/\/gpl-love.com\/fr\/produit\/wanium-a-elegant-multi-concept-theme\/"},"modified":"2026-04-10T18:45:16","modified_gmt":"2026-04-10T16:45:16","slug":"wanium-a-elegant-multi-concept-theme","status":"publish","type":"product","link":"https:\/\/gpl-love.com\/fr\/produit\/wanium-a-elegant-multi-concept-theme\/","title":{"rendered":"Wanium A Elegant Multi-Concept Theme 1.7.7"},"content":{"rendered":"<h3>Wanium A Elegant Multi-Concept Theme Traits<\/h3>\n<p>Wanium Un th\u00e8me multi-concept \u00e9l\u00e9gant, un th\u00e8me WordPress remarquablement polyvalent et esth\u00e9tique, fournit un assortiment de dispositions et de choix de conception pour faciliter la cr\u00e9ation d&rsquo;un site Web distinctif et sophistiqu\u00e9. \u00c9quip\u00e9s d&rsquo;outils de personnalisation conviviaux, les individus peuvent adapter sans effort les \u00e9l\u00e9ments de conception en fonction de leurs pr\u00e9f\u00e9rences et requis particuli\u00e8res. Ce th\u00e8me exceptionnel offre une r\u00e9activit\u00e9 compl\u00e8te, garantissant une exp\u00e9rience de visualisation exceptionnelle sur tous les appareils, tout en pr\u00e9sentant un large \u00e9ventail de d\u00e9monstrations et de mod\u00e8les pr\u00e9-con\u00e7us. Que l&rsquo;objectif soit de construire un blog, un portefeuille ou un site de commerce \u00e9lectronique, Wanium, un th\u00e8me multi-concept \u00e9l\u00e9gant comprend un r\u00e9pertoire complet de fonctionnalit\u00e9s et de fonctionnalit\u00e9s, garantissant la r\u00e9alisation d&rsquo;une pr\u00e9sence en ligne in\u00e9branlable.<\/p>\n<ul>\n<li>Wanium est un th\u00e8me WordPress premium con\u00e7u pour une utilisation polyvalente<\/li>\n<li>Il dispose d&rsquo;un design \u00e9l\u00e9gant et moderne adapt\u00e9 \u00e0 toute entreprise ou site Web personnel<\/li>\n<li>Le th\u00e8me est livr\u00e9 avec 26 d\u00e9mos uniques uniques \u00e0 choisir, chacune enti\u00e8rement personnalisable pour r\u00e9pondre \u00e0 vos besoins<\/li>\n<li>Avec le constructeur de page de glisser-d\u00e9poser le compositeur visuel, vous pouvez facilement cr\u00e9er des pages et des dispositions uniques sans aucune connaissance de codage requise<\/li>\n<li>Wanium est enti\u00e8rement r\u00e9actif et optimis\u00e9 pour les temps de chargement rapides, garantissant que votre site Web a fi\u00e8re allure sur tous les appareils et navigateurs<\/li>\n<li>Le th\u00e8me comprend diverses fonctionnalit\u00e9s utiles telles qu&rsquo;un panneau d&rsquo;administration puissant, des styles d&rsquo;en-t\u00eate et de pied de page multiples, des widgets personnalis\u00e9s et l&rsquo;int\u00e9gration des polices Google<\/li>\n<li>Il est compatible avec des plugins populaires comme WooCommerce, Contact Form 7 et WPML pour les sites Web multilingues<\/li>\n<li>Wanium comprend une documentation approfondie et un soutien d\u00e9di\u00e9 des d\u00e9veloppeurs de th\u00e8mes pour vous aider \u00e0 tirer le meilleur parti de votre site Web.<\/li>\n<\/ul>\n","protected":false},"excerpt":{"rendered":"<p>Wanium Un th\u00e8me multi-concept \u00e9l\u00e9gant se trouve \u00eatre un th\u00e8me WordPress extr\u00eamement polyvalent et pleinement r\u00e9actif qui se trouve \u00eatre absolument parfait pour tout type d&rsquo;entreprise ou de site Web personnel que vous pouvez avoir. Avec sa conception \u00e9l\u00e9gante et sophistiqu\u00e9e, une disposition propre et organis\u00e9e, ainsi que sa pl\u00e9thore de fonctionnalit\u00e9s puissantes, Wanium offre une exp\u00e9rience utilisateur incroyablement transparente et agr\u00e9able pour tous vos visiteurs. Ce magnifique th\u00e8me est \u00e9galement livr\u00e9 avec un tableau de dispositions personnalisables, de d\u00e9mos pr\u00e9-con\u00e7ues et une abondance de fonctionnalit\u00e9s, y compris le curseur de r\u00e9volution tr\u00e8s recherch\u00e9, une page de 404 personnalis\u00e9e, plusieurs formulaires de contact et bien plus encore. Avec l&rsquo;aide de la Wanium, la construction d&rsquo;un site Web professionnel et visuellement \u00e9tonnant qui pr\u00e9sente efficacement votre marque ou votre entreprise unique n&rsquo;a jamais \u00e9t\u00e9 aussi simple.<\/p>\n","protected":false},"featured_media":145736,"comment_status":"open","ping_status":"open","template":"","meta":[],"product_brand":[2433],"product_cat":[1214,1212,1213],"product_tag":[1366],"class_list":{"0":"post-112859","1":"product","2":"type-product","3":"status-publish","4":"has-post-thumbnail","6":"product_brand-themeforest","7":"product_cat-polyvalent","8":"product_cat-themes","9":"product_cat-wordpress-themes","10":"product_tag-themeforest","11":"member-discount","12":"discount-restricted","14":"first","15":"instock","16":"sale","17":"downloadable","18":"virtual","19":"sold-individually","20":"purchasable","21":"product-type-simple"},"_links":{"self":[{"href":"https:\/\/gpl-love.com\/fr\/wp-json\/wp\/v2\/product\/112859","targetHints":{"allow":["GET"]}}],"collection":[{"href":"https:\/\/gpl-love.com\/fr\/wp-json\/wp\/v2\/product"}],"about":[{"href":"https:\/\/gpl-love.com\/fr\/wp-json\/wp\/v2\/types\/product"}],"replies":[{"embeddable":true,"href":"https:\/\/gpl-love.com\/fr\/wp-json\/wp\/v2\/comments?post=112859"}],"wp:featuredmedia":[{"embeddable":true,"href":"https:\/\/gpl-love.com\/fr\/wp-json\/wp\/v2\/media\/145736"}],"wp:attachment":[{"href":"https:\/\/gpl-love.com\/fr\/wp-json\/wp\/v2\/media?parent=112859"}],"wp:term":[{"taxonomy":"product_brand","embeddable":true,"href":"https:\/\/gpl-love.com\/fr\/wp-json\/wp\/v2\/product_brand?post=112859"},{"taxonomy":"product_cat","embeddable":true,"href":"https:\/\/gpl-love.com\/fr\/wp-json\/wp\/v2\/product_cat?post=112859"},{"taxonomy":"product_tag","embeddable":true,"href":"https:\/\/gpl-love.com\/fr\/wp-json\/wp\/v2\/product_tag?post=112859"}],"curies":[{"name":"wp","href":"https:\/\/api.w.org\/{rel}","templated":true}]}}