{"id":112857,"date":"2025-12-28T00:00:00","date_gmt":"2025-12-27T23:00:00","guid":{"rendered":"http:\/\/gpl-love.com\/fr\/produit\/easy-updates-manager-premium\/"},"modified":"2026-03-20T23:02:41","modified_gmt":"2026-03-20T22:02:41","slug":"easy-updates-manager-premium","status":"publish","type":"product","link":"https:\/\/gpl-love.com\/fr\/produit\/easy-updates-manager-premium\/","title":{"rendered":"Easy Updates Manager Premium 9.0.20"},"content":{"rendered":"<h3>Easy Updates Manager Premium Traits<\/h3>\n<p>Easy Updates Manager Premium est un outil robuste et puissant con\u00e7u pour aider les utilisateurs \u00e0 g\u00e9rer efficacement les mises \u00e0 jour de leurs sites Web WordPress. B\u00e9n\u00e9ficiant d&rsquo;une interface intuitive, cet outil permet aux utilisateurs de configurer et de contr\u00f4ler sans effort les mises \u00e0 jour de leur noyau, leurs th\u00e8mes et leurs plugins WordPress. En outre, ce plugin pr\u00e9sente une pl\u00e9thore d&rsquo;options de personnalisation, offrant aux utilisateurs la possibilit\u00e9 de planifier facilement les mises \u00e0 jour, d&rsquo;automatiser les sauvegardes et d&rsquo;\u00e9tablir des notifications par e-mail. En cons\u00e9quence, les propri\u00e9taires de sites Web peuvent \u00eatre assur\u00e9s en sachant que leur plate-forme en ligne restera r\u00e9guli\u00e8rement \u00e0 jour et prot\u00e9g\u00e9 contre les menaces de s\u00e9curit\u00e9 potentielles. En plus de ces fonctionnalit\u00e9s fondamentales, Easy Updates Manager Premium pr\u00e9sente \u00e9galement un \u00e9ventail impressionnant de capacit\u00e9s avanc\u00e9es. Ceux-ci incluent le support multisite, la possibilit\u00e9 d&rsquo;\u00e9laborer des messages de mise \u00e0 jour personnalis\u00e9s et la journalisation compl\u00e8te de mise \u00e0 jour. Ces fonctionnalit\u00e9s avanc\u00e9es accordent aux utilisateurs des utilisateurs in\u00e9gal\u00e9s sur le processus de mise \u00e0 jour de leur site Web. En conclusion, pour tout propri\u00e9taire de site Web WordPress cherchant \u00e0 rationaliser son processus de gestion de mise \u00e0 jour et \u00e0 maintenir la s\u00e9curit\u00e9 et la fonctionnalit\u00e9 la plus haute de leur plate-forme en ligne, Easy Updates Manager Premium est un outil imp\u00e9ratif.<\/p>\n<ul>\n<li>Fournit des mises \u00e0 jour faciles et efficaces pour les sites Web WordPress<\/li>\n<li>Permet la personnalisation des param\u00e8tres de mise \u00e0 jour pour r\u00e9pondre aux besoins des sites Web individuels<\/li>\n<li>Active les mises \u00e0 jour automatiques pour tous les th\u00e8mes et plugins<\/li>\n<li>Fournit un support premium pour tout probl\u00e8me ou questions li\u00e9es aux mises \u00e0 jour des plugins<\/li>\n<li>Permet la gestion multisite pour les mises \u00e0 jour rationalis\u00e9es sur plusieurs sites Web<\/li>\n<li>Assure la s\u00e9curit\u00e9 du site en fournissant des notifications en temps r\u00e9el de mises \u00e0 jour et de vuln\u00e9rabilit\u00e9s<\/li>\n<li>Offre des options de sauvegarde pour assurer la stabilit\u00e9 du site lors des mises \u00e0 jour<\/li>\n<li>Permet le retour des mises \u00e0 jour si des probl\u00e8mes surviennent apr\u00e8s la mise \u00e0 jour<\/li>\n<li>Fournit une interface conviviale pour une navigation et une utilisation faciles<\/li>\n<\/ul>\n","protected":false},"excerpt":{"rendered":"<p>Si vous \u00eates \u00e0 la recherche d&rsquo;un logiciel qui peut g\u00e9rer et superviser efficacement les mises \u00e0 jour de votre site WordPress, votre recherche se termine ici avec des mises \u00e0 jour faciles Premium. Cette version particuli\u00e8re, qui est consid\u00e9r\u00e9e comme l&rsquo;it\u00e9ration sup\u00e9rieure et plus avanc\u00e9e de l&rsquo;outil de gestion de mise \u00e0 jour largement utilis\u00e9, offre une gamme de fonctionnalit\u00e9s et de capacit\u00e9s suppl\u00e9mentaires, y compris la commodit\u00e9 des mises \u00e0 jour automatiques, la flexibilit\u00e9 des options de planification avanc\u00e9es et l&rsquo;int\u00e9gration transparente avec des plugins de mise en cache renomm\u00e9s. Avec son interface conviviale et ses contr\u00f4les intuitifs, Easy Updates Manager Premium garantit que la gestion de vos mises \u00e0 jour WordPress devient une t\u00e2che sans effort. En utilisant ce plugin indispensable, vous pouvez garantir que votre site Web continuera de fonctionner en douceur et de maintenir un niveau de s\u00e9curit\u00e9 \u00e9lev\u00e9.<\/p>\n","protected":false},"featured_media":143661,"comment_status":"open","ping_status":"open","template":"","meta":[],"product_brand":[2525],"product_cat":[1187,1181,1186],"product_tag":[1455],"class_list":{"0":"post-112857","1":"product","2":"type-product","3":"status-publish","4":"has-post-thumbnail","6":"product_brand-up-draft-plus","7":"product_cat-administration-wordpress-plugins","8":"product_cat-plugins","9":"product_cat-wordpress-plugins","10":"product_tag-up-draft-plus","11":"member-discount","12":"discount-restricted","14":"first","15":"instock","16":"sale","17":"downloadable","18":"virtual","19":"sold-individually","20":"purchasable","21":"product-type-simple"},"_links":{"self":[{"href":"https:\/\/gpl-love.com\/fr\/wp-json\/wp\/v2\/product\/112857","targetHints":{"allow":["GET"]}}],"collection":[{"href":"https:\/\/gpl-love.com\/fr\/wp-json\/wp\/v2\/product"}],"about":[{"href":"https:\/\/gpl-love.com\/fr\/wp-json\/wp\/v2\/types\/product"}],"replies":[{"embeddable":true,"href":"https:\/\/gpl-love.com\/fr\/wp-json\/wp\/v2\/comments?post=112857"}],"wp:featuredmedia":[{"embeddable":true,"href":"https:\/\/gpl-love.com\/fr\/wp-json\/wp\/v2\/media\/143661"}],"wp:attachment":[{"href":"https:\/\/gpl-love.com\/fr\/wp-json\/wp\/v2\/media?parent=112857"}],"wp:term":[{"taxonomy":"product_brand","embeddable":true,"href":"https:\/\/gpl-love.com\/fr\/wp-json\/wp\/v2\/product_brand?post=112857"},{"taxonomy":"product_cat","embeddable":true,"href":"https:\/\/gpl-love.com\/fr\/wp-json\/wp\/v2\/product_cat?post=112857"},{"taxonomy":"product_tag","embeddable":true,"href":"https:\/\/gpl-love.com\/fr\/wp-json\/wp\/v2\/product_tag?post=112857"}],"curies":[{"name":"wp","href":"https:\/\/api.w.org\/{rel}","templated":true}]}}