{"id":112855,"date":"2022-06-19T00:00:00","date_gmt":"2022-06-18T22:00:00","guid":{"rendered":"http:\/\/gpl-love.com\/fr\/produit\/magicform-wordpress-form-builder\/"},"modified":"2026-03-20T23:23:00","modified_gmt":"2026-03-20T22:23:00","slug":"magicform-wordpress-form-builder","status":"publish","type":"product","link":"https:\/\/gpl-love.com\/fr\/produit\/magicform-wordpress-form-builder\/","title":{"rendered":"MagicForm WordPress Form Builder 1.6.2"},"content":{"rendered":"<h3>MagicForm WordPress Form Builder Traits<\/h3>\n<p>Magicform est un constructeur de formulaires WordPress hautement sophistiqu\u00e9 et avanc\u00e9 qui permet aux utilisateurs de g\u00e9n\u00e9rer et de personnaliser sans effort des formulaires pour leurs sites Web estim\u00e9s. En tirant parti d&rsquo;une interface de glisser-d\u00e9poser remarquablement intuitive, les utilisateurs sont accord\u00e9s \u00e0 la capacit\u00e9 sans pr\u00e9c\u00e9dent \u00e0 incorporer de mani\u00e8re transparente un \u00e9ventail de champs divers, comprenant mais sans s&rsquo;y limiter, des bo\u00eetes de texte, des cases \u00e0 cocher et des menus d\u00e9roulants, tandis que de mani\u00e8re simultan\u00e9e de mani\u00e8re simultan\u00e9e avec une int\u00e9gration transparente avec un tiers estim\u00e9- Services de f\u00eate comme PayPal et MailChimp. En plus de ces fonctionnalit\u00e9s impressionnantes, Magicform permet \u00e9galement de mani\u00e8re \u00e9tonnante l&rsquo;application de la logique conditionnelle, permettant ainsi l&rsquo;exposition ou la dissimulation de champs sp\u00e9cifiques conform\u00e9ment aux r\u00e9ponses des utilisateurs. De plus, le plugin profite d&rsquo;une vaste s\u00e9lection de mod\u00e8les, facilitant efficacement un d\u00e9but rationalis\u00e9 au processus de cr\u00e9ation de forme, tout en garantissant une r\u00e9activit\u00e9 in\u00e9gal\u00e9e sur tous les appareils mobiles. Incarn\u00e9 dans ses fonctionnalit\u00e9s remarquables se trouve le potentiel que MagicForm sert comme un atout indispensable formidable pour toute entreprise exigeante ou propri\u00e9taire de site Web, cherchant ardemment \u00e0 amasser des informations inestimables ou \u00e0 favoriser un engagement significatif avec leur public estim\u00e9.<\/p>\n<ul>\n<li>Cr\u00e9ez des formulaires personnalis\u00e9s rapidement et facilement \u00e0 l&rsquo;aide de l&rsquo;interface glisser-d\u00e9poser<\/li>\n<li>Choisissez parmi un large \u00e9ventail de champs de formulaire, y compris les t\u00e9l\u00e9chargements de fichiers, les cases \u00e0 cocher et les boutons radio<\/li>\n<li>Personnalisez l&rsquo;apparence de vos formulaires en utilisant des th\u00e8mes et des mod\u00e8les int\u00e9gr\u00e9s<\/li>\n<li>Connectez vos formulaires \u00e0 des services de marketing par e-mail populaires pour collecter les prospects et augmenter les conversions<\/li>\n<li>Rendez vos formulaires plus puissants avec des fonctionnalit\u00e9s avanc\u00e9es comme la logique conditionnelle et les soumissions de formulaires \u00e0 Slack et Trello<\/li>\n<li>Gagnez du temps et augmentez la productivit\u00e9 avec les r\u00e9ponses automatique et les notifications lorsque les utilisateurs soumettent des formulaires<\/li>\n<li>Obtenez des informations et des analyses d\u00e9taill\u00e9es sur vos soumissions de formulaires avec de puissants outils de rapport<\/li>\n<li>S\u00e9curisez vos formulaires avec une protection anti-spam pour \u00e9viter les soumissions ind\u00e9sirables et prot\u00e9ger vos donn\u00e9es<\/li>\n<li>Int\u00e9grez facilement vos formulaires n&rsquo;importe o\u00f9 sur votre site WordPress avec des fonctionnalit\u00e9s de shortcode ou de widget.<\/li>\n<\/ul>\n","protected":false},"excerpt":{"rendered":"<p>Magicform est un g\u00e9n\u00e9rateur de formulaires WordPress remarquablement robuste et convivial qui permet aux utilisateurs de g\u00e9n\u00e9rer sans effort des formes personnalis\u00e9es en quelques minutes. En tirant parti de son interface de glisser-d\u00e9poser intuitive et de son vaste \u00e9ventail de fonctionnalit\u00e9s, les individus peuvent construire sans effort un assortiment de formulaires comprenant, mais sans s&rsquo;y limiter, les formulaires de contact, les formulaires de r\u00e9troaction, les formulaires d&rsquo;enqu\u00eate, les formulaires d&rsquo;enregistrement et bien plus encore. De plus, MagicForm s&rsquo;int\u00e8gre de mani\u00e8re transparente avec PayPal et Stripe, permettant aux utilisateurs de faciliter facilement les transactions en ligne. De plus, MagicForm poss\u00e8de des fonctionnalit\u00e9s remarquables telles que les t\u00e9l\u00e9chargements de fichiers, la logique conditionnelle et les calculs, ce qui permet aux utilisateurs de cr\u00e9er des formulaires dynamiques et personnalis\u00e9s. Peut-\u00eatre plus particuli\u00e8rement, MagicForm a \u00e9t\u00e9 m\u00e9ticuleusement con\u00e7u pour s&rsquo;int\u00e9grer de mani\u00e8re transparente \u00e0 votre site WordPress actuel, culminant dans une solution in\u00e9gal\u00e9e pour les entreprises et les individus qui aspirent \u00e0 recueillir sans effort des donn\u00e9es et \u00e0 s&rsquo;engager avec leurs utilisateurs.<\/p>\n","protected":false},"featured_media":144410,"comment_status":"open","ping_status":"open","template":"","meta":[],"product_brand":[2435],"product_cat":[1191,1181,1186],"product_tag":[1231],"class_list":{"0":"post-112855","1":"product","2":"type-product","3":"status-publish","4":"has-post-thumbnail","6":"product_brand-codecanyon","7":"product_cat-formes","8":"product_cat-plugins","9":"product_cat-wordpress-plugins","10":"product_tag-codecanyon","11":"member-discount","12":"discount-restricted","14":"first","15":"instock","16":"sale","17":"downloadable","18":"virtual","19":"sold-individually","20":"purchasable","21":"product-type-simple"},"_links":{"self":[{"href":"https:\/\/gpl-love.com\/fr\/wp-json\/wp\/v2\/product\/112855","targetHints":{"allow":["GET"]}}],"collection":[{"href":"https:\/\/gpl-love.com\/fr\/wp-json\/wp\/v2\/product"}],"about":[{"href":"https:\/\/gpl-love.com\/fr\/wp-json\/wp\/v2\/types\/product"}],"replies":[{"embeddable":true,"href":"https:\/\/gpl-love.com\/fr\/wp-json\/wp\/v2\/comments?post=112855"}],"wp:featuredmedia":[{"embeddable":true,"href":"https:\/\/gpl-love.com\/fr\/wp-json\/wp\/v2\/media\/144410"}],"wp:attachment":[{"href":"https:\/\/gpl-love.com\/fr\/wp-json\/wp\/v2\/media?parent=112855"}],"wp:term":[{"taxonomy":"product_brand","embeddable":true,"href":"https:\/\/gpl-love.com\/fr\/wp-json\/wp\/v2\/product_brand?post=112855"},{"taxonomy":"product_cat","embeddable":true,"href":"https:\/\/gpl-love.com\/fr\/wp-json\/wp\/v2\/product_cat?post=112855"},{"taxonomy":"product_tag","embeddable":true,"href":"https:\/\/gpl-love.com\/fr\/wp-json\/wp\/v2\/product_tag?post=112855"}],"curies":[{"name":"wp","href":"https:\/\/api.w.org\/{rel}","templated":true}]}}