{"id":112853,"date":"2026-01-28T00:00:00","date_gmt":"2026-01-27T23:00:00","guid":{"rendered":"http:\/\/gpl-love.com\/fr\/produit\/jobmonster-job-board-wordpress-theme\/"},"modified":"2026-03-20T23:21:08","modified_gmt":"2026-03-20T22:21:08","slug":"jobmonster-job-board-wordpress-theme","status":"publish","type":"product","link":"https:\/\/gpl-love.com\/fr\/produit\/jobmonster-job-board-wordpress-theme\/","title":{"rendered":"Jobmonster Job Board WordPress Theme 4.8.4"},"content":{"rendered":"<h3>Jobmonster Job Board WordPress Theme Traits<\/h3>\n<p>Le th\u00e8me WordPress du travail de travail JobMonster est une solution de carte d&#8217;emploi globale et conviviale qui offre la capacit\u00e9 d&rsquo;\u00e9tablir rapidement et sans effort un site Web professionnel et r\u00e9actif. Ce th\u00e8me exceptionnel est \u00e9quip\u00e9 d&rsquo;une pl\u00e9thore de fonctionnalit\u00e9s puissantes et d&rsquo;options personnalisables qui permettent une gestion transparente des listes d&#8217;emplois, des curriculum vitae et des applications, tout en automatisant le processus de recrutement. Notamment, le th\u00e8me poss\u00e8de des fonctionnalit\u00e9s de recherche et de filtrage avanc\u00e9es, des alertes d&#8217;emploi personnalisables et une int\u00e9gration transparente avec des passerelles de paiement bien connues et des plateformes de m\u00e9dias sociaux. En utilisant Jobmonster, vous avez la capacit\u00e9 de construire un conseil d&#8217;emploi esth\u00e9tique et centr\u00e9 sur l&rsquo;utilisateur qui captivera sans aucun doute les demandeurs d&#8217;emploi et les employeurs. Que vous soyez une agence de recrutement, un op\u00e9rateur du conseil d&#8217;emploi ou un service des ressources humaines, Jobmonster est la solution optimale pour r\u00e9pondre \u00e0 vos exigences sp\u00e9cifiques.<\/p>\n<ul>\n<li>Tableau de bord facile \u00e0 utiliser avec param\u00e8tres personnalisables<\/li>\n<li>Int\u00e9gration transparente avec WordPress<\/li>\n<li>Niveau \u00e9lev\u00e9 de conception UI \/ UX pour une meilleure exp\u00e9rience utilisateur<\/li>\n<li>Conception r\u00e9active, compatible avec tous les appareils<\/li>\n<li>Filtres de travail avanc\u00e9s avec une fonctionnalit\u00e9 de recherche int\u00e9gr\u00e9e<\/li>\n<li>Syst\u00e8me de suivi des applications int\u00e9gr\u00e9 pour g\u00e9rer les candidats<\/li>\n<li>Plusieurs options de paiement avec le plugin WooCommerce<\/li>\n<li>Capacit\u00e9 \u00e0 cr\u00e9er des cat\u00e9gories d&#8217;emplois et des types d&#8217;emplois illimit\u00e9s<\/li>\n<li>Codage adapt\u00e9 aux d\u00e9veloppeurs pour une personnalisation facile<\/li>\n<li>SEO optimis\u00e9 pour un meilleur classement sur les moteurs de recherche<\/li>\n<li>Support client 24\/7 disponible aupr\u00e8s de l&rsquo;\u00e9quipe Jobmonster.<\/li>\n<\/ul>\n","protected":false},"excerpt":{"rendered":"<p>Le th\u00e8me WordPress du JobMonster Job Board sert de solution impeccable pour les personnes cherchant \u00e0 \u00e9tablir un site Web d&rsquo;offre d&#8217;emploi poli et convivial. Gr\u00e2ce \u00e0 son interface intuitive et \u00e0 sa gamme compl\u00e8te de fonctionnalit\u00e9s puissantes, on peut construire et superviser sans effort les listes d&#8217;emplois, reprendre les soumissions, les profils des employeurs et un assortiment d&rsquo;\u00e9l\u00e9ments suppl\u00e9mentaires. De plus, ce th\u00e8me poss\u00e8de une r\u00e9activit\u00e9 compl\u00e8te, garantissant que votre site Web maintient une apparence exceptionnelle sur tous les appareils. De plus, le th\u00e8me offre des options de personnalisation \u00e9tendues, vous permettant de l&rsquo;adapter \u00e0 vos besoins et pr\u00e9f\u00e9rences exacts. En optant pour Jobmonster, vous \u00eates assur\u00e9 d&rsquo;une exp\u00e9rience transparente et sans probl\u00e8me lors de la construction de votre site Web de votre conseil d&#8217;emploi.<\/p>\n","protected":false},"featured_media":144288,"comment_status":"open","ping_status":"open","template":"","meta":[],"product_brand":[2433],"product_cat":[1516,1212,1213],"product_tag":[1366],"class_list":{"0":"post-112853","1":"product","2":"type-product","3":"status-publish","4":"has-post-thumbnail","6":"product_brand-themeforest","7":"product_cat-entreprise","8":"product_cat-themes","9":"product_cat-wordpress-themes","10":"product_tag-themeforest","11":"member-discount","12":"discount-restricted","14":"first","15":"instock","16":"sale","17":"downloadable","18":"virtual","19":"sold-individually","20":"purchasable","21":"product-type-simple"},"_links":{"self":[{"href":"https:\/\/gpl-love.com\/fr\/wp-json\/wp\/v2\/product\/112853","targetHints":{"allow":["GET"]}}],"collection":[{"href":"https:\/\/gpl-love.com\/fr\/wp-json\/wp\/v2\/product"}],"about":[{"href":"https:\/\/gpl-love.com\/fr\/wp-json\/wp\/v2\/types\/product"}],"replies":[{"embeddable":true,"href":"https:\/\/gpl-love.com\/fr\/wp-json\/wp\/v2\/comments?post=112853"}],"wp:featuredmedia":[{"embeddable":true,"href":"https:\/\/gpl-love.com\/fr\/wp-json\/wp\/v2\/media\/144288"}],"wp:attachment":[{"href":"https:\/\/gpl-love.com\/fr\/wp-json\/wp\/v2\/media?parent=112853"}],"wp:term":[{"taxonomy":"product_brand","embeddable":true,"href":"https:\/\/gpl-love.com\/fr\/wp-json\/wp\/v2\/product_brand?post=112853"},{"taxonomy":"product_cat","embeddable":true,"href":"https:\/\/gpl-love.com\/fr\/wp-json\/wp\/v2\/product_cat?post=112853"},{"taxonomy":"product_tag","embeddable":true,"href":"https:\/\/gpl-love.com\/fr\/wp-json\/wp\/v2\/product_tag?post=112853"}],"curies":[{"name":"wp","href":"https:\/\/api.w.org\/{rel}","templated":true}]}}