{"id":112851,"date":"2021-03-18T00:00:00","date_gmt":"2021-03-17T23:00:00","guid":{"rendered":"http:\/\/gpl-love.com\/fr\/produit\/hostingo-hosting-wordpress-and-whmcs-theme\/"},"modified":"2026-03-20T23:19:41","modified_gmt":"2026-03-20T22:19:41","slug":"hostingo-hosting-wordpress-and-whmcs-theme","status":"publish","type":"product","link":"https:\/\/gpl-love.com\/fr\/produit\/hostingo-hosting-wordpress-and-whmcs-theme\/","title":{"rendered":"Hostingo Hosting WordPress et WHMCS Theme 1.0"},"content":{"rendered":"<h3>Hostingo Hosting WordPress et WHMCS Theme Traits<\/h3>\n<p>Hostingo est un th\u00e8me WordPress et WHMCS m\u00e9ticuleusement con\u00e7u et m\u00e9ticuleusement con\u00e7u qui s&rsquo;adresse sp\u00e9cifiquement aux soci\u00e9t\u00e9s d&rsquo;h\u00e9bergement et aux registraires du domaine. Afin de fournir la plus grande polyvalence et la flexibilit\u00e9, ce th\u00e8me remarquable poss\u00e8de une pl\u00e9thore de dispositions de page d&rsquo;accueil \u00e0 choisir, vous permettant d&rsquo;adapter votre site Web \u00e0 vos besoins et pr\u00e9f\u00e9rences exacts. De plus, Hostingo propose des tables de prix enti\u00e8rement personnalisables, vous permettant de pr\u00e9senter efficacement vos services et vos plans de prix de mani\u00e8re esth\u00e9tique. De plus, ce th\u00e8me remarquable int\u00e8gre un large \u00e9ventail de blocs de contenu pr\u00e9d\u00e9finis, rationalisant le processus de mise en \u00e9vidence de vos offres.<\/p>\n<p>L&rsquo;une des fonctionnalit\u00e9s remarquables de Hostingo est sa puissante int\u00e9gration WHMCS, qui s&rsquo;int\u00e8gre de mani\u00e8re transparente \u00e0 votre site Web et vous offre la possibilit\u00e9 de g\u00e9rer sans effort vos clients, factures et domaines directement \u00e0 partir de votre propre domaine num\u00e9rique. De plus, Hostingo a \u00e9t\u00e9 optimis\u00e9 de mani\u00e8re experte pour la vitesse, garantissant que votre site Web se charge rapidement et impeccablement sur tous les appareils, quelles que soient leurs sp\u00e9cifications ou capacit\u00e9s. De plus, ce th\u00e8me est enti\u00e8rement r\u00e9actif, garantissant que votre site Web maintiendra syst\u00e9matiquement son attrait visuel \u00e0 travers une myriade de tailles d&rsquo;\u00e9cran et de r\u00e9solutions.<\/p>\n<p>En conclusion, si vous vous trouvez \u00e0 la recherche d&rsquo;un th\u00e8me professionnel et riche en fonctionnalit\u00e9s pour votre entreprise d&rsquo;h\u00e9bergement, l&rsquo;h\u00e9bergement est sans aucun doute un choix exceptionnel. Sa gamme compl\u00e8te de fonctionnalit\u00e9s, son interface conviviale et son attention m\u00e9ticuleuse aux d\u00e9tails en font la solution ultime pour les soci\u00e9t\u00e9s d&rsquo;h\u00e9bergement exigeantes et les registraires de domaine.<\/p>\n<ul>\n<li>Design moderne et minimaliste<\/li>\n<li>Compatibilit\u00e9 avec WordPress et WHMCS<\/li>\n<li>Disposition et palette de couleurs enti\u00e8rement personnalisables<\/li>\n<li>Fonctionnalit\u00e9 d&rsquo;importation de d\u00e9monstration en un clic<\/li>\n<li>Multipliers et dispositions de page int\u00e9rieures disponibles<\/li>\n<li>Enti\u00e8rement r\u00e9actif et convivial<\/li>\n<li>SEO et vitesse optimis\u00e9e<\/li>\n<li>Panneau d&rsquo;options de th\u00e8me puissant<\/li>\n<li>Compatible avec les plugins populaires, notamment WooCommerce et Contact Form 7<\/li>\n<li>Excellent support client et documentation disponibles.<\/li>\n<\/ul>\n","protected":false},"excerpt":{"rendered":"<p>Bienvenue \u00e0 l&rsquo;introduction du th\u00e8me WordPress et WHMCS d&rsquo;h\u00e9bergement Hostingo, une solution exceptionnelle sp\u00e9cialement con\u00e7ue pour votre entreprise d&rsquo;h\u00e9bergement Web estim\u00e9e. Ce th\u00e8me a \u00e9t\u00e9 m\u00e9ticuleusement con\u00e7u pour assurer une int\u00e9gration transparente et sans faille entre votre site Web captivant et la plate-forme WHMCS largement acclam\u00e9e, garantissant la gestion sans effort de chaque aspect de votre entreprise d&rsquo;h\u00e9bergement. Soyez assur\u00e9 que le th\u00e8me de l&rsquo;h\u00e9bergement poss\u00e8de un haut niveau de personnalisation, vous permettant de le personnaliser en fonction de vos pr\u00e9f\u00e9rences et exigences uniques, tout en arborant un design sophistiqu\u00e9 et contemporain qui est garanti de laisser une impression durable sur chaque visiteur de votre site. De plus, ce th\u00e8me remarquable comprend une pl\u00e9thore de fonctionnalit\u00e9s avanc\u00e9es, y compris, mais sans s&rsquo;y limiter, la recherche et l&rsquo;enregistrement automatis\u00e9es, ainsi qu&rsquo;une incorporation conviviale de passerelles de paiement renomm\u00e9es. Ne perdez pas de temps \u00e0 propulser votre entreprise d&rsquo;h\u00e9bergement \u00e0 des hauteurs de succ\u00e8s sans pr\u00e9c\u00e9dent avec l&rsquo;h\u00e9bergement in\u00e9gal\u00e9 H\u00e9bergement WordPress et le th\u00e8me WHMCS.<\/p>\n","protected":false},"featured_media":144188,"comment_status":"open","ping_status":"open","template":"","meta":[],"product_brand":[2433],"product_cat":[1516,1212,1213],"product_tag":[1366],"class_list":{"0":"post-112851","1":"product","2":"type-product","3":"status-publish","4":"has-post-thumbnail","6":"product_brand-themeforest","7":"product_cat-entreprise","8":"product_cat-themes","9":"product_cat-wordpress-themes","10":"product_tag-themeforest","11":"member-discount","12":"discount-restricted","14":"first","15":"instock","16":"sale","17":"downloadable","18":"virtual","19":"sold-individually","20":"purchasable","21":"product-type-simple"},"_links":{"self":[{"href":"https:\/\/gpl-love.com\/fr\/wp-json\/wp\/v2\/product\/112851","targetHints":{"allow":["GET"]}}],"collection":[{"href":"https:\/\/gpl-love.com\/fr\/wp-json\/wp\/v2\/product"}],"about":[{"href":"https:\/\/gpl-love.com\/fr\/wp-json\/wp\/v2\/types\/product"}],"replies":[{"embeddable":true,"href":"https:\/\/gpl-love.com\/fr\/wp-json\/wp\/v2\/comments?post=112851"}],"wp:featuredmedia":[{"embeddable":true,"href":"https:\/\/gpl-love.com\/fr\/wp-json\/wp\/v2\/media\/144188"}],"wp:attachment":[{"href":"https:\/\/gpl-love.com\/fr\/wp-json\/wp\/v2\/media?parent=112851"}],"wp:term":[{"taxonomy":"product_brand","embeddable":true,"href":"https:\/\/gpl-love.com\/fr\/wp-json\/wp\/v2\/product_brand?post=112851"},{"taxonomy":"product_cat","embeddable":true,"href":"https:\/\/gpl-love.com\/fr\/wp-json\/wp\/v2\/product_cat?post=112851"},{"taxonomy":"product_tag","embeddable":true,"href":"https:\/\/gpl-love.com\/fr\/wp-json\/wp\/v2\/product_tag?post=112851"}],"curies":[{"name":"wp","href":"https:\/\/api.w.org\/{rel}","templated":true}]}}