{"id":112849,"date":"2021-03-18T00:00:00","date_gmt":"2021-03-17T23:00:00","guid":{"rendered":"http:\/\/gpl-love.com\/fr\/produit\/littledino-modern-kids-wordpress-theme\/"},"modified":"2026-03-20T23:22:39","modified_gmt":"2026-03-20T22:22:39","slug":"littledino-modern-kids-wordpress-theme","status":"publish","type":"product","link":"https:\/\/gpl-love.com\/fr\/produit\/littledino-modern-kids-wordpress-theme\/","title":{"rendered":"Littledino Modern Kids WordPress Theme 1.1.10"},"content":{"rendered":"<h3>Littledino Modern Kids WordPress Theme Traits<\/h3>\n<p>Le th\u00e8me WordPress pour enfants LittleDino Modern Kids, qui est un mod\u00e8le de site Web incroyablement \u00e9l\u00e9gant et convivial, a \u00e9t\u00e9 m\u00e9ticuleusement con\u00e7u sp\u00e9cifiquement pour les sites Web, les blogs et les magasins en ligne des enfants. B\u00e9n\u00e9ficiant d&rsquo;un design vibrant et ludique qui regorge de graphiques et d&rsquo;animations captivants, ce th\u00e8me est garanti pour attirer l&rsquo;attention du jeune public. Que vous soyez un parent, un \u00e9ducateur ou un entrepreneur, soyez assur\u00e9 que ce th\u00e8me offre une vaste gamme d&rsquo;options de personnalisation, vous permettant ainsi de construire sans effort une pr\u00e9sence en ligne unique et captivante. Gr\u00e2ce \u00e0 sa conception tr\u00e8s r\u00e9active, \u00e0 une interface conviviale et \u00e0 une int\u00e9gration transparente avec certains des plugins WordPress les plus populaires disponibles, il va sans dire que le th\u00e8me WordPress pour enfants moderne LittlediNo est une aubaine absolue pour tous ceux qui souhaitent \u00e9tablir une v\u00e9ritable dynamique et Plateforme en ligne \u00e9nergique pour les enfants.<\/p>\n<ul>\n<li>Un design color\u00e9 et engageant, parfait pour les sites Web et les blogs pour enfants<\/li>\n<li>Disposition r\u00e9active mobile pour une visualisation facile sur n&rsquo;importe quel appareil ou taille d&rsquo;\u00e9cran<\/li>\n<li>Une gamme d&rsquo;options de personnalisation pour les polices, les couleurs et les arri\u00e8re-plans<\/li>\n<li>Int\u00e9gration avec les r\u00e9seaux sociaux populaires pour promouvoir le contenu et s&rsquo;engager avec les visiteurs<\/li>\n<li>Prise en charge de plusieurs formats de publication, y compris la vid\u00e9o, l&rsquo;audio et les galeries<\/li>\n<li>Barre de recherche int\u00e9gr\u00e9e pour une navigation et une d\u00e9couverte de contenu facile<\/li>\n<li>Panneau d&rsquo;options de th\u00e8me avanc\u00e9 pour un contr\u00f4le complet sur les param\u00e8tres du site et le style<\/li>\n<li>Prise en charge des plugins et des widgets WordPress populaires, tels que Jetpack et WooCommerce<\/li>\n<li>Documentation compl\u00e8te et soutien pour le d\u00e9marrage et d\u00e9pannage de tout probl\u00e8me.<\/li>\n<\/ul>\n","protected":false},"excerpt":{"rendered":"<p>Le th\u00e8me WordPress des enfants moderne LittlediNo, avec son attrait \u00e9l\u00e9gant et captivant, a \u00e9t\u00e9 m\u00e9ticuleusement con\u00e7u pour r\u00e9pondre aux sites Web ciblant le public des enfants et des familles. B\u00e9n\u00e9ficiant d&rsquo;une conception vibrante et fantaisiste, ce th\u00e8me propose une disposition conviviale qui pr\u00e9sente sans effort votre contenu de mani\u00e8re visuellement s\u00e9duisante. De plus, il est \u00e9quip\u00e9 d&rsquo;une pl\u00e9thore de fonctionnalit\u00e9s et d&rsquo;options, englobant des widgets personnalisables et des shortcodes, un \u00e9ventail de mod\u00e8les de page d&rsquo;accueil divers et une s\u00e9lection illimit\u00e9e de sch\u00e9mas de couleurs. De plus, ce th\u00e8me est enti\u00e8rement r\u00e9actif et m\u00e9ticuleusement optimis\u00e9 pour une visualisation transparente sur divers appareils mobiles, garantissant une exp\u00e9rience de navigation exceptionnelle sur les \u00e9crans de toute taille. De plus, il convient de noter que ce th\u00e8me est pr\u00eat pour la traduction et soutientALLY tous les principaux navigateurs. Que ce soit un blog, une boutique en ligne ou une plate-forme multim\u00e9dia d\u00e9di\u00e9e aux enfants, le th\u00e8me WordPress des enfants moderne LittleDino est le choix par excellence, assurant la plus grande satisfaction \u00e0 r\u00e9aliser vos aspirations cr\u00e9atives.<\/p>\n","protected":false},"featured_media":144388,"comment_status":"open","ping_status":"open","template":"","meta":[],"product_brand":[2433],"product_cat":[1242,1212,1213],"product_tag":[1366],"class_list":{"0":"post-112849","1":"product","2":"type-product","3":"status-publish","4":"has-post-thumbnail","6":"product_brand-themeforest","7":"product_cat-creatif","8":"product_cat-themes","9":"product_cat-wordpress-themes","10":"product_tag-themeforest","11":"member-discount","12":"discount-restricted","14":"first","15":"instock","16":"sale","17":"downloadable","18":"virtual","19":"sold-individually","20":"purchasable","21":"product-type-simple"},"_links":{"self":[{"href":"https:\/\/gpl-love.com\/fr\/wp-json\/wp\/v2\/product\/112849","targetHints":{"allow":["GET"]}}],"collection":[{"href":"https:\/\/gpl-love.com\/fr\/wp-json\/wp\/v2\/product"}],"about":[{"href":"https:\/\/gpl-love.com\/fr\/wp-json\/wp\/v2\/types\/product"}],"replies":[{"embeddable":true,"href":"https:\/\/gpl-love.com\/fr\/wp-json\/wp\/v2\/comments?post=112849"}],"wp:featuredmedia":[{"embeddable":true,"href":"https:\/\/gpl-love.com\/fr\/wp-json\/wp\/v2\/media\/144388"}],"wp:attachment":[{"href":"https:\/\/gpl-love.com\/fr\/wp-json\/wp\/v2\/media?parent=112849"}],"wp:term":[{"taxonomy":"product_brand","embeddable":true,"href":"https:\/\/gpl-love.com\/fr\/wp-json\/wp\/v2\/product_brand?post=112849"},{"taxonomy":"product_cat","embeddable":true,"href":"https:\/\/gpl-love.com\/fr\/wp-json\/wp\/v2\/product_cat?post=112849"},{"taxonomy":"product_tag","embeddable":true,"href":"https:\/\/gpl-love.com\/fr\/wp-json\/wp\/v2\/product_tag?post=112849"}],"curies":[{"name":"wp","href":"https:\/\/api.w.org\/{rel}","templated":true}]}}