{"id":112847,"date":"2023-12-03T00:00:00","date_gmt":"2023-12-02T23:00:00","guid":{"rendered":"http:\/\/gpl-love.com\/fr\/produit\/beyond-multisite-utilities-for-wordpress-network-admins\/"},"modified":"2026-03-20T22:56:13","modified_gmt":"2026-03-20T21:56:13","slug":"beyond-multisite-utilities-for-wordpress-network-admins","status":"publish","type":"product","link":"https:\/\/gpl-love.com\/fr\/produit\/beyond-multisite-utilities-for-wordpress-network-admins\/","title":{"rendered":"Beyond Multisite Utilities pour WordPress Network Admins 1.14.1"},"content":{"rendered":"<h3>Beyond Multisite Utilities pour WordPress Network Admins Traits<\/h3>\n<p>Au-del\u00e0 des utilitaires multisites se trouve un outil WordPress exceptionnellement robuste m\u00e9ticuleusement con\u00e7u pour simplifier les subtilit\u00e9s de l&rsquo;administration du r\u00e9seau WordPress. Cet outil rel\u00e8ve habilement les d\u00e9fis \u00e0 multiples facettes rencontr\u00e9s par les administrateurs de r\u00e9seau, offrant une interface navigable sans effort et un vaste r\u00e9pertoire de fonctionnalit\u00e9s compl\u00e8tes qui rationalisent de mani\u00e8re transparente le processus ardu de gestion des installations multisites. En vertu des utilitaires au-del\u00e0 de la multisite, les administrateurs de r\u00e9seau sont autoris\u00e9s \u00e0 superviser habilement les r\u00f4les et les capacit\u00e9s des utilisateurs, les mod\u00e8les de site d&rsquo;adaptation \u00e0 leurs sp\u00e9cifications et d&rsquo;administrer de mani\u00e8re approfondie les param\u00e8tres de r\u00e9seau. De plus, cet outil poss\u00e8de une myriade de fonctionnalit\u00e9s avanc\u00e9es, englobant des capacit\u00e9s personnalis\u00e9es de CSS et d&rsquo;injection, d&rsquo;importation et d&rsquo;exportation personnalis\u00e9es, ainsi que des capacit\u00e9s sophistiqu\u00e9es de recherche et de filtrage des utilisateurs. Avec son interface remarquablement conviviale et son arsenal de fonctionnalit\u00e9s robustes, au-del\u00e0 des utilitaires multisites incarne la solution par excellence pour les administrateurs de r\u00e9seau WordPress aspirant \u00e0 optimiser leurs flux de travail et \u00e0 amplifier leur productivit\u00e9 \u00e0 des sommets sans pr\u00e9c\u00e9dent.<\/p>\n<ul>\n<li>-Povide des outils puissants pour g\u00e9rer plusieurs sites WordPress \u00e0 partir d&rsquo;un seul tableau de bord<\/li>\n<li>-Les principales pour que les modifications mondiales soient apport\u00e9es sur tous les sites du r\u00e9seau, ce qui permet d&rsquo;\u00e9conomiser du temps et des efforts<\/li>\n<li>-Enables Options de personnalisation avanc\u00e9es, y compris les extraits de code personnalis\u00e9s et les param\u00e8tres \u00e0 l&rsquo;\u00e9chelle du r\u00e9seau<\/li>\n<li>-Provisionne des rapports d\u00e9taill\u00e9s sur les performances du site et l&rsquo;\u00e9tat de s\u00e9curit\u00e9 pour une surveillance facile<\/li>\n<li>-Les lignes de ligne de maintenance du site Web en permettant des mises \u00e0 jour en vrac et des sauvegardes pour tous les sites<\/li>\n<li>-Iffers l&rsquo;interface conviviale et la navigation intuitive pour une facilit\u00e9 d&rsquo;utilisation<\/li>\n<li>-P\u00e9patible avec tous les principaux th\u00e8mes et plugins WordPress pour une int\u00e9gration transparente dans n&rsquo;importe quel flux de travail.<\/li>\n<\/ul>\n","protected":false},"excerpt":{"rendered":"<p>\u00c9levez la gestion de votre site Web WordPress avec au-del\u00e0 de la multisite. Cette suite compl\u00e8te de services publics permet aux administrateurs du r\u00e9seau de contr\u00f4ler et de rationaliser sans effort leurs r\u00e9seaux multisites. Offrir une gamme de fonctionnalit\u00e9s, au-del\u00e0 de la multisite, am\u00e9liore votre efficacit\u00e9, vous permettant de g\u00e9rer les utilisateurs, les plugins, les th\u00e8mes et les sauvegardes sur tous les sites de votre r\u00e9seau. D\u00e9couvrez les avantages du nettoyage simplifi\u00e9 des spams, de la suppression du blog et de la gestion des donn\u00e9es des utilisateurs, le tout \u00e0 partir d&rsquo;un tableau de bord pratique. Cela change la donne pour les administrateurs du r\u00e9seau WordPress, assurant des op\u00e9rations plus fluide et gagnant un temps pr\u00e9cieux. Beyond Multite fait passer votre gestion WordPress au niveau sup\u00e9rieur.<\/p>\n","protected":false},"featured_media":143236,"comment_status":"open","ping_status":"open","template":"","meta":[],"product_brand":[2435],"product_cat":[1187,1181,1186],"product_tag":[1231],"class_list":{"0":"post-112847","1":"product","2":"type-product","3":"status-publish","4":"has-post-thumbnail","6":"product_brand-codecanyon","7":"product_cat-administration-wordpress-plugins","8":"product_cat-plugins","9":"product_cat-wordpress-plugins","10":"product_tag-codecanyon","11":"member-discount","12":"discount-restricted","14":"first","15":"instock","16":"sale","17":"downloadable","18":"virtual","19":"sold-individually","20":"purchasable","21":"product-type-simple"},"_links":{"self":[{"href":"https:\/\/gpl-love.com\/fr\/wp-json\/wp\/v2\/product\/112847","targetHints":{"allow":["GET"]}}],"collection":[{"href":"https:\/\/gpl-love.com\/fr\/wp-json\/wp\/v2\/product"}],"about":[{"href":"https:\/\/gpl-love.com\/fr\/wp-json\/wp\/v2\/types\/product"}],"replies":[{"embeddable":true,"href":"https:\/\/gpl-love.com\/fr\/wp-json\/wp\/v2\/comments?post=112847"}],"wp:featuredmedia":[{"embeddable":true,"href":"https:\/\/gpl-love.com\/fr\/wp-json\/wp\/v2\/media\/143236"}],"wp:attachment":[{"href":"https:\/\/gpl-love.com\/fr\/wp-json\/wp\/v2\/media?parent=112847"}],"wp:term":[{"taxonomy":"product_brand","embeddable":true,"href":"https:\/\/gpl-love.com\/fr\/wp-json\/wp\/v2\/product_brand?post=112847"},{"taxonomy":"product_cat","embeddable":true,"href":"https:\/\/gpl-love.com\/fr\/wp-json\/wp\/v2\/product_cat?post=112847"},{"taxonomy":"product_tag","embeddable":true,"href":"https:\/\/gpl-love.com\/fr\/wp-json\/wp\/v2\/product_tag?post=112847"}],"curies":[{"name":"wp","href":"https:\/\/api.w.org\/{rel}","templated":true}]}}