{"id":112843,"date":"2024-01-13T00:00:00","date_gmt":"2024-01-12T23:00:00","guid":{"rendered":"http:\/\/gpl-love.com\/fr\/produit\/hestia-pro-multi-purpose-wordpress-theme\/"},"modified":"2026-03-20T23:19:31","modified_gmt":"2026-03-20T22:19:31","slug":"hestia-pro-multi-purpose-wordpress-theme","status":"publish","type":"product","link":"https:\/\/gpl-love.com\/fr\/produit\/hestia-pro-multi-purpose-wordpress-theme\/","title":{"rendered":"Hestia Pro Multi Purpose WordPress Theme 3.1.1"},"content":{"rendered":"<h3>Hestia Pro Multi Purpose WordPress Theme Traits<\/h3>\n<p>Le th\u00e8me WordPress Hestia Pro Multi Puting, avec sa nature polyvalente et dynamique, se pr\u00e9sente comme une solution robuste adapt\u00e9e \u00e0 une myriade de sites Web commerciaux et personnels. Sa conception contemporaine et de pointe, coupl\u00e9e \u00e0 ses options de personnalisation mall\u00e9able, en fait une s\u00e9lection de choix pour les startups, les agences, les blogueurs et les entreprises de commerce \u00e9lectronique. Assurer une exp\u00e9rience utilisateur sans couture et harmonieuse sur toutes les plateformes, la r\u00e9activit\u00e9 et l&rsquo;optimisation compl\u00e8tes du th\u00e8me pour le chargement rapide consolident davantage sa position. Autoriser les utilisateurs ayant la possibilit\u00e9 de fa\u00e7onner sans effort un site Web de qualit\u00e9 professionnelle en quelques minutes, le th\u00e8me Hestia Pro dispose de fonctionnalit\u00e9s pratiques telles que l&rsquo;importation de d\u00e9monstration en un clic, des widgets personnalisables et une interface conviviale. De plus, sa compatibilit\u00e9 avec les plugins populaires et l&rsquo;int\u00e9gration transparente avec la plate-forme WooCommerce acclam\u00e9e permette aux utilisateurs des outils n\u00e9cessaires pour \u00e9tablir facilement une boutique en ligne. En r\u00e9sum\u00e9, le th\u00e8me WordPress Hestia Pro multipliage est une option fiable et riche en fonctionnalit\u00e9s pr\u00eate \u00e0 r\u00e9pondre aux besoins de ceux qui cherchent \u00e0 \u00e9laborer un site Web visuellement frappant.<\/p>\n<ul>\n<li>Th\u00e8me WordPress polyvalent tr\u00e8s polyvalent et personnalisable<\/li>\n<li>Parfait pour les entreprises, les magasins de commerce \u00e9lectronique, les blogs, les portefeuilles et plus encore<\/li>\n<li>Plusieurs dispositions et d\u00e9mos pr\u00e9-construites au choix<\/li>\n<li>Options de personnalisation avanc\u00e9es, y compris l&rsquo;aper\u00e7u en direct et le g\u00e9n\u00e9rateur de glisser-d\u00e9poser<\/li>\n<li>Optimis\u00e9 pour les performances et la vitesse pour une exp\u00e9rience utilisateur sans couture<\/li>\n<li>Compatible avec les plugins WordPress populaires tels que WooCommerce et Contact Form 7<\/li>\n<li>Int\u00e9gration int\u00e9gr\u00e9e avec les polices Google et les plateformes de m\u00e9dias sociaux<\/li>\n<li>Mises \u00e0 jour constantes et soutien d\u00e9di\u00e9 de l&rsquo;\u00e9quipe Hestia Pro<\/li>\n<li>Conception enti\u00e8rement r\u00e9active pour une visualisation optimale sur tous les appareils<\/li>\n<li>Traduction pr\u00eate pour l&rsquo;accessibilit\u00e9 mondiale<\/li>\n<\/ul>\n","protected":false},"excerpt":{"rendered":"<p>Hestia Pro, un th\u00e8me WordPress tr\u00e8s polyvalent, est l&rsquo;incarnation de la cr\u00e9ation de sites Web, qui s&rsquo;adresse \u00e0 une multitude d&rsquo;objectifs avec la plus grande finesse. B\u00e9n\u00e9ficiant d&rsquo;un design \u00e9l\u00e9gant et contemporain, ce th\u00e8me offre une pl\u00e9thore d&rsquo;options de personnalisation qui sont mises en \u0153uvre sans effort, tout en s&rsquo;int\u00e9grant de mani\u00e8re transparente aux plugins les plus recherch\u00e9s tels que WooCommerce, Elementor et Gutenberg. De plus, sa mise en page adaptative garantit que votre site Web d\u00e9gagera de brillance sur tous les appareils qu&rsquo;elle orne. De plus, la pure excellence d&rsquo;Hestia Pro est en outre pr\u00e9sent\u00e9e par le soutien ind\u00e9fectible fourni par son \u00e9quipe d&rsquo;experts, assurant le succ\u00e8s retentissant de votre plateforme en ligne. Que vous aspiriez \u00e0 \u00e9tablir une pr\u00e9sence en ligne pour votre entreprise, un blog captivant ou un portefeuille impressionnant, assurez-vous que Hestia Pro d\u00e9passera toutes les attentes et r\u00e9pondra \u00e0 tous vos besoins.<\/p>\n","protected":false},"featured_media":144177,"comment_status":"open","ping_status":"open","template":"","meta":[],"product_brand":[2545],"product_cat":[1214,1212,1213],"product_tag":[1605],"class_list":{"0":"post-112843","1":"product","2":"type-product","3":"status-publish","4":"has-post-thumbnail","6":"product_brand-themeisle","7":"product_cat-polyvalent","8":"product_cat-themes","9":"product_cat-wordpress-themes","10":"product_tag-themeisle","11":"member-discount","12":"discount-restricted","14":"first","15":"instock","16":"sale","17":"downloadable","18":"virtual","19":"sold-individually","20":"purchasable","21":"product-type-simple"},"_links":{"self":[{"href":"https:\/\/gpl-love.com\/fr\/wp-json\/wp\/v2\/product\/112843","targetHints":{"allow":["GET"]}}],"collection":[{"href":"https:\/\/gpl-love.com\/fr\/wp-json\/wp\/v2\/product"}],"about":[{"href":"https:\/\/gpl-love.com\/fr\/wp-json\/wp\/v2\/types\/product"}],"replies":[{"embeddable":true,"href":"https:\/\/gpl-love.com\/fr\/wp-json\/wp\/v2\/comments?post=112843"}],"wp:featuredmedia":[{"embeddable":true,"href":"https:\/\/gpl-love.com\/fr\/wp-json\/wp\/v2\/media\/144177"}],"wp:attachment":[{"href":"https:\/\/gpl-love.com\/fr\/wp-json\/wp\/v2\/media?parent=112843"}],"wp:term":[{"taxonomy":"product_brand","embeddable":true,"href":"https:\/\/gpl-love.com\/fr\/wp-json\/wp\/v2\/product_brand?post=112843"},{"taxonomy":"product_cat","embeddable":true,"href":"https:\/\/gpl-love.com\/fr\/wp-json\/wp\/v2\/product_cat?post=112843"},{"taxonomy":"product_tag","embeddable":true,"href":"https:\/\/gpl-love.com\/fr\/wp-json\/wp\/v2\/product_tag?post=112843"}],"curies":[{"name":"wp","href":"https:\/\/api.w.org\/{rel}","templated":true}]}}