{"id":112841,"date":"2021-12-14T00:00:00","date_gmt":"2021-12-13T23:00:00","guid":{"rendered":"http:\/\/gpl-love.com\/fr\/produit\/konado-organic-theme-for-woocommerce-wordpress\/"},"modified":"2026-03-20T23:21:40","modified_gmt":"2026-03-20T22:21:40","slug":"konado-organic-theme-for-woocommerce-wordpress","status":"publish","type":"product","link":"https:\/\/gpl-love.com\/fr\/produit\/konado-organic-theme-for-woocommerce-wordpress\/","title":{"rendered":"Konado Organic Th\u00e8me pour WooCommerce WordPress 1.1.1"},"content":{"rendered":"<h3>Konado Organic Th\u00e8me pour WooCommerce WordPress Traits<\/h3>\n<p>Le th\u00e8me organique de Konado pour WooCommerce WordPress, \u00e9tant un th\u00e8me de commerce \u00e9lectronique haut de gamme, s&rsquo;adresse sp\u00e9cifiquement aux entreprises de nourriture et d&rsquo;agriculture biologiques, garantissant une exp\u00e9rience d&rsquo;achat en ligne in\u00e9gal\u00e9e pour les clients gr\u00e2ce \u00e0 son design professionnel et moderne. Ce th\u00e8me offre une pl\u00e9thore de fonctionnalit\u00e9s personnalisables, englobant plusieurs mises en page, pages de produits et cat\u00e9gories de produits, qui peuvent toutes \u00eatre adapt\u00e9es sans effort pour r\u00e9pondre aux besoins de votre entreprise. En outre, ce th\u00e8me int\u00e8gre de mani\u00e8re transparente un \u00e9ventail de fonctionnalit\u00e9s avanc\u00e9es de commerce \u00e9lectronique, telles que les passerelles de paiement int\u00e9gr\u00e9es et les options d&rsquo;exp\u00e9dition, ce qui en fait un choix exceptionnel pour les entreprises cherchant \u00e0 \u00e9tablir une boutique en ligne florissante. En r\u00e9sum\u00e9, le th\u00e8me organique de Konado pour WooCommerce WordPress est une quintessence de qualit\u00e9 sup\u00e9rieure et de fiabilit\u00e9 in\u00e9branlable, capable de propulser votre entreprise en ligne vers des sommets sans pr\u00e9c\u00e9dent.<\/p>\n<ul>\n<li>Th\u00e8me WOOCommerce WordPress enti\u00e8rement personnalisable<\/li>\n<li>Fabriqu\u00e9 avec des \u00e9l\u00e9ments de conception organiques de haute qualit\u00e9<\/li>\n<li>Comprend plusieurs dispositions de page d&rsquo;accueil, y compris une option de curseur \u00e0 \u00e9cran complet<\/li>\n<li>Options de filtrage des produits int\u00e9gr\u00e9s pour une navigation facile<\/li>\n<li>Int\u00e9gration avec des passerelles de paiement populaires telles que PayPal, Stripe et Authorize.net<\/li>\n<li>Conception sensible au mobile pour une exp\u00e9rience d&rsquo;achat sans couture sur tous les appareils<\/li>\n<li>Code de r\u00e9f\u00e9rencement pour l&rsquo;am\u00e9lioration du classement des moteurs de recherche<\/li>\n<li>Mises \u00e0 jour r\u00e9guli\u00e8res et soutien d\u00e9di\u00e9 aux d\u00e9veloppeurs<\/li>\n<li>Compatible avec une gamme de plugins WooCommerce pour des fonctionnalit\u00e9s suppl\u00e9mentaires<\/li>\n<li>Importation de d\u00e9monstration en un clic pour une configuration et une personnalisation faciles.<\/li>\n<\/ul>\n","protected":false},"excerpt":{"rendered":"<p>Le th\u00e8me organique de Konado pour WooCommerce WordPress est un th\u00e8me d\u00e9licieusement con\u00e7u qui r\u00e9pond aux besoins sp\u00e9cifiques des magasins d&rsquo;aliments biologiques, de beaut\u00e9 et de sant\u00e9. B\u00e9n\u00e9ficiant de l&rsquo;utilisation des technologies HTML5 et CSS3 de pointe, ce th\u00e8me garantit une apparence esth\u00e9tiquement agr\u00e9able sur tous les appareils, garantissant une exp\u00e9rience utilisateur transparente. De plus, ce th\u00e8me offre une vaste gamme de possibilit\u00e9s de personnalisation, englobant une myriade de dispositions de page d&rsquo;accueil, une typographie visuellement \u00e9poustouflante et des widgets sur mesure. En embrassant le th\u00e8me organique de Konado, en pr\u00e9sentant sans effort votre gamme de produits, en interagissant activement avec votre client\u00e8le et en favorisant l&rsquo;expansion de votre entreprise organique en ligne.<\/p>\n","protected":false},"featured_media":144321,"comment_status":"open","ping_status":"open","template":"","meta":[],"product_brand":[2433],"product_cat":[1242,1212,1213],"product_tag":[1366],"class_list":{"0":"post-112841","1":"product","2":"type-product","3":"status-publish","4":"has-post-thumbnail","6":"product_brand-themeforest","7":"product_cat-creatif","8":"product_cat-themes","9":"product_cat-wordpress-themes","10":"product_tag-themeforest","11":"member-discount","12":"discount-restricted","14":"first","15":"instock","16":"sale","17":"downloadable","18":"virtual","19":"sold-individually","20":"purchasable","21":"product-type-simple"},"_links":{"self":[{"href":"https:\/\/gpl-love.com\/fr\/wp-json\/wp\/v2\/product\/112841","targetHints":{"allow":["GET"]}}],"collection":[{"href":"https:\/\/gpl-love.com\/fr\/wp-json\/wp\/v2\/product"}],"about":[{"href":"https:\/\/gpl-love.com\/fr\/wp-json\/wp\/v2\/types\/product"}],"replies":[{"embeddable":true,"href":"https:\/\/gpl-love.com\/fr\/wp-json\/wp\/v2\/comments?post=112841"}],"wp:featuredmedia":[{"embeddable":true,"href":"https:\/\/gpl-love.com\/fr\/wp-json\/wp\/v2\/media\/144321"}],"wp:attachment":[{"href":"https:\/\/gpl-love.com\/fr\/wp-json\/wp\/v2\/media?parent=112841"}],"wp:term":[{"taxonomy":"product_brand","embeddable":true,"href":"https:\/\/gpl-love.com\/fr\/wp-json\/wp\/v2\/product_brand?post=112841"},{"taxonomy":"product_cat","embeddable":true,"href":"https:\/\/gpl-love.com\/fr\/wp-json\/wp\/v2\/product_cat?post=112841"},{"taxonomy":"product_tag","embeddable":true,"href":"https:\/\/gpl-love.com\/fr\/wp-json\/wp\/v2\/product_tag?post=112841"}],"curies":[{"name":"wp","href":"https:\/\/api.w.org\/{rel}","templated":true}]}}