{"id":112839,"date":"2022-04-15T00:00:00","date_gmt":"2022-04-14T22:00:00","guid":{"rendered":"http:\/\/gpl-love.com\/fr\/produit\/alchemists-sports-esports-and-gaming-club-and-news-wordpress-theme\/"},"modified":"2026-03-20T22:54:14","modified_gmt":"2026-03-20T21:54:14","slug":"alchemists-sports-esports-and-gaming-club-and-news-wordpress-theme","status":"publish","type":"product","link":"https:\/\/gpl-love.com\/fr\/produit\/alchemists-sports-esports-and-gaming-club-and-news-wordpress-theme\/","title":{"rendered":"Alchemists Sports eSports et Gaming Club et News WordPress Theme 4.4.15"},"content":{"rendered":"<h3>Alchemists Sports eSports et Gaming Club et News WordPress Theme Traits<\/h3>\n<p>Les Alchemists Sports Esports and Gaming Club et News WordPress Th\u00e8me se pr\u00e9sente comme la solution ultime pour les personnes qui souhaitent fa\u00e7onner un site Web \u00e0 la fois sophistiqu\u00e9 et captivant pour leur club de jeu ou leur site d&rsquo;information. B\u00e9n\u00e9ficiant d&rsquo;un design \u00e9l\u00e9gant et contemporain, ce th\u00e8me conf\u00e8re une pl\u00e9thore d&rsquo;options de personnalisation pour r\u00e9pondre \u00e0 vos exigences sp\u00e9cifiques, englobant une multitude de dispositions de page d&rsquo;accueil, des types de postes personnalis\u00e9s et un \u00e9ventail illimit\u00e9 de sch\u00e9mas de couleurs. Que votre objectif soit de montrer vos \u00e9v\u00e9nements de jeu les plus r\u00e9cents ou de diffuser les derni\u00e8res nouvelles concernant le domaine de l&rsquo;eSport, ce th\u00e8me englobe tous les \u00e9l\u00e9ments n\u00e9cessaires pour fabriquer un site Web impressionnant et efficace. Par cons\u00e9quent, il n&rsquo;est pas n\u00e9cessaire de retarder davantage. Commencez votre voyage aujourd&rsquo;hui et propulsez votre club de jeu ou votre site d&rsquo;information vers des hauteurs sans pr\u00e9c\u00e9dent avec les Alchemists Sports Esports and Gaming Club et News WordPress.<\/p>\n<ul>\n<li>Un th\u00e8me unique et moderne con\u00e7u sp\u00e9cifiquement pour les eSports sportifs et les clubs de jeux<\/li>\n<li>Enti\u00e8rement personnalisable avec des fonctionnalit\u00e9s et des options faciles \u00e0 utiliser<\/li>\n<li>Plusieurs mises en page de page d&rsquo;accueil et de pages int\u00e9rieures au choix<\/li>\n<li>Compatible avec des plugins populaires comme WooCommerce, BBPress et BuddYPress<\/li>\n<li>Actualit\u00e9s int\u00e9gr\u00e9es et section blog pour garder votre public au courant des derniers dans le monde du jeu<\/li>\n<li>Am\u00e9lior\u00e9 avec des effets d&rsquo;animation et de transition pour une exp\u00e9rience visuellement attrayante<\/li>\n<li>Widgets pr\u00eats \u00e0 l&#8217;emploi, shortcodes et mod\u00e8les de page pour une cr\u00e9ation de contenu efficace<\/li>\n<li>Conception r\u00e9active et adapt\u00e9e aux mobiles pour une exp\u00e9rience utilisateur sans couture sur tous les appareils<\/li>\n<li>Pr\u00eat pour la traduction et prend en charge les langues RTL pour la port\u00e9e mondiale<\/li>\n<li>Mises \u00e0 jour r\u00e9guli\u00e8res et support client pour assurer des performances optimales et une satisfaction des utilisateurs.<\/li>\n<\/ul>\n","protected":false},"excerpt":{"rendered":"<p>D\u00e9couvrez le frisson du jeu avec les alchimistes Sports Esports and Gaming Club, un th\u00e8me WordPress d\u00e9di\u00e9 con\u00e7u sp\u00e9cifiquement pour les joueurs et les amateurs d&rsquo;eSports. Ce th\u00e8me est livr\u00e9 avec des fonctionnalit\u00e9s qui r\u00e9pondent \u00e0 tous vos besoins de jeu. Facile \u00e0 naviguer, Alchemists Sports Esports and Gaming Club propose une plate-forme unique pour pr\u00e9senter vos prouesses de jeu, avec une section d\u00e9di\u00e9e pour les profils d&rsquo;\u00e9quipe et les statistiques de jeu. Ce n&rsquo;est pas seulement un th\u00e8me, mais une plaque tournante pour tout le jeu; Restez \u00e0 jour avec les derni\u00e8res nouvelles du monde du jeu avec notre section de nouvelles de jeu int\u00e9gr\u00e9e. Avec sa conception \u00e9l\u00e9gante et son interface conviviale, ce th\u00e8me WordPress am\u00e9liorera s\u00fbrement votre exp\u00e9rience de jeu. Alors pourquoi attendre? Intensifiez votre jeu de jeu avec les alchimistes Sports Esports et le th\u00e8me WordPress du club de jeu.<\/p>\n","protected":false},"featured_media":143104,"comment_status":"open","ping_status":"open","template":"","meta":[],"product_brand":[2433],"product_cat":[1242,1212,1213],"product_tag":[1366],"class_list":{"0":"post-112839","1":"product","2":"type-product","3":"status-publish","4":"has-post-thumbnail","6":"product_brand-themeforest","7":"product_cat-creatif","8":"product_cat-themes","9":"product_cat-wordpress-themes","10":"product_tag-themeforest","11":"member-discount","12":"discount-restricted","14":"first","15":"instock","16":"sale","17":"downloadable","18":"virtual","19":"sold-individually","20":"purchasable","21":"product-type-simple"},"_links":{"self":[{"href":"https:\/\/gpl-love.com\/fr\/wp-json\/wp\/v2\/product\/112839","targetHints":{"allow":["GET"]}}],"collection":[{"href":"https:\/\/gpl-love.com\/fr\/wp-json\/wp\/v2\/product"}],"about":[{"href":"https:\/\/gpl-love.com\/fr\/wp-json\/wp\/v2\/types\/product"}],"replies":[{"embeddable":true,"href":"https:\/\/gpl-love.com\/fr\/wp-json\/wp\/v2\/comments?post=112839"}],"wp:featuredmedia":[{"embeddable":true,"href":"https:\/\/gpl-love.com\/fr\/wp-json\/wp\/v2\/media\/143104"}],"wp:attachment":[{"href":"https:\/\/gpl-love.com\/fr\/wp-json\/wp\/v2\/media?parent=112839"}],"wp:term":[{"taxonomy":"product_brand","embeddable":true,"href":"https:\/\/gpl-love.com\/fr\/wp-json\/wp\/v2\/product_brand?post=112839"},{"taxonomy":"product_cat","embeddable":true,"href":"https:\/\/gpl-love.com\/fr\/wp-json\/wp\/v2\/product_cat?post=112839"},{"taxonomy":"product_tag","embeddable":true,"href":"https:\/\/gpl-love.com\/fr\/wp-json\/wp\/v2\/product_tag?post=112839"}],"curies":[{"name":"wp","href":"https:\/\/api.w.org\/{rel}","templated":true}]}}